{"id":4757,"date":"2025-04-30T20:31:21","date_gmt":"2025-04-30T20:31:21","guid":{"rendered":"https:\/\/www.cleanetic.tech\/offer\/smoke-trolley-washers\/"},"modified":"2025-12-09T08:40:33","modified_gmt":"2025-12-09T08:40:33","slug":"smoke-trolley-washers","status":"publish","type":"page","link":"https:\/\/www.cleanetic.tech\/en\/offer\/smoke-trolley-washers\/","title":{"rendered":"Smoke Trolley Washers"},"content":{"rendered":"\t\t<div data-elementor-type=\"wp-page\" data-elementor-id=\"4757\" class=\"elementor elementor-4757 elementor-581\" data-elementor-settings=\"{&quot;element_pack_global_tooltip_width&quot;:{&quot;unit&quot;:&quot;px&quot;,&quot;size&quot;:&quot;&quot;,&quot;sizes&quot;:[]},&quot;element_pack_global_tooltip_width_tablet&quot;:{&quot;unit&quot;:&quot;px&quot;,&quot;size&quot;:&quot;&quot;,&quot;sizes&quot;:[]},&quot;element_pack_global_tooltip_width_mobile&quot;:{&quot;unit&quot;:&quot;px&quot;,&quot;size&quot;:&quot;&quot;,&quot;sizes&quot;:[]},&quot;element_pack_global_tooltip_padding&quot;:{&quot;unit&quot;:&quot;px&quot;,&quot;top&quot;:&quot;&quot;,&quot;right&quot;:&quot;&quot;,&quot;bottom&quot;:&quot;&quot;,&quot;left&quot;:&quot;&quot;,&quot;isLinked&quot;:true},&quot;element_pack_global_tooltip_padding_tablet&quot;:{&quot;unit&quot;:&quot;px&quot;,&quot;top&quot;:&quot;&quot;,&quot;right&quot;:&quot;&quot;,&quot;bottom&quot;:&quot;&quot;,&quot;left&quot;:&quot;&quot;,&quot;isLinked&quot;:true},&quot;element_pack_global_tooltip_padding_mobile&quot;:{&quot;unit&quot;:&quot;px&quot;,&quot;top&quot;:&quot;&quot;,&quot;right&quot;:&quot;&quot;,&quot;bottom&quot;:&quot;&quot;,&quot;left&quot;:&quot;&quot;,&quot;isLinked&quot;:true},&quot;element_pack_global_tooltip_border_radius&quot;:{&quot;unit&quot;:&quot;px&quot;,&quot;top&quot;:&quot;&quot;,&quot;right&quot;:&quot;&quot;,&quot;bottom&quot;:&quot;&quot;,&quot;left&quot;:&quot;&quot;,&quot;isLinked&quot;:true},&quot;element_pack_global_tooltip_border_radius_tablet&quot;:{&quot;unit&quot;:&quot;px&quot;,&quot;top&quot;:&quot;&quot;,&quot;right&quot;:&quot;&quot;,&quot;bottom&quot;:&quot;&quot;,&quot;left&quot;:&quot;&quot;,&quot;isLinked&quot;:true},&quot;element_pack_global_tooltip_border_radius_mobile&quot;:{&quot;unit&quot;:&quot;px&quot;,&quot;top&quot;:&quot;&quot;,&quot;right&quot;:&quot;&quot;,&quot;bottom&quot;:&quot;&quot;,&quot;left&quot;:&quot;&quot;,&quot;isLinked&quot;:true}}\" data-elementor-post-type=\"page\">\n\t\t\t\t<div class=\"elementor-element elementor-element-466bf2a2 e-flex e-con-boxed e-con e-parent\" data-id=\"466bf2a2\" data-element_type=\"container\" data-e-type=\"container\">\n\t\t\t\t\t<div class=\"e-con-inner\">\n\t\t\t\t<div class=\"elementor-element elementor-element-2f141249 elementor-cta--skin-cover elementor-widget elementor-widget-call-to-action\" data-id=\"2f141249\" data-element_type=\"widget\" data-e-type=\"widget\" data-widget_type=\"call-to-action.default\">\n\t\t\t\t<div class=\"elementor-widget-container\">\n\t\t\t\t\t\t\t<div class=\"elementor-cta\">\n\t\t\t\t\t<div class=\"elementor-cta__bg-wrapper\">\n\t\t\t\t<div class=\"elementor-cta__bg elementor-bg\" style=\"background-image: url();\" role=\"img\" aria-label=\"\"><\/div>\n\t\t\t\t<div class=\"elementor-cta__bg-overlay\"><\/div>\n\t\t\t<\/div>\n\t\t\t\t\t\t\t<div class=\"elementor-cta__content\">\n\t\t\t\t\n\t\t\t\t\t\t\t\t\t<h3 class=\"elementor-cta__title elementor-cta__content-item elementor-content-item\">\n\t\t\t\t\t\tSmoke Trolley Washers\t\t\t\t\t<\/h3>\n\t\t\t\t\n\t\t\t\t\n\t\t\t\t\t\t\t<\/div>\n\t\t\t\t\t\t<\/div>\n\t\t\t\t\t\t<\/div>\n\t\t\t\t<\/div>\n\t\t\t\t\t<\/div>\n\t\t\t\t<\/div>\n\t\t<div class=\"elementor-element elementor-element-6ae114d8 elementor-hidden-tablet elementor-hidden-mobile e-flex e-con-boxed e-con e-parent\" data-id=\"6ae114d8\" data-element_type=\"container\" data-e-type=\"container\">\n\t\t\t\t\t<div class=\"e-con-inner\">\n\t\t\t\t<div class=\"elementor-element elementor-element-1b4c0ec5 MenuGrupaProduktow elementor-widget elementor-widget-bdt-navbar\" data-id=\"1b4c0ec5\" data-element_type=\"widget\" data-e-type=\"widget\" id=\"MenuGrupaProduktow\" data-widget_type=\"bdt-navbar.default\">\n\t\t\t\t<div class=\"elementor-widget-container\">\n\t\t\t\t\t\t\t<div class=\"bdt-navbar-wrapper\">\n\t\t\t<nav class=\"bdt-navbar-container bdt-navbar bdt-navbar-transparent\" data-bdt-navbar=\"{&quot;align&quot;:&quot;left&quot;}\" id=\"bdt-navbar-1b4c0ec5\">\n\t\t\t\t<ul class=\"bdt-navbar-nav \"><li style=\"\" data-id=\"4780\"><a href=\"https:\/\/www.cleanetic.tech\/en\/offer\/container-washers\/\">Container washers<\/a><\/li><li style=\"\" data-id=\"4781\"><a href=\"https:\/\/www.cleanetic.tech\/en\/offer\/europallet-washers\/\">Euro Pallet Washers<\/a><\/li><li style=\"\" data-id=\"4782\"><a href=\"https:\/\/www.cleanetic.tech\/en\/offer\/pallet-box-washers\/\">Pallet Box Washers<\/a><\/li><li style=\"\" data-id=\"4783\"><a href=\"https:\/\/www.cleanetic.tech\/en\/offer\/stuffing-trolley-washers\/\">Stuffing Trolley Washers<\/a><\/li><li style=\"\" data-id=\"4784\"><a href=\"https:\/\/www.cleanetic.tech\/en\/offer\/smoke-trolley-washers\/\">Smoke Trolley Washers<\/a><\/li><li style=\"\" data-id=\"4785\"><a href=\"https:\/\/www.cleanetic.tech\/en\/offer\/smoke-stick-washers\/\">Smoke Stick Washers<\/a><\/li><li style=\"\" data-id=\"4786\"><a href=\"https:\/\/www.cleanetic.tech\/en\/offer\/label-removal-systems\/\">Label Removal Systems<\/a><\/li><li style=\"\" data-id=\"4787\"><a href=\"https:\/\/www.cleanetic.tech\/en\/offer\/automatic-container-loading-and-unloading-systems\/\">Automatic Container Loading and Unloading Systems<\/a><\/li><li style=\"\" data-id=\"4788\"><a href=\"https:\/\/www.cleanetic.tech\/en\/offer\/other-equipment\/\">Other Equipment<\/a><\/li><\/ul>\t\t\t<\/nav>\n\t\t<\/div>\n\t\t\t\t\t\t<\/div>\n\t\t\t\t<\/div>\n\t\t\t\t\t<\/div>\n\t\t\t\t<\/div>\n\t\t<div class=\"elementor-element elementor-element-72fefe9b BlokProduktowStyl e-flex e-con-boxed e-con e-parent\" data-id=\"72fefe9b\" data-element_type=\"container\" data-e-type=\"container\" id=\"BlokProduktowStyl\">\n\t\t\t\t\t<div class=\"e-con-inner\">\n\t\t\t\t<div class=\"elementor-element elementor-element-7af3c314 elementor-widget elementor-widget-bdt-post-grid\" data-id=\"7af3c314\" data-element_type=\"widget\" data-e-type=\"widget\" data-settings=\"{&quot;columns&quot;:&quot;3&quot;,&quot;columns_tablet&quot;:&quot;2&quot;,&quot;columns_mobile&quot;:&quot;1&quot;}\" data-widget_type=\"bdt-post-grid.bdt-carmie\">\n\t\t\t\t<div class=\"elementor-widget-container\">\n\t\t\t\t\t \n\t\t<div id=\"bdt-post-grid-7af3c314\" class=\"bdt-post-grid bdt-post-grid-skin-carmie\">\n\t  \t\t<div class=\"bdt-grid bdt-grid-custom\" data-bdt-grid>\n\n\t\t\t\t\t\t\t\t\t\n\t\t            <div class=\"bdt-width-1-1 bdt-width-1-2@s bdt-width-1-3@m\">\n\t\t\t\t\t\t<div class=\"bdt-post-grid-item bdt-transition-toggle bdt-position-relative\">\n\t\t\t\t\t\t\t\t\n\t\t\t\t\t\t\t<div class=\"bdt-post-grid-img-wrap bdt-overflow-hidden\">\n\t\t\t\t<a href=\"https:\/\/www.cleanetic.tech\/en\/offer\/smoke-trolley-washers\/smoke-trolley-washer-mst-1\/\" class=\"bdt-transition-scale-up bdt-background-cover bdt-transition-opaque bdt-flex\" title=\"Smoke Trolley Washer MST-1\" style=\"background-image: url(https:\/\/www.cleanetic.tech\/wp-content\/uploads\/2025\/05\/Myjka-wozkow-wedzarniczych-MST-1.png)\">\n  \t\t\t\t<\/a>\n\t\t\t<\/div>\n\t\t\t\t\t\t\t<div class=\"bdt-custom-overlay bdt-position-cover\"><\/div>\n\t\t\t\t\t  \t\t\n\t\t\t\t\t  \t\t<div class=\"bdt-post-grid-desc bdt-position-bottom-left\">\n\t\t\t\t\t\t  \t\t<div class=\"bdt-position-medium \">\n\t\t\t\t\t            \t\n\t\t\t\t\t\t\t\t\t<h2 class=\"bdt-post-grid-title\">\n\t\t\t\t<a href=\"https:\/\/www.cleanetic.tech\/en\/offer\/smoke-trolley-washers\/smoke-trolley-washer-mst-1\/\" class=\"bdt-post-grid-link\" title=\"Smoke Trolley Washer MST-1\">\n\t\t\t\t\tSmoke Trolley Washer MST-1\n\t\t\t\t<\/a>\n\t\t\t<\/h2>\n\t\t\t\t\t\t\t  \t\t<div class=\"bdt-transition-slide-bottom\">\n\t\t\t\t\t\t\t\t\t\t\t\t\t\t\t\t\t\t\t<\/div>\n\t\t\t\t\t\t\t\t<\/div>\n\t\t\t\t\t\t\t<\/div>\n\n\t\t\t\t\t\t\t\n\t\t\t\t\t\t<\/div>\n\t\t            <\/div>\n\n\t\t\t\t\t\t\t<\/div>\n\t\t<\/div>\n\t\n \t\t\t\t\t\t<\/div>\n\t\t\t\t<\/div>\n\t\t\t\t\t<\/div>\n\t\t\t\t<\/div>\n\t\t\t\t<\/div>\n\t\t","protected":false},"excerpt":{"rendered":"<p>Smoke Trolley Washers Container washers Euro Pallet Washers Pallet Box Washers Stuffing Trolley Washers Smoke Trolley Washers Smoke Stick Washers Label Removal Systems Automatic Container Loading and Unloading Systems Other Equipment Smoke Trolley Washer MST-1<\/p>\n","protected":false},"author":1,"featured_media":0,"parent":4745,"menu_order":40,"comment_status":"closed","ping_status":"closed","template":"","meta":{"footnotes":""},"class_list":["post-4757","page","type-page","status-publish","hentry"],"yoast_head":"<!-- This site is optimized with the Yoast SEO Premium plugin v27.5 (Yoast SEO v27.5) - https:\/\/yoast.com\/product\/yoast-seo-premium-wordpress\/ -->\n<title>Smoke Trolley Washers - Cleanetic<\/title>\n<meta name=\"description\" content=\"We invite you to explore the Cleanetic offer of smoke trolley washers \u2013 MST-1 smoke trolley washer. Contact us through our website.\" \/>\n<meta name=\"robots\" content=\"index, follow, max-snippet:-1, max-image-preview:large, max-video-preview:-1\" \/>\n<link rel=\"canonical\" href=\"https:\/\/www.cleanetic.tech\/en\/offer\/smoke-trolley-washers\/\" \/>\n<meta property=\"og:locale\" content=\"en_US\" \/>\n<meta property=\"og:type\" content=\"article\" \/>\n<meta property=\"og:title\" content=\"Smoke Trolley Washers\" \/>\n<meta property=\"og:description\" content=\"We invite you to explore the Cleanetic offer of smoke trolley washers \u2013 MST-1 smoke trolley washer. Contact us through our website.\" \/>\n<meta property=\"og:url\" content=\"https:\/\/www.cleanetic.tech\/en\/offer\/smoke-trolley-washers\/\" \/>\n<meta property=\"og:site_name\" content=\"Cleanetic\" \/>\n<meta property=\"article:modified_time\" content=\"2025-12-09T08:40:33+00:00\" \/>\n<meta name=\"twitter:card\" content=\"summary_large_image\" \/>\n<meta name=\"twitter:label1\" content=\"Est. reading time\" \/>\n\t<meta name=\"twitter:data1\" content=\"1 minute\" \/>\n<script type=\"application\/ld+json\" class=\"yoast-schema-graph\">{\"@context\":\"https:\\\/\\\/schema.org\",\"@graph\":[{\"@type\":\"WebPage\",\"@id\":\"https:\\\/\\\/www.cleanetic.tech\\\/en\\\/offer\\\/smoke-trolley-washers\\\/\",\"url\":\"https:\\\/\\\/www.cleanetic.tech\\\/en\\\/offer\\\/smoke-trolley-washers\\\/\",\"name\":\"Smoke Trolley Washers - Cleanetic\",\"isPartOf\":{\"@id\":\"https:\\\/\\\/www.cleanetic.tech\\\/#website\"},\"datePublished\":\"2025-04-30T20:31:21+00:00\",\"dateModified\":\"2025-12-09T08:40:33+00:00\",\"description\":\"We invite you to explore the Cleanetic offer of smoke trolley washers \u2013 MST-1 smoke trolley washer. Contact us through our website.\",\"breadcrumb\":{\"@id\":\"https:\\\/\\\/www.cleanetic.tech\\\/en\\\/offer\\\/smoke-trolley-washers\\\/#breadcrumb\"},\"inLanguage\":\"en-US\",\"potentialAction\":[{\"@type\":\"ReadAction\",\"target\":[\"https:\\\/\\\/www.cleanetic.tech\\\/en\\\/offer\\\/smoke-trolley-washers\\\/\"]}]},{\"@type\":\"BreadcrumbList\",\"@id\":\"https:\\\/\\\/www.cleanetic.tech\\\/en\\\/offer\\\/smoke-trolley-washers\\\/#breadcrumb\",\"itemListElement\":[{\"@type\":\"ListItem\",\"position\":1,\"name\":\"Strona g\u0142\u00f3wna\",\"item\":\"https:\\\/\\\/www.cleanetic.tech\\\/en\\\/\"},{\"@type\":\"ListItem\",\"position\":2,\"name\":\"Offer\",\"item\":\"https:\\\/\\\/www.cleanetic.tech\\\/en\\\/offer\\\/\"},{\"@type\":\"ListItem\",\"position\":3,\"name\":\"Smoke Trolley Washers\"}]},{\"@type\":\"WebSite\",\"@id\":\"https:\\\/\\\/www.cleanetic.tech\\\/#website\",\"url\":\"https:\\\/\\\/www.cleanetic.tech\\\/\",\"name\":\"Cleanetic\",\"description\":\"Marka maszyn myj\u0105cych nale\u017c\u0105ca do grupy NOWICKI. Seria przemys\u0142owych system&oacute;w myj\u0105cych jest produkowana w nowoczesnym zak\u0142adzie produkcyjnym w Tomaszowie Mazowieckim.\",\"publisher\":{\"@id\":\"https:\\\/\\\/www.cleanetic.tech\\\/#organization\"},\"potentialAction\":[{\"@type\":\"SearchAction\",\"target\":{\"@type\":\"EntryPoint\",\"urlTemplate\":\"https:\\\/\\\/www.cleanetic.tech\\\/?s={search_term_string}\"},\"query-input\":{\"@type\":\"PropertyValueSpecification\",\"valueRequired\":true,\"valueName\":\"search_term_string\"}}],\"inLanguage\":\"en-US\"},{\"@type\":\"Organization\",\"@id\":\"https:\\\/\\\/www.cleanetic.tech\\\/#organization\",\"name\":\"Cleanetic\",\"url\":\"https:\\\/\\\/www.cleanetic.tech\\\/\",\"logo\":{\"@type\":\"ImageObject\",\"inLanguage\":\"en-US\",\"@id\":\"https:\\\/\\\/www.cleanetic.tech\\\/#\\\/schema\\\/logo\\\/image\\\/\",\"url\":\"https:\\\/\\\/www.cleanetic.tech\\\/wp-content\\\/uploads\\\/2025\\\/04\\\/cleanetic-logo.webp\",\"contentUrl\":\"https:\\\/\\\/www.cleanetic.tech\\\/wp-content\\\/uploads\\\/2025\\\/04\\\/cleanetic-logo.webp\",\"width\":973,\"height\":272,\"caption\":\"Cleanetic\"},\"image\":{\"@id\":\"https:\\\/\\\/www.cleanetic.tech\\\/#\\\/schema\\\/logo\\\/image\\\/\"}}]}<\/script>\n<!-- \/ Yoast SEO Premium plugin. -->","yoast_head_json":{"title":"Smoke Trolley Washers - Cleanetic","description":"We invite you to explore the Cleanetic offer of smoke trolley washers \u2013 MST-1 smoke trolley washer. Contact us through our website.","robots":{"index":"index","follow":"follow","max-snippet":"max-snippet:-1","max-image-preview":"max-image-preview:large","max-video-preview":"max-video-preview:-1"},"canonical":"https:\/\/www.cleanetic.tech\/en\/offer\/smoke-trolley-washers\/","og_locale":"en_US","og_type":"article","og_title":"Smoke Trolley Washers","og_description":"We invite you to explore the Cleanetic offer of smoke trolley washers \u2013 MST-1 smoke trolley washer. Contact us through our website.","og_url":"https:\/\/www.cleanetic.tech\/en\/offer\/smoke-trolley-washers\/","og_site_name":"Cleanetic","article_modified_time":"2025-12-09T08:40:33+00:00","twitter_card":"summary_large_image","twitter_misc":{"Est. reading time":"1 minute"},"schema":{"@context":"https:\/\/schema.org","@graph":[{"@type":"WebPage","@id":"https:\/\/www.cleanetic.tech\/en\/offer\/smoke-trolley-washers\/","url":"https:\/\/www.cleanetic.tech\/en\/offer\/smoke-trolley-washers\/","name":"Smoke Trolley Washers - Cleanetic","isPartOf":{"@id":"https:\/\/www.cleanetic.tech\/#website"},"datePublished":"2025-04-30T20:31:21+00:00","dateModified":"2025-12-09T08:40:33+00:00","description":"We invite you to explore the Cleanetic offer of smoke trolley washers \u2013 MST-1 smoke trolley washer. Contact us through our website.","breadcrumb":{"@id":"https:\/\/www.cleanetic.tech\/en\/offer\/smoke-trolley-washers\/#breadcrumb"},"inLanguage":"en-US","potentialAction":[{"@type":"ReadAction","target":["https:\/\/www.cleanetic.tech\/en\/offer\/smoke-trolley-washers\/"]}]},{"@type":"BreadcrumbList","@id":"https:\/\/www.cleanetic.tech\/en\/offer\/smoke-trolley-washers\/#breadcrumb","itemListElement":[{"@type":"ListItem","position":1,"name":"Strona g\u0142\u00f3wna","item":"https:\/\/www.cleanetic.tech\/en\/"},{"@type":"ListItem","position":2,"name":"Offer","item":"https:\/\/www.cleanetic.tech\/en\/offer\/"},{"@type":"ListItem","position":3,"name":"Smoke Trolley Washers"}]},{"@type":"WebSite","@id":"https:\/\/www.cleanetic.tech\/#website","url":"https:\/\/www.cleanetic.tech\/","name":"Cleanetic","description":"Marka maszyn myj\u0105cych nale\u017c\u0105ca do grupy NOWICKI. Seria przemys\u0142owych system&oacute;w myj\u0105cych jest produkowana w nowoczesnym zak\u0142adzie produkcyjnym w Tomaszowie Mazowieckim.","publisher":{"@id":"https:\/\/www.cleanetic.tech\/#organization"},"potentialAction":[{"@type":"SearchAction","target":{"@type":"EntryPoint","urlTemplate":"https:\/\/www.cleanetic.tech\/?s={search_term_string}"},"query-input":{"@type":"PropertyValueSpecification","valueRequired":true,"valueName":"search_term_string"}}],"inLanguage":"en-US"},{"@type":"Organization","@id":"https:\/\/www.cleanetic.tech\/#organization","name":"Cleanetic","url":"https:\/\/www.cleanetic.tech\/","logo":{"@type":"ImageObject","inLanguage":"en-US","@id":"https:\/\/www.cleanetic.tech\/#\/schema\/logo\/image\/","url":"https:\/\/www.cleanetic.tech\/wp-content\/uploads\/2025\/04\/cleanetic-logo.webp","contentUrl":"https:\/\/www.cleanetic.tech\/wp-content\/uploads\/2025\/04\/cleanetic-logo.webp","width":973,"height":272,"caption":"Cleanetic"},"image":{"@id":"https:\/\/www.cleanetic.tech\/#\/schema\/logo\/image\/"}}]}},"_links":{"self":[{"href":"https:\/\/www.cleanetic.tech\/en\/wp-json\/wp\/v2\/pages\/4757","targetHints":{"allow":["GET"]}}],"collection":[{"href":"https:\/\/www.cleanetic.tech\/en\/wp-json\/wp\/v2\/pages"}],"about":[{"href":"https:\/\/www.cleanetic.tech\/en\/wp-json\/wp\/v2\/types\/page"}],"author":[{"embeddable":true,"href":"https:\/\/www.cleanetic.tech\/en\/wp-json\/wp\/v2\/users\/1"}],"replies":[{"embeddable":true,"href":"https:\/\/www.cleanetic.tech\/en\/wp-json\/wp\/v2\/comments?post=4757"}],"version-history":[{"count":7,"href":"https:\/\/www.cleanetic.tech\/en\/wp-json\/wp\/v2\/pages\/4757\/revisions"}],"predecessor-version":[{"id":6591,"href":"https:\/\/www.cleanetic.tech\/en\/wp-json\/wp\/v2\/pages\/4757\/revisions\/6591"}],"up":[{"embeddable":true,"href":"https:\/\/www.cleanetic.tech\/en\/wp-json\/wp\/v2\/pages\/4745"}],"wp:attachment":[{"href":"https:\/\/www.cleanetic.tech\/en\/wp-json\/wp\/v2\/media?parent=4757"}],"curies":[{"name":"wp","href":"https:\/\/api.w.org\/{rel}","templated":true}]}}