{"id":4724,"date":"2025-05-02T08:00:12","date_gmt":"2025-05-02T08:00:12","guid":{"rendered":"https:\/\/www.cleanetic.tech\/mwf-1-stuffing-trolley-washer\/"},"modified":"2025-12-09T08:25:19","modified_gmt":"2025-12-09T08:25:19","slug":"mwf-1-stuffing-trolley-washer","status":"publish","type":"page","link":"https:\/\/www.cleanetic.tech\/en\/offer\/stuffing-trolley-washers\/mwf-1-stuffing-trolley-washer\/","title":{"rendered":"MWF-1 Stuffing Trolley Washer"},"content":{"rendered":"\t\t<div data-elementor-type=\"wp-page\" data-elementor-id=\"4724\" class=\"elementor elementor-4724 elementor-1958\" data-elementor-settings=\"{&quot;element_pack_global_tooltip_width&quot;:{&quot;unit&quot;:&quot;px&quot;,&quot;size&quot;:&quot;&quot;,&quot;sizes&quot;:[]},&quot;element_pack_global_tooltip_width_tablet&quot;:{&quot;unit&quot;:&quot;px&quot;,&quot;size&quot;:&quot;&quot;,&quot;sizes&quot;:[]},&quot;element_pack_global_tooltip_width_mobile&quot;:{&quot;unit&quot;:&quot;px&quot;,&quot;size&quot;:&quot;&quot;,&quot;sizes&quot;:[]},&quot;element_pack_global_tooltip_padding&quot;:{&quot;unit&quot;:&quot;px&quot;,&quot;top&quot;:&quot;&quot;,&quot;right&quot;:&quot;&quot;,&quot;bottom&quot;:&quot;&quot;,&quot;left&quot;:&quot;&quot;,&quot;isLinked&quot;:true},&quot;element_pack_global_tooltip_padding_tablet&quot;:{&quot;unit&quot;:&quot;px&quot;,&quot;top&quot;:&quot;&quot;,&quot;right&quot;:&quot;&quot;,&quot;bottom&quot;:&quot;&quot;,&quot;left&quot;:&quot;&quot;,&quot;isLinked&quot;:true},&quot;element_pack_global_tooltip_padding_mobile&quot;:{&quot;unit&quot;:&quot;px&quot;,&quot;top&quot;:&quot;&quot;,&quot;right&quot;:&quot;&quot;,&quot;bottom&quot;:&quot;&quot;,&quot;left&quot;:&quot;&quot;,&quot;isLinked&quot;:true},&quot;element_pack_global_tooltip_border_radius&quot;:{&quot;unit&quot;:&quot;px&quot;,&quot;top&quot;:&quot;&quot;,&quot;right&quot;:&quot;&quot;,&quot;bottom&quot;:&quot;&quot;,&quot;left&quot;:&quot;&quot;,&quot;isLinked&quot;:true},&quot;element_pack_global_tooltip_border_radius_tablet&quot;:{&quot;unit&quot;:&quot;px&quot;,&quot;top&quot;:&quot;&quot;,&quot;right&quot;:&quot;&quot;,&quot;bottom&quot;:&quot;&quot;,&quot;left&quot;:&quot;&quot;,&quot;isLinked&quot;:true},&quot;element_pack_global_tooltip_border_radius_mobile&quot;:{&quot;unit&quot;:&quot;px&quot;,&quot;top&quot;:&quot;&quot;,&quot;right&quot;:&quot;&quot;,&quot;bottom&quot;:&quot;&quot;,&quot;left&quot;:&quot;&quot;,&quot;isLinked&quot;:true}}\" data-elementor-post-type=\"page\">\n\t\t\t\t<div class=\"elementor-element elementor-element-ccf658e e-flex e-con-boxed e-con e-parent\" data-id=\"ccf658e\" data-element_type=\"container\" data-e-type=\"container\">\n\t\t\t\t\t<div class=\"e-con-inner\">\n\t\t\t\t\t<\/div>\n\t\t\t\t<\/div>\n\t\t<div class=\"elementor-element elementor-element-2b81f6fb e-flex e-con-boxed e-con e-parent\" data-id=\"2b81f6fb\" data-element_type=\"container\" data-e-type=\"container\">\n\t\t\t\t\t<div class=\"e-con-inner\">\n\t\t<div class=\"elementor-element elementor-element-40ca87 e-con-full e-flex e-con e-child\" data-id=\"40ca87\" data-element_type=\"container\" data-e-type=\"container\" data-settings=\"{&quot;background_background&quot;:&quot;classic&quot;}\">\n\t\t\t\t<div class=\"elementor-element elementor-element-5cf2db43 elementor-widget elementor-widget-image-gallery\" data-id=\"5cf2db43\" data-element_type=\"widget\" data-e-type=\"widget\" data-widget_type=\"image-gallery.default\">\n\t\t\t\t<div class=\"elementor-widget-container\">\n\t\t\t\t\t\t\t<div class=\"elementor-image-gallery\">\n\t\t\t<div id='gallery-1' class='gallery galleryid-4724 gallery-columns-1 gallery-size-2048x2048'><figure class='gallery-item'>\n\t\t\t<div class='gallery-icon landscape'>\n\t\t\t\t<a data-elementor-open-lightbox=\"yes\" data-elementor-lightbox-slideshow=\"5cf2db43\" data-elementor-lightbox-description=\"Myjka Cleanetic MWF-1 przeznaczona do mycia w\u00f3zk\u00f3w farszu w liniach produkcyjnych, wykonana ze stali nierdzewnej\" data-e-action-hash=\"#elementor-action%3Aaction%3Dlightbox%26settings%3DeyJpZCI6NDYwMywidXJsIjoiaHR0cHM6XC9cL3d3dy5jbGVhbmV0aWMudGVjaFwvd3AtY29udGVudFwvdXBsb2Fkc1wvMjAyNVwvMDVcL01XRi0xLXotY3ltYmxlcmVtLWNsZWFuZXRpYy0xLXNjYWxlZC5qcGciLCJzbGlkZXNob3ciOiI1Y2YyZGI0MyJ9\" href='https:\/\/www.cleanetic.tech\/wp-content\/uploads\/2025\/05\/MWF-1-z-cymblerem-cleanetic-1-scaled.jpg'><img fetchpriority=\"high\" decoding=\"async\" width=\"2048\" height=\"1536\" src=\"https:\/\/www.cleanetic.tech\/wp-content\/uploads\/2025\/05\/MWF-1-z-cymblerem-cleanetic-1-2048x1536.jpg\" class=\"attachment-2048x2048 size-2048x2048\" alt=\"Cleanetic \u2013\" aria-describedby=\"gallery-1-4603\" srcset=\"https:\/\/www.cleanetic.tech\/wp-content\/uploads\/2025\/05\/MWF-1-z-cymblerem-cleanetic-1-2048x1536.jpg 2048w, https:\/\/www.cleanetic.tech\/wp-content\/uploads\/2025\/05\/MWF-1-z-cymblerem-cleanetic-1-300x225.jpg 300w, https:\/\/www.cleanetic.tech\/wp-content\/uploads\/2025\/05\/MWF-1-z-cymblerem-cleanetic-1-1024x768.jpg 1024w, https:\/\/www.cleanetic.tech\/wp-content\/uploads\/2025\/05\/MWF-1-z-cymblerem-cleanetic-1-768x576.jpg 768w, https:\/\/www.cleanetic.tech\/wp-content\/uploads\/2025\/05\/MWF-1-z-cymblerem-cleanetic-1-1536x1152.jpg 1536w\" sizes=\"(max-width: 2048px) 100vw, 2048px\" \/><\/a>\n\t\t\t<\/div>\n\t\t\t\t<figcaption class='wp-caption-text gallery-caption' id='gallery-1-4603'>\n\t\t\t\tCleanetic \u2013 myjki pojemnik\u00f3w \u2013 \n\t\t\t\t<\/figcaption><\/figure>\n\t\t<\/div>\n\t\t<\/div>\n\t\t\t\t\t\t<\/div>\n\t\t\t\t<\/div>\n\t\t\t\t<\/div>\n\t\t<div class=\"elementor-element elementor-element-5c0f6de6 e-con-full e-flex e-con e-child\" data-id=\"5c0f6de6\" data-element_type=\"container\" data-e-type=\"container\">\n\t\t\t\t<div class=\"elementor-element elementor-element-1d42829a elementor-widget elementor-widget-text-editor\" data-id=\"1d42829a\" data-element_type=\"widget\" data-e-type=\"widget\" data-widget_type=\"text-editor.default\">\n\t\t\t\t<div class=\"elementor-widget-container\">\n\t\t\t\t\t\t\t\t\t<p>The MWF-1 chamber-type stuffing trolley washer is a modern and professional industrial machine designed for effective cleaning of filling trolleys used in food processing facilities. It ensures the highest level of hygiene, efficiency, and safety.<\/p><p>Thanks to advanced spray-washing technology, the system enables fast, thorough, and consistent cleaning of stuffing trolleys. It combines high operational efficiency with precise control over the washing process, allowing for optimized energy consumption. The machine is designed for ease of use, ergonomic operation, and long-term reliability.<\/p><p>Available heating options: steam, electric, heat exchanger (water or steam), gas, and oil.<\/p>\t\t\t\t\t\t\t\t<\/div>\n\t\t\t\t<\/div>\n\t\t\t\t<\/div>\n\t\t\t\t\t<\/div>\n\t\t\t\t<\/div>\n\t\t<div class=\"elementor-element elementor-element-3afb7ae4 e-flex e-con-boxed e-con e-parent\" data-id=\"3afb7ae4\" data-element_type=\"container\" data-e-type=\"container\">\n\t\t\t\t\t<div class=\"e-con-inner\">\n\t\t\t\t<div class=\"elementor-element elementor-element-1fcbb6cf elementor-widget elementor-widget-text-editor\" data-id=\"1fcbb6cf\" data-element_type=\"widget\" data-e-type=\"widget\" data-widget_type=\"text-editor.default\">\n\t\t\t\t<div class=\"elementor-widget-container\">\n\t\t\t\t\t\t\t\t\t<p>The MWF-1 ensures thorough and hygienic cleaning of stuffing trolleys, streamlining cleaning processes and raising sanitary standards in food processing facilities.<\/p>\t\t\t\t\t\t\t\t<\/div>\n\t\t\t\t<\/div>\n\t\t\t\t\t<\/div>\n\t\t\t\t<\/div>\n\t\t<div class=\"elementor-element elementor-element-45657296 e-flex e-con-boxed e-con e-parent\" data-id=\"45657296\" data-element_type=\"container\" data-e-type=\"container\">\n\t\t\t\t\t<div class=\"e-con-inner\">\n\t\t<div class=\"elementor-element elementor-element-7a8e4782 e-con-full e-flex e-con e-child\" data-id=\"7a8e4782\" data-element_type=\"container\" data-e-type=\"container\">\n\t\t\t\t<\/div>\n\t\t<div class=\"elementor-element elementor-element-37c46315 e-con-full e-flex e-con e-child\" data-id=\"37c46315\" data-element_type=\"container\" data-e-type=\"container\">\n\t\t\t\t<div class=\"elementor-element elementor-element-5de924a0 elementor-widget elementor-widget-heading\" data-id=\"5de924a0\" data-element_type=\"widget\" data-e-type=\"widget\" data-widget_type=\"heading.default\">\n\t\t\t\t<div class=\"elementor-widget-container\">\n\t\t\t\t\t<h5 class=\"elementor-heading-title elementor-size-default\">Technical data<\/h5>\t\t\t\t<\/div>\n\t\t\t\t<\/div>\n\t\t\t\t<div class=\"elementor-element elementor-element-d4aed51 elementor-widget elementor-widget-bdt-table\" data-id=\"d4aed51\" data-element_type=\"widget\" data-e-type=\"widget\" data-widget_type=\"bdt-table.default\">\n\t\t\t\t<div class=\"elementor-widget-container\">\n\t\t\t\t\t\t\t<div class=\"bdt-table\" id=\"bdt-table-d4aed51\">\n\t\t\t<table>\n<thead>\n    <tr>\n        <th>Type<\/th>\n<th>MWF-1 (trolleys 200 liters)<\/th>\n<th>MWF-1-300 (trolleys up to 300 liters)<\/th> \n    <\/tr>\n<\/thead>\n    <tr>\n        <td>capacity (trolleys\/h)<\/td>\n<td>up to 60<\/td>\n<td>up to 60<\/td> \n    <\/tr>\n    <tr>\n        <td>length (mm)<\/td>\n        <td>3370<\/td>\n        <td>3485 <\/td> \n    <\/tr>\n    <tr>\n        <td>width (mm)<\/td>\n        <td>1875<\/td>\n        <td>1875 <\/td> \n    <\/tr>\n    <tr>\n        <td>height (mm)<\/td>\n        <td>2055<\/td>\n        <td>2155 <\/td> \n    <\/tr>\n<\/table>\t\t<\/div>\n\t\t\t\t\t\t<\/div>\n\t\t\t\t<\/div>\n\t\t\t\t<\/div>\n\t\t\t\t\t<\/div>\n\t\t\t\t<\/div>\n\t\t<div class=\"elementor-element elementor-element-77c84e71 e-flex e-con-boxed e-con e-parent\" data-id=\"77c84e71\" data-element_type=\"container\" data-e-type=\"container\">\n\t\t\t\t\t<div class=\"e-con-inner\">\n\t\t<div class=\"elementor-element elementor-element-21e3c730 e-con-full e-flex e-con e-child\" data-id=\"21e3c730\" data-element_type=\"container\" data-e-type=\"container\">\n\t\t\t\t<\/div>\n\t\t<div class=\"elementor-element elementor-element-7ef749d6 e-con-full e-flex e-con e-child\" data-id=\"7ef749d6\" data-element_type=\"container\" data-e-type=\"container\">\n\t\t\t\t<div class=\"elementor-element elementor-element-67761de9 elementor-widget elementor-widget-text-editor\" data-id=\"67761de9\" data-element_type=\"widget\" data-e-type=\"widget\" data-widget_type=\"text-editor.default\">\n\t\t\t\t<div class=\"elementor-widget-container\">\n\t\t\t\t\t\t\t\t\t<ul><li>Effective washing system  <\/li><li>Designed for one-person operation <\/li><li>Water filtration  <\/li><li>Cleaning the bottom and wheels of the cart<\/li><li>Electronic detergent dosing system<\/li><li>Safety features including protective meshes and a safety curtain<\/li><\/ul>\t\t\t\t\t\t\t\t<\/div>\n\t\t\t\t<\/div>\n\t\t\t\t<\/div>\n\t\t\t\t\t<\/div>\n\t\t\t\t<\/div>\n\t\t<div class=\"elementor-element elementor-element-67480094 e-flex e-con-boxed e-con e-parent\" data-id=\"67480094\" data-element_type=\"container\" data-e-type=\"container\">\n\t\t\t\t\t<div class=\"e-con-inner\">\n\t\t<div class=\"elementor-element elementor-element-3e67fb2f e-con-full e-flex e-con e-child\" data-id=\"3e67fb2f\" data-element_type=\"container\" data-e-type=\"container\" data-settings=\"{&quot;background_background&quot;:&quot;slideshow&quot;,&quot;background_slideshow_gallery&quot;:[],&quot;background_slideshow_slide_duration&quot;:5000,&quot;background_slideshow_slide_transition&quot;:&quot;fade&quot;,&quot;background_slideshow_transition_duration&quot;:500}\">\n\t\t\t\t<\/div>\n\t\t<div class=\"elementor-element elementor-element-49031c34 e-con-full e-flex e-con e-child\" data-id=\"49031c34\" data-element_type=\"container\" data-e-type=\"container\">\n\t\t\t\t<div class=\"elementor-element elementor-element-7caf46b3 elementor-widget elementor-widget-heading\" data-id=\"7caf46b3\" data-element_type=\"widget\" data-e-type=\"widget\" data-widget_type=\"heading.default\">\n\t\t\t\t<div class=\"elementor-widget-container\">\n\t\t\t\t\t<h5 class=\"elementor-heading-title elementor-size-default\">Control Console<\/h5>\t\t\t\t<\/div>\n\t\t\t\t<\/div>\n\t\t\t\t<div class=\"elementor-element elementor-element-2728239a elementor-widget-mobile__width-initial elementor-widget elementor-widget-text-editor\" data-id=\"2728239a\" data-element_type=\"widget\" data-e-type=\"widget\" data-widget_type=\"text-editor.default\">\n\t\t\t\t<div class=\"elementor-widget-container\">\n\t\t\t\t\t\t\t\t\t<ul><li>Intuitive operator panel<\/li><li>Capability to configure multiple washing programs<\/li><li>Water temperature control along with its reading <\/li><li>Chemical dosing On\/Off control<\/li><li>Emergency safety switch<\/li><li>Error signal with description<\/li><\/ul>\t\t\t\t\t\t\t\t<\/div>\n\t\t\t\t<\/div>\n\t\t\t\t<\/div>\n\t\t\t\t\t<\/div>\n\t\t\t\t<\/div>\n\t\t\t\t<\/div>\n\t\t","protected":false},"excerpt":{"rendered":"<p>Cleanetic \u2013 myjki pojemnik\u00f3w \u2013 The MWF-1 chamber-type stuffing trolley washer is a modern and professional industrial machine designed for effective cleaning of filling trolleys used in food processing facilities. It ensures the highest level of hygiene, efficiency, and safety. Thanks to advanced spray-washing technology, the system enables fast, thorough, and consistent cleaning of stuffing [&hellip;]<\/p>\n","protected":false},"author":2,"featured_media":4584,"parent":4755,"menu_order":31,"comment_status":"closed","ping_status":"closed","template":"","meta":{"footnotes":""},"class_list":["post-4724","page","type-page","status-publish","has-post-thumbnail","hentry"],"yoast_head":"<!-- This site is optimized with the Yoast SEO Premium plugin v27.4 (Yoast SEO v27.5) - https:\/\/yoast.com\/product\/yoast-seo-premium-wordpress\/ -->\n<title>MWF-1 Stuffing Trolley Washer - Cleanetic<\/title>\n<meta name=\"description\" content=\"The MWF-1 chamber-type stuffing trolley washer is a professional industrial solution providing high washing efficiency, safety and reliability.\" \/>\n<meta name=\"robots\" content=\"index, follow, max-snippet:-1, max-image-preview:large, max-video-preview:-1\" \/>\n<link rel=\"canonical\" href=\"https:\/\/www.cleanetic.tech\/en\/offer\/stuffing-trolley-washers\/mwf-1-stuffing-trolley-washer\/\" \/>\n<meta property=\"og:locale\" content=\"en_US\" \/>\n<meta property=\"og:type\" content=\"article\" \/>\n<meta property=\"og:title\" content=\"MWF-1 Stuffing Trolley Washer\" \/>\n<meta property=\"og:description\" content=\"The MWF-1 chamber-type stuffing trolley washer is a professional industrial solution providing high washing efficiency, safety and reliability.\" \/>\n<meta property=\"og:url\" content=\"https:\/\/www.cleanetic.tech\/en\/offer\/stuffing-trolley-washers\/mwf-1-stuffing-trolley-washer\/\" \/>\n<meta property=\"og:site_name\" content=\"Cleanetic\" \/>\n<meta property=\"article:modified_time\" content=\"2025-12-09T08:25:19+00:00\" \/>\n<meta property=\"og:image\" content=\"https:\/\/www.cleanetic.tech\/wp-content\/uploads\/2025\/05\/Myjka-wozkow-farszu-MWF-1.png\" \/>\n\t<meta property=\"og:image:width\" content=\"427\" \/>\n\t<meta property=\"og:image:height\" content=\"427\" \/>\n\t<meta property=\"og:image:type\" content=\"image\/png\" \/>\n<meta name=\"twitter:card\" content=\"summary_large_image\" \/>\n<meta name=\"twitter:label1\" content=\"Est. reading time\" \/>\n\t<meta name=\"twitter:data1\" content=\"2 minutes\" \/>\n<script type=\"application\/ld+json\" class=\"yoast-schema-graph\">{\"@context\":\"https:\\\/\\\/schema.org\",\"@graph\":[{\"@type\":\"WebPage\",\"@id\":\"https:\\\/\\\/www.cleanetic.tech\\\/en\\\/offer\\\/stuffing-trolley-washers\\\/mwf-1-stuffing-trolley-washer\\\/\",\"url\":\"https:\\\/\\\/www.cleanetic.tech\\\/en\\\/offer\\\/stuffing-trolley-washers\\\/mwf-1-stuffing-trolley-washer\\\/\",\"name\":\"MWF-1 Stuffing Trolley Washer - Cleanetic\",\"isPartOf\":{\"@id\":\"https:\\\/\\\/www.cleanetic.tech\\\/#website\"},\"primaryImageOfPage\":{\"@id\":\"https:\\\/\\\/www.cleanetic.tech\\\/en\\\/offer\\\/stuffing-trolley-washers\\\/mwf-1-stuffing-trolley-washer\\\/#primaryimage\"},\"image\":{\"@id\":\"https:\\\/\\\/www.cleanetic.tech\\\/en\\\/offer\\\/stuffing-trolley-washers\\\/mwf-1-stuffing-trolley-washer\\\/#primaryimage\"},\"thumbnailUrl\":\"https:\\\/\\\/www.cleanetic.tech\\\/wp-content\\\/uploads\\\/2025\\\/05\\\/Myjka-wozkow-farszu-MWF-1.png\",\"datePublished\":\"2025-05-02T08:00:12+00:00\",\"dateModified\":\"2025-12-09T08:25:19+00:00\",\"description\":\"The MWF-1 chamber-type stuffing trolley washer is a professional industrial solution providing high washing efficiency, safety and reliability.\",\"breadcrumb\":{\"@id\":\"https:\\\/\\\/www.cleanetic.tech\\\/en\\\/offer\\\/stuffing-trolley-washers\\\/mwf-1-stuffing-trolley-washer\\\/#breadcrumb\"},\"inLanguage\":\"en-US\",\"potentialAction\":[{\"@type\":\"ReadAction\",\"target\":[\"https:\\\/\\\/www.cleanetic.tech\\\/en\\\/offer\\\/stuffing-trolley-washers\\\/mwf-1-stuffing-trolley-washer\\\/\"]}]},{\"@type\":\"ImageObject\",\"inLanguage\":\"en-US\",\"@id\":\"https:\\\/\\\/www.cleanetic.tech\\\/en\\\/offer\\\/stuffing-trolley-washers\\\/mwf-1-stuffing-trolley-washer\\\/#primaryimage\",\"url\":\"https:\\\/\\\/www.cleanetic.tech\\\/wp-content\\\/uploads\\\/2025\\\/05\\\/Myjka-wozkow-farszu-MWF-1.png\",\"contentUrl\":\"https:\\\/\\\/www.cleanetic.tech\\\/wp-content\\\/uploads\\\/2025\\\/05\\\/Myjka-wozkow-farszu-MWF-1.png\",\"width\":427,\"height\":427,\"caption\":\"Cleanetic \u2013 myjki pojemnik\u00f3w \u2013\"},{\"@type\":\"BreadcrumbList\",\"@id\":\"https:\\\/\\\/www.cleanetic.tech\\\/en\\\/offer\\\/stuffing-trolley-washers\\\/mwf-1-stuffing-trolley-washer\\\/#breadcrumb\",\"itemListElement\":[{\"@type\":\"ListItem\",\"position\":1,\"name\":\"Strona g\u0142\u00f3wna\",\"item\":\"https:\\\/\\\/www.cleanetic.tech\\\/en\\\/\"},{\"@type\":\"ListItem\",\"position\":2,\"name\":\"Offer\",\"item\":\"https:\\\/\\\/www.cleanetic.tech\\\/en\\\/offer\\\/\"},{\"@type\":\"ListItem\",\"position\":3,\"name\":\"Stuffing Trolley Washers\",\"item\":\"https:\\\/\\\/www.cleanetic.tech\\\/en\\\/offer\\\/stuffing-trolley-washers\\\/\"},{\"@type\":\"ListItem\",\"position\":4,\"name\":\"MWF-1 Stuffing Trolley Washer\"}]},{\"@type\":\"WebSite\",\"@id\":\"https:\\\/\\\/www.cleanetic.tech\\\/#website\",\"url\":\"https:\\\/\\\/www.cleanetic.tech\\\/\",\"name\":\"Cleanetic\",\"description\":\"Marka maszyn myj\u0105cych nale\u017c\u0105ca do grupy NOWICKI. Seria przemys\u0142owych system&oacute;w myj\u0105cych jest produkowana w nowoczesnym zak\u0142adzie produkcyjnym w Tomaszowie Mazowieckim.\",\"publisher\":{\"@id\":\"https:\\\/\\\/www.cleanetic.tech\\\/#organization\"},\"potentialAction\":[{\"@type\":\"SearchAction\",\"target\":{\"@type\":\"EntryPoint\",\"urlTemplate\":\"https:\\\/\\\/www.cleanetic.tech\\\/?s={search_term_string}\"},\"query-input\":{\"@type\":\"PropertyValueSpecification\",\"valueRequired\":true,\"valueName\":\"search_term_string\"}}],\"inLanguage\":\"en-US\"},{\"@type\":\"Organization\",\"@id\":\"https:\\\/\\\/www.cleanetic.tech\\\/#organization\",\"name\":\"Cleanetic\",\"url\":\"https:\\\/\\\/www.cleanetic.tech\\\/\",\"logo\":{\"@type\":\"ImageObject\",\"inLanguage\":\"en-US\",\"@id\":\"https:\\\/\\\/www.cleanetic.tech\\\/#\\\/schema\\\/logo\\\/image\\\/\",\"url\":\"https:\\\/\\\/www.cleanetic.tech\\\/wp-content\\\/uploads\\\/2025\\\/04\\\/cleanetic-logo.webp\",\"contentUrl\":\"https:\\\/\\\/www.cleanetic.tech\\\/wp-content\\\/uploads\\\/2025\\\/04\\\/cleanetic-logo.webp\",\"width\":973,\"height\":272,\"caption\":\"Cleanetic\"},\"image\":{\"@id\":\"https:\\\/\\\/www.cleanetic.tech\\\/#\\\/schema\\\/logo\\\/image\\\/\"}}]}<\/script>\n<!-- \/ Yoast SEO Premium plugin. -->","yoast_head_json":{"title":"MWF-1 Stuffing Trolley Washer - Cleanetic","description":"The MWF-1 chamber-type stuffing trolley washer is a professional industrial solution providing high washing efficiency, safety and reliability.","robots":{"index":"index","follow":"follow","max-snippet":"max-snippet:-1","max-image-preview":"max-image-preview:large","max-video-preview":"max-video-preview:-1"},"canonical":"https:\/\/www.cleanetic.tech\/en\/offer\/stuffing-trolley-washers\/mwf-1-stuffing-trolley-washer\/","og_locale":"en_US","og_type":"article","og_title":"MWF-1 Stuffing Trolley Washer","og_description":"The MWF-1 chamber-type stuffing trolley washer is a professional industrial solution providing high washing efficiency, safety and reliability.","og_url":"https:\/\/www.cleanetic.tech\/en\/offer\/stuffing-trolley-washers\/mwf-1-stuffing-trolley-washer\/","og_site_name":"Cleanetic","article_modified_time":"2025-12-09T08:25:19+00:00","og_image":[{"width":427,"height":427,"url":"https:\/\/www.cleanetic.tech\/wp-content\/uploads\/2025\/05\/Myjka-wozkow-farszu-MWF-1.png","type":"image\/png"}],"twitter_card":"summary_large_image","twitter_misc":{"Est. reading time":"2 minutes"},"schema":{"@context":"https:\/\/schema.org","@graph":[{"@type":"WebPage","@id":"https:\/\/www.cleanetic.tech\/en\/offer\/stuffing-trolley-washers\/mwf-1-stuffing-trolley-washer\/","url":"https:\/\/www.cleanetic.tech\/en\/offer\/stuffing-trolley-washers\/mwf-1-stuffing-trolley-washer\/","name":"MWF-1 Stuffing Trolley Washer - Cleanetic","isPartOf":{"@id":"https:\/\/www.cleanetic.tech\/#website"},"primaryImageOfPage":{"@id":"https:\/\/www.cleanetic.tech\/en\/offer\/stuffing-trolley-washers\/mwf-1-stuffing-trolley-washer\/#primaryimage"},"image":{"@id":"https:\/\/www.cleanetic.tech\/en\/offer\/stuffing-trolley-washers\/mwf-1-stuffing-trolley-washer\/#primaryimage"},"thumbnailUrl":"https:\/\/www.cleanetic.tech\/wp-content\/uploads\/2025\/05\/Myjka-wozkow-farszu-MWF-1.png","datePublished":"2025-05-02T08:00:12+00:00","dateModified":"2025-12-09T08:25:19+00:00","description":"The MWF-1 chamber-type stuffing trolley washer is a professional industrial solution providing high washing efficiency, safety and reliability.","breadcrumb":{"@id":"https:\/\/www.cleanetic.tech\/en\/offer\/stuffing-trolley-washers\/mwf-1-stuffing-trolley-washer\/#breadcrumb"},"inLanguage":"en-US","potentialAction":[{"@type":"ReadAction","target":["https:\/\/www.cleanetic.tech\/en\/offer\/stuffing-trolley-washers\/mwf-1-stuffing-trolley-washer\/"]}]},{"@type":"ImageObject","inLanguage":"en-US","@id":"https:\/\/www.cleanetic.tech\/en\/offer\/stuffing-trolley-washers\/mwf-1-stuffing-trolley-washer\/#primaryimage","url":"https:\/\/www.cleanetic.tech\/wp-content\/uploads\/2025\/05\/Myjka-wozkow-farszu-MWF-1.png","contentUrl":"https:\/\/www.cleanetic.tech\/wp-content\/uploads\/2025\/05\/Myjka-wozkow-farszu-MWF-1.png","width":427,"height":427,"caption":"Cleanetic \u2013 myjki pojemnik\u00f3w \u2013"},{"@type":"BreadcrumbList","@id":"https:\/\/www.cleanetic.tech\/en\/offer\/stuffing-trolley-washers\/mwf-1-stuffing-trolley-washer\/#breadcrumb","itemListElement":[{"@type":"ListItem","position":1,"name":"Strona g\u0142\u00f3wna","item":"https:\/\/www.cleanetic.tech\/en\/"},{"@type":"ListItem","position":2,"name":"Offer","item":"https:\/\/www.cleanetic.tech\/en\/offer\/"},{"@type":"ListItem","position":3,"name":"Stuffing Trolley Washers","item":"https:\/\/www.cleanetic.tech\/en\/offer\/stuffing-trolley-washers\/"},{"@type":"ListItem","position":4,"name":"MWF-1 Stuffing Trolley Washer"}]},{"@type":"WebSite","@id":"https:\/\/www.cleanetic.tech\/#website","url":"https:\/\/www.cleanetic.tech\/","name":"Cleanetic","description":"Marka maszyn myj\u0105cych nale\u017c\u0105ca do grupy NOWICKI. Seria przemys\u0142owych system&oacute;w myj\u0105cych jest produkowana w nowoczesnym zak\u0142adzie produkcyjnym w Tomaszowie Mazowieckim.","publisher":{"@id":"https:\/\/www.cleanetic.tech\/#organization"},"potentialAction":[{"@type":"SearchAction","target":{"@type":"EntryPoint","urlTemplate":"https:\/\/www.cleanetic.tech\/?s={search_term_string}"},"query-input":{"@type":"PropertyValueSpecification","valueRequired":true,"valueName":"search_term_string"}}],"inLanguage":"en-US"},{"@type":"Organization","@id":"https:\/\/www.cleanetic.tech\/#organization","name":"Cleanetic","url":"https:\/\/www.cleanetic.tech\/","logo":{"@type":"ImageObject","inLanguage":"en-US","@id":"https:\/\/www.cleanetic.tech\/#\/schema\/logo\/image\/","url":"https:\/\/www.cleanetic.tech\/wp-content\/uploads\/2025\/04\/cleanetic-logo.webp","contentUrl":"https:\/\/www.cleanetic.tech\/wp-content\/uploads\/2025\/04\/cleanetic-logo.webp","width":973,"height":272,"caption":"Cleanetic"},"image":{"@id":"https:\/\/www.cleanetic.tech\/#\/schema\/logo\/image\/"}}]}},"_links":{"self":[{"href":"https:\/\/www.cleanetic.tech\/en\/wp-json\/wp\/v2\/pages\/4724","targetHints":{"allow":["GET"]}}],"collection":[{"href":"https:\/\/www.cleanetic.tech\/en\/wp-json\/wp\/v2\/pages"}],"about":[{"href":"https:\/\/www.cleanetic.tech\/en\/wp-json\/wp\/v2\/types\/page"}],"author":[{"embeddable":true,"href":"https:\/\/www.cleanetic.tech\/en\/wp-json\/wp\/v2\/users\/2"}],"replies":[{"embeddable":true,"href":"https:\/\/www.cleanetic.tech\/en\/wp-json\/wp\/v2\/comments?post=4724"}],"version-history":[{"count":7,"href":"https:\/\/www.cleanetic.tech\/en\/wp-json\/wp\/v2\/pages\/4724\/revisions"}],"predecessor-version":[{"id":7327,"href":"https:\/\/www.cleanetic.tech\/en\/wp-json\/wp\/v2\/pages\/4724\/revisions\/7327"}],"up":[{"embeddable":true,"href":"https:\/\/www.cleanetic.tech\/en\/wp-json\/wp\/v2\/pages\/4755"}],"wp:featuredmedia":[{"embeddable":true,"href":"https:\/\/www.cleanetic.tech\/en\/wp-json\/wp\/v2\/media\/4584"}],"wp:attachment":[{"href":"https:\/\/www.cleanetic.tech\/en\/wp-json\/wp\/v2\/media?parent=4724"}],"curies":[{"name":"wp","href":"https:\/\/api.w.org\/{rel}","templated":true}]}}