{"id":4722,"date":"2025-05-02T07:48:16","date_gmt":"2025-05-02T07:48:16","guid":{"rendered":"https:\/\/www.cleanetic.tech\/pallet-box-washer-mpd-3-clean-dirty-zone-separation\/"},"modified":"2025-12-09T10:27:24","modified_gmt":"2025-12-09T10:27:24","slug":"pallet-box-washer-mpd-3-clean-dirty-zone-separation","status":"publish","type":"page","link":"https:\/\/www.cleanetic.tech\/en\/offer\/pallet-box-washers\/pallet-box-washer-mpd-3-clean-dirty-zone-separation\/","title":{"rendered":"Pallet Box Washer MPD-3, clean-dirty zone separation"},"content":{"rendered":"\t\t<div data-elementor-type=\"wp-page\" data-elementor-id=\"4722\" class=\"elementor elementor-4722 elementor-1934\" data-elementor-settings=\"{&quot;element_pack_global_tooltip_width&quot;:{&quot;unit&quot;:&quot;px&quot;,&quot;size&quot;:&quot;&quot;,&quot;sizes&quot;:[]},&quot;element_pack_global_tooltip_width_tablet&quot;:{&quot;unit&quot;:&quot;px&quot;,&quot;size&quot;:&quot;&quot;,&quot;sizes&quot;:[]},&quot;element_pack_global_tooltip_width_mobile&quot;:{&quot;unit&quot;:&quot;px&quot;,&quot;size&quot;:&quot;&quot;,&quot;sizes&quot;:[]},&quot;element_pack_global_tooltip_padding&quot;:{&quot;unit&quot;:&quot;px&quot;,&quot;top&quot;:&quot;&quot;,&quot;right&quot;:&quot;&quot;,&quot;bottom&quot;:&quot;&quot;,&quot;left&quot;:&quot;&quot;,&quot;isLinked&quot;:true},&quot;element_pack_global_tooltip_padding_tablet&quot;:{&quot;unit&quot;:&quot;px&quot;,&quot;top&quot;:&quot;&quot;,&quot;right&quot;:&quot;&quot;,&quot;bottom&quot;:&quot;&quot;,&quot;left&quot;:&quot;&quot;,&quot;isLinked&quot;:true},&quot;element_pack_global_tooltip_padding_mobile&quot;:{&quot;unit&quot;:&quot;px&quot;,&quot;top&quot;:&quot;&quot;,&quot;right&quot;:&quot;&quot;,&quot;bottom&quot;:&quot;&quot;,&quot;left&quot;:&quot;&quot;,&quot;isLinked&quot;:true},&quot;element_pack_global_tooltip_border_radius&quot;:{&quot;unit&quot;:&quot;px&quot;,&quot;top&quot;:&quot;&quot;,&quot;right&quot;:&quot;&quot;,&quot;bottom&quot;:&quot;&quot;,&quot;left&quot;:&quot;&quot;,&quot;isLinked&quot;:true},&quot;element_pack_global_tooltip_border_radius_tablet&quot;:{&quot;unit&quot;:&quot;px&quot;,&quot;top&quot;:&quot;&quot;,&quot;right&quot;:&quot;&quot;,&quot;bottom&quot;:&quot;&quot;,&quot;left&quot;:&quot;&quot;,&quot;isLinked&quot;:true},&quot;element_pack_global_tooltip_border_radius_mobile&quot;:{&quot;unit&quot;:&quot;px&quot;,&quot;top&quot;:&quot;&quot;,&quot;right&quot;:&quot;&quot;,&quot;bottom&quot;:&quot;&quot;,&quot;left&quot;:&quot;&quot;,&quot;isLinked&quot;:true}}\" data-elementor-post-type=\"page\">\n\t\t\t\t<div class=\"elementor-element elementor-element-1bdfe26b e-flex e-con-boxed e-con e-parent\" data-id=\"1bdfe26b\" data-element_type=\"container\" data-e-type=\"container\">\n\t\t\t\t\t<div class=\"e-con-inner\">\n\t\t\t\t\t<\/div>\n\t\t\t\t<\/div>\n\t\t<div class=\"elementor-element elementor-element-5480d28e e-flex e-con-boxed e-con e-parent\" data-id=\"5480d28e\" data-element_type=\"container\" data-e-type=\"container\">\n\t\t\t\t\t<div class=\"e-con-inner\">\n\t\t<div class=\"elementor-element elementor-element-6b4016f4 e-con-full e-flex e-con e-child\" data-id=\"6b4016f4\" data-element_type=\"container\" data-e-type=\"container\" data-settings=\"{&quot;background_background&quot;:&quot;classic&quot;}\">\n\t\t\t\t<div class=\"elementor-element elementor-element-50f5f635 elementor-widget elementor-widget-image-gallery\" data-id=\"50f5f635\" data-element_type=\"widget\" data-e-type=\"widget\" data-widget_type=\"image-gallery.default\">\n\t\t\t\t<div class=\"elementor-widget-container\">\n\t\t\t\t\t\t\t<div class=\"elementor-image-gallery\">\n\t\t\t<div id='gallery-1' class='gallery galleryid-4722 gallery-columns-1 gallery-size-medium_large'><figure class='gallery-item'>\n\t\t\t<div class='gallery-icon landscape'>\n\t\t\t\t<a data-elementor-open-lightbox=\"yes\" data-elementor-lightbox-slideshow=\"50f5f635\" data-elementor-lightbox-description=\"Myjka skrzyniopalet Cleanetic MPD-3 z podzia\u0142em na strefy czysta i brudna zapewnia higieniczne mycie skrzyniopalet w zak\u0142adach przemys\u0142owych\" data-e-action-hash=\"#elementor-action%3Aaction%3Dlightbox%26settings%3DeyJpZCI6NDYwMiwidXJsIjoiaHR0cHM6XC9cL3d3dy5jbGVhbmV0aWMudGVjaFwvd3AtY29udGVudFwvdXBsb2Fkc1wvMjAyNVwvMDVcL215amthX3Nrcnp5bmlwYWxldE1QRC0zLXNjYWxlZC5qcGciLCJzbGlkZXNob3ciOiI1MGY1ZjYzNSJ9\" href='https:\/\/www.cleanetic.tech\/wp-content\/uploads\/2025\/05\/myjka_skrzynipaletMPD-3-scaled.jpg'><img fetchpriority=\"high\" decoding=\"async\" width=\"768\" height=\"512\" src=\"https:\/\/www.cleanetic.tech\/wp-content\/uploads\/2025\/05\/myjka_skrzynipaletMPD-3-768x512.jpg\" class=\"attachment-medium_large size-medium_large\" alt=\"Cleanetic \u2013 Myjka skrzyniopalet MPD-3, strefy czysta-brudna\" aria-describedby=\"gallery-1-4602\" srcset=\"https:\/\/www.cleanetic.tech\/wp-content\/uploads\/2025\/05\/myjka_skrzynipaletMPD-3-768x512.jpg 768w, https:\/\/www.cleanetic.tech\/wp-content\/uploads\/2025\/05\/myjka_skrzynipaletMPD-3-300x200.jpg 300w, https:\/\/www.cleanetic.tech\/wp-content\/uploads\/2025\/05\/myjka_skrzynipaletMPD-3-1024x683.jpg 1024w, https:\/\/www.cleanetic.tech\/wp-content\/uploads\/2025\/05\/myjka_skrzynipaletMPD-3-1536x1024.jpg 1536w, https:\/\/www.cleanetic.tech\/wp-content\/uploads\/2025\/05\/myjka_skrzynipaletMPD-3-2048x1365.jpg 2048w\" sizes=\"(max-width: 768px) 100vw, 768px\" \/><\/a>\n\t\t\t<\/div>\n\t\t\t\t<figcaption class='wp-caption-text gallery-caption' id='gallery-1-4602'>\n\t\t\t\tCleanetic \u2013 myjki pojemnik\u00f3w \u2013 \n\t\t\t\t<\/figcaption><\/figure>\n\t\t<\/div>\n\t\t<\/div>\n\t\t\t\t\t\t<\/div>\n\t\t\t\t<\/div>\n\t\t\t\t<\/div>\n\t\t<div class=\"elementor-element elementor-element-335bd140 e-con-full e-flex e-con e-child\" data-id=\"335bd140\" data-element_type=\"container\" data-e-type=\"container\">\n\t\t\t\t<div class=\"elementor-element elementor-element-3770f092 elementor-widget elementor-widget-text-editor\" data-id=\"3770f092\" data-element_type=\"widget\" data-e-type=\"widget\" data-widget_type=\"text-editor.default\">\n\t\t\t\t<div class=\"elementor-widget-container\">\n\t\t\t\t\t\t\t\t\t<p data-start=\"52\" data-end=\"332\">The MPD-3 pallet box washer is a professional industrial solution designed for effective cleaning of crate pallets used in food processing operations. The machine ensures high efficiency, safety, and operational reliability, making it ideal for food processing facilities.<\/p><p data-start=\"334\" data-end=\"515\">The integrated grid system allows the creation of two separate working zones \u2013 clean and dirty \u2013 preventing cross-contamination and ensuring full control over the hygiene process.<\/p><p data-start=\"517\" data-end=\"788\">Advanced spray washing technology enables fast and thorough cleaning of crate pallets with maximum dimensions of 1200 \u00d7 1000 \u00d7 800 mm. The system combines high efficiency with precise control of the washing process, providing consistent results while saving energy.<\/p><p data-start=\"790\" data-end=\"1027\">Using the MPD-3 improves product and food safety, enhances process hygiene, and streamlines internal logistics. The machine is designed for intensive use and easy maintenance, ensuring long-term reliability and low operating costs.<\/p><p data-start=\"1029\" data-end=\"1125\">Available heating options: steam, electric, heat exchanger (water or steam), gas, oil.<\/p>\t\t\t\t\t\t\t\t<\/div>\n\t\t\t\t<\/div>\n\t\t\t\t<\/div>\n\t\t\t\t\t<\/div>\n\t\t\t\t<\/div>\n\t\t<div class=\"elementor-element elementor-element-55db9c2d e-flex e-con-boxed e-con e-parent\" data-id=\"55db9c2d\" data-element_type=\"container\" data-e-type=\"container\">\n\t\t\t\t\t<div class=\"e-con-inner\">\n\t\t\t\t<div class=\"elementor-element elementor-element-7cb3056d elementor-widget elementor-widget-text-editor\" data-id=\"7cb3056d\" data-element_type=\"widget\" data-e-type=\"widget\" data-widget_type=\"text-editor.default\">\n\t\t\t\t<div class=\"elementor-widget-container\">\n\t\t\t\t\t\t\t\t\t<p>The MPD-3 is the ideal solution for facilities that require a solid and cost-effective machine for cleaning large transport containers \u2013 regardless of the level of contamination or frequency of use.<\/p>\t\t\t\t\t\t\t\t<\/div>\n\t\t\t\t<\/div>\n\t\t\t\t\t<\/div>\n\t\t\t\t<\/div>\n\t\t<div class=\"elementor-element elementor-element-71c4d80 e-flex e-con-boxed e-con e-parent\" data-id=\"71c4d80\" data-element_type=\"container\" data-e-type=\"container\">\n\t\t\t\t\t<div class=\"e-con-inner\">\n\t\t<div class=\"elementor-element elementor-element-1a8b9038 e-con-full e-flex e-con e-child\" data-id=\"1a8b9038\" data-element_type=\"container\" data-e-type=\"container\">\n\t\t\t\t<\/div>\n\t\t<div class=\"elementor-element elementor-element-2c69229e e-con-full e-flex e-con e-child\" data-id=\"2c69229e\" data-element_type=\"container\" data-e-type=\"container\">\n\t\t\t\t<div class=\"elementor-element elementor-element-708e69be elementor-widget elementor-widget-heading\" data-id=\"708e69be\" data-element_type=\"widget\" data-e-type=\"widget\" data-widget_type=\"heading.default\">\n\t\t\t\t<div class=\"elementor-widget-container\">\n\t\t\t\t\t<h5 class=\"elementor-heading-title elementor-size-default\">Technical data<\/h5>\t\t\t\t<\/div>\n\t\t\t\t<\/div>\n\t\t\t\t<div class=\"elementor-element elementor-element-1fbc51db elementor-widget elementor-widget-bdt-table\" data-id=\"1fbc51db\" data-element_type=\"widget\" data-e-type=\"widget\" data-widget_type=\"bdt-table.default\">\n\t\t\t\t<div class=\"elementor-widget-container\">\n\t\t\t\t\t\t\t<div class=\"bdt-table\" id=\"bdt-table-1fbc51db\">\n\t\t\t<table>\n<thead>\n    <tr>\n        <th>Type<\/th>\n        <th>MPD-3 <\/th> \n    <\/tr>\n<\/thead>\n    <tr>\n        <td>capacity (pallet box\/h)<\/td>\n<td>up to 30<\/td> \n    <\/tr>\n    <tr>\n        <td>length (mm)<\/td>\n        <td>from 4570 to 6160 <\/td> \n    <\/tr>\n    <tr>\n        <td>width (mm)<\/td>\n        <td>from 3600 to 5170 <\/td> \n    <\/tr>\n    <tr>\n        <td>height (mm)<\/td>\n        <td>2860 <\/td> \n    <\/tr>\n<\/table>\t\t<\/div>\n\t\t\t\t\t\t<\/div>\n\t\t\t\t<\/div>\n\t\t\t\t<div class=\"elementor-element elementor-element-ba2aeec elementor-widget elementor-widget-text-editor\" data-id=\"ba2aeec\" data-element_type=\"widget\" data-e-type=\"widget\" data-widget_type=\"text-editor.default\">\n\t\t\t\t<div class=\"elementor-widget-container\">\n\t\t\t\t\t\t\t\t\t<p>* Dimensions depending on machine configuration<\/p>\t\t\t\t\t\t\t\t<\/div>\n\t\t\t\t<\/div>\n\t\t\t\t<\/div>\n\t\t\t\t\t<\/div>\n\t\t\t\t<\/div>\n\t\t<div class=\"elementor-element elementor-element-785182ef e-flex e-con-boxed e-con e-parent\" data-id=\"785182ef\" data-element_type=\"container\" data-e-type=\"container\">\n\t\t\t\t\t<div class=\"e-con-inner\">\n\t\t<div class=\"elementor-element elementor-element-11d9fd9c e-con-full e-flex e-con e-child\" data-id=\"11d9fd9c\" data-element_type=\"container\" data-e-type=\"container\">\n\t\t\t\t<\/div>\n\t\t<div class=\"elementor-element elementor-element-2bcc44ff e-con-full e-flex e-con e-child\" data-id=\"2bcc44ff\" data-element_type=\"container\" data-e-type=\"container\">\n\t\t\t\t<div class=\"elementor-element elementor-element-598491cc elementor-widget elementor-widget-text-editor\" data-id=\"598491cc\" data-element_type=\"widget\" data-e-type=\"widget\" data-widget_type=\"text-editor.default\">\n\t\t\t\t<div class=\"elementor-widget-container\">\n\t\t\t\t\t\t\t\t\t<ul><li>Separation of washing zones into dirty and clean areas <\/li><li>Effective washing system  <\/li><li>Roller conveyors to facilitate container loading into the rotator<\/li><li>Water filtration  <\/li><li>Bottom washing system<\/li><li>Container rotation during washing to minimize water residues<\/li><li>Electronic detergent dosing system<\/li><li>Safety features including protective meshes and a safety curtain<\/li><\/ul>\t\t\t\t\t\t\t\t<\/div>\n\t\t\t\t<\/div>\n\t\t\t\t<\/div>\n\t\t\t\t\t<\/div>\n\t\t\t\t<\/div>\n\t\t<div class=\"elementor-element elementor-element-46c162ea e-flex e-con-boxed e-con e-parent\" data-id=\"46c162ea\" data-element_type=\"container\" data-e-type=\"container\">\n\t\t\t\t\t<div class=\"e-con-inner\">\n\t\t<div class=\"elementor-element elementor-element-40958ee1 e-con-full e-flex e-con e-child\" data-id=\"40958ee1\" data-element_type=\"container\" data-e-type=\"container\" data-settings=\"{&quot;background_background&quot;:&quot;slideshow&quot;,&quot;background_slideshow_gallery&quot;:[],&quot;background_slideshow_slide_duration&quot;:5000,&quot;background_slideshow_slide_transition&quot;:&quot;fade&quot;,&quot;background_slideshow_transition_duration&quot;:500}\">\n\t\t\t\t<\/div>\n\t\t<div class=\"elementor-element elementor-element-387dce2 e-con-full e-flex e-con e-child\" data-id=\"387dce2\" data-element_type=\"container\" data-e-type=\"container\">\n\t\t\t\t<div class=\"elementor-element elementor-element-7fa305b5 elementor-widget elementor-widget-heading\" data-id=\"7fa305b5\" data-element_type=\"widget\" data-e-type=\"widget\" data-widget_type=\"heading.default\">\n\t\t\t\t<div class=\"elementor-widget-container\">\n\t\t\t\t\t<h5 class=\"elementor-heading-title elementor-size-default\">Control Console<\/h5>\t\t\t\t<\/div>\n\t\t\t\t<\/div>\n\t\t\t\t<div class=\"elementor-element elementor-element-1f099dab elementor-widget-mobile__width-initial elementor-widget elementor-widget-text-editor\" data-id=\"1f099dab\" data-element_type=\"widget\" data-e-type=\"widget\" data-widget_type=\"text-editor.default\">\n\t\t\t\t<div class=\"elementor-widget-container\">\n\t\t\t\t\t\t\t\t\t<ul><li>Intuitive operator panel<\/li><li>Capability to configure multiple washing programs<\/li><li>Water temperature control along with its reading <\/li><li>Chemical dosing On\/Off control<\/li><li>Emergency safety switch<\/li><li>Error signal with description<\/li><\/ul>\t\t\t\t\t\t\t\t<\/div>\n\t\t\t\t<\/div>\n\t\t\t\t<\/div>\n\t\t\t\t\t<\/div>\n\t\t\t\t<\/div>\n\t\t\t\t<\/div>\n\t\t","protected":false},"excerpt":{"rendered":"<p>Cleanetic \u2013 myjki pojemnik\u00f3w \u2013 The MPD-3 pallet box washer is a professional industrial solution designed for effective cleaning of crate pallets used in food processing operations. The machine ensures high efficiency, safety, and operational reliability, making it ideal for food processing facilities. The integrated grid system allows the creation of two separate working zones [&hellip;]<\/p>\n","protected":false},"author":2,"featured_media":4583,"parent":4751,"menu_order":22,"comment_status":"closed","ping_status":"closed","template":"","meta":{"footnotes":""},"class_list":["post-4722","page","type-page","status-publish","has-post-thumbnail","hentry"],"yoast_head":"<!-- This site is optimized with the Yoast SEO Premium plugin v27.4 (Yoast SEO v27.4) - https:\/\/yoast.com\/product\/yoast-seo-premium-wordpress\/ -->\n<title>Pallet Box Washer MPD-3, clean-dirty zone separation - Cleanetic<\/title>\n<meta name=\"description\" content=\"The MPD-3 pallet box washer with a clean\u2013dirty system provides efficient cleaning of crate pallets. High performance, process control, and energy savings.\" \/>\n<meta name=\"robots\" content=\"index, follow, max-snippet:-1, max-image-preview:large, max-video-preview:-1\" \/>\n<link rel=\"canonical\" href=\"https:\/\/www.cleanetic.tech\/en\/offer\/pallet-box-washers\/pallet-box-washer-mpd-3-clean-dirty-zone-separation\/\" \/>\n<meta property=\"og:locale\" content=\"en_US\" \/>\n<meta property=\"og:type\" content=\"article\" \/>\n<meta property=\"og:title\" content=\"Pallet Box Washer MPD-3, clean-dirty zone separation\" \/>\n<meta property=\"og:description\" content=\"The MPD-3 pallet box washer with a clean\u2013dirty system provides efficient cleaning of crate pallets. High performance, process control, and energy savings.\" \/>\n<meta property=\"og:url\" content=\"https:\/\/www.cleanetic.tech\/en\/offer\/pallet-box-washers\/pallet-box-washer-mpd-3-clean-dirty-zone-separation\/\" \/>\n<meta property=\"og:site_name\" content=\"Cleanetic\" \/>\n<meta property=\"article:modified_time\" content=\"2025-12-09T10:27:24+00:00\" \/>\n<meta property=\"og:image\" content=\"https:\/\/www.cleanetic.tech\/wp-content\/uploads\/2025\/05\/Myjka-skrzyniopalet-MPD-3-strefy-czysta-brudna.png\" \/>\n\t<meta property=\"og:image:width\" content=\"427\" \/>\n\t<meta property=\"og:image:height\" content=\"427\" \/>\n\t<meta property=\"og:image:type\" content=\"image\/png\" \/>\n<meta name=\"twitter:card\" content=\"summary_large_image\" \/>\n<meta name=\"twitter:label1\" content=\"Est. reading time\" \/>\n\t<meta name=\"twitter:data1\" content=\"3 minutes\" \/>\n<script type=\"application\/ld+json\" class=\"yoast-schema-graph\">{\"@context\":\"https:\\\/\\\/schema.org\",\"@graph\":[{\"@type\":\"WebPage\",\"@id\":\"https:\\\/\\\/www.cleanetic.tech\\\/en\\\/offer\\\/pallet-box-washers\\\/pallet-box-washer-mpd-3-clean-dirty-zone-separation\\\/\",\"url\":\"https:\\\/\\\/www.cleanetic.tech\\\/en\\\/offer\\\/pallet-box-washers\\\/pallet-box-washer-mpd-3-clean-dirty-zone-separation\\\/\",\"name\":\"Pallet Box Washer MPD-3, clean-dirty zone separation - Cleanetic\",\"isPartOf\":{\"@id\":\"https:\\\/\\\/www.cleanetic.tech\\\/#website\"},\"primaryImageOfPage\":{\"@id\":\"https:\\\/\\\/www.cleanetic.tech\\\/en\\\/offer\\\/pallet-box-washers\\\/pallet-box-washer-mpd-3-clean-dirty-zone-separation\\\/#primaryimage\"},\"image\":{\"@id\":\"https:\\\/\\\/www.cleanetic.tech\\\/en\\\/offer\\\/pallet-box-washers\\\/pallet-box-washer-mpd-3-clean-dirty-zone-separation\\\/#primaryimage\"},\"thumbnailUrl\":\"https:\\\/\\\/www.cleanetic.tech\\\/wp-content\\\/uploads\\\/2025\\\/05\\\/Myjka-skrzyniopalet-MPD-3-strefy-czysta-brudna.png\",\"datePublished\":\"2025-05-02T07:48:16+00:00\",\"dateModified\":\"2025-12-09T10:27:24+00:00\",\"description\":\"The MPD-3 pallet box washer with a clean\u2013dirty system provides efficient cleaning of crate pallets. High performance, process control, and energy savings.\",\"breadcrumb\":{\"@id\":\"https:\\\/\\\/www.cleanetic.tech\\\/en\\\/offer\\\/pallet-box-washers\\\/pallet-box-washer-mpd-3-clean-dirty-zone-separation\\\/#breadcrumb\"},\"inLanguage\":\"en-US\",\"potentialAction\":[{\"@type\":\"ReadAction\",\"target\":[\"https:\\\/\\\/www.cleanetic.tech\\\/en\\\/offer\\\/pallet-box-washers\\\/pallet-box-washer-mpd-3-clean-dirty-zone-separation\\\/\"]}]},{\"@type\":\"ImageObject\",\"inLanguage\":\"en-US\",\"@id\":\"https:\\\/\\\/www.cleanetic.tech\\\/en\\\/offer\\\/pallet-box-washers\\\/pallet-box-washer-mpd-3-clean-dirty-zone-separation\\\/#primaryimage\",\"url\":\"https:\\\/\\\/www.cleanetic.tech\\\/wp-content\\\/uploads\\\/2025\\\/05\\\/Myjka-skrzyniopalet-MPD-3-strefy-czysta-brudna.png\",\"contentUrl\":\"https:\\\/\\\/www.cleanetic.tech\\\/wp-content\\\/uploads\\\/2025\\\/05\\\/Myjka-skrzyniopalet-MPD-3-strefy-czysta-brudna.png\",\"width\":427,\"height\":427,\"caption\":\"Cleanetic \u2013 myjki pojemnik\u00f3w \u2013\"},{\"@type\":\"BreadcrumbList\",\"@id\":\"https:\\\/\\\/www.cleanetic.tech\\\/en\\\/offer\\\/pallet-box-washers\\\/pallet-box-washer-mpd-3-clean-dirty-zone-separation\\\/#breadcrumb\",\"itemListElement\":[{\"@type\":\"ListItem\",\"position\":1,\"name\":\"Strona g\u0142\u00f3wna\",\"item\":\"https:\\\/\\\/www.cleanetic.tech\\\/en\\\/\"},{\"@type\":\"ListItem\",\"position\":2,\"name\":\"Offer\",\"item\":\"https:\\\/\\\/www.cleanetic.tech\\\/en\\\/offer\\\/\"},{\"@type\":\"ListItem\",\"position\":3,\"name\":\"Pallet Box Washers\",\"item\":\"https:\\\/\\\/www.cleanetic.tech\\\/en\\\/offer\\\/pallet-box-washers\\\/\"},{\"@type\":\"ListItem\",\"position\":4,\"name\":\"Pallet Box Washer MPD-3, clean-dirty zone separation\"}]},{\"@type\":\"WebSite\",\"@id\":\"https:\\\/\\\/www.cleanetic.tech\\\/#website\",\"url\":\"https:\\\/\\\/www.cleanetic.tech\\\/\",\"name\":\"Cleanetic\",\"description\":\"Marka maszyn myj\u0105cych nale\u017c\u0105ca do grupy NOWICKI. Seria przemys\u0142owych system&oacute;w myj\u0105cych jest produkowana w nowoczesnym zak\u0142adzie produkcyjnym w Tomaszowie Mazowieckim.\",\"publisher\":{\"@id\":\"https:\\\/\\\/www.cleanetic.tech\\\/#organization\"},\"potentialAction\":[{\"@type\":\"SearchAction\",\"target\":{\"@type\":\"EntryPoint\",\"urlTemplate\":\"https:\\\/\\\/www.cleanetic.tech\\\/?s={search_term_string}\"},\"query-input\":{\"@type\":\"PropertyValueSpecification\",\"valueRequired\":true,\"valueName\":\"search_term_string\"}}],\"inLanguage\":\"en-US\"},{\"@type\":\"Organization\",\"@id\":\"https:\\\/\\\/www.cleanetic.tech\\\/#organization\",\"name\":\"Cleanetic\",\"url\":\"https:\\\/\\\/www.cleanetic.tech\\\/\",\"logo\":{\"@type\":\"ImageObject\",\"inLanguage\":\"en-US\",\"@id\":\"https:\\\/\\\/www.cleanetic.tech\\\/#\\\/schema\\\/logo\\\/image\\\/\",\"url\":\"https:\\\/\\\/www.cleanetic.tech\\\/wp-content\\\/uploads\\\/2025\\\/04\\\/cleanetic-logo.webp\",\"contentUrl\":\"https:\\\/\\\/www.cleanetic.tech\\\/wp-content\\\/uploads\\\/2025\\\/04\\\/cleanetic-logo.webp\",\"width\":973,\"height\":272,\"caption\":\"Cleanetic\"},\"image\":{\"@id\":\"https:\\\/\\\/www.cleanetic.tech\\\/#\\\/schema\\\/logo\\\/image\\\/\"}}]}<\/script>\n<!-- \/ Yoast SEO Premium plugin. -->","yoast_head_json":{"title":"Pallet Box Washer MPD-3, clean-dirty zone separation - Cleanetic","description":"The MPD-3 pallet box washer with a clean\u2013dirty system provides efficient cleaning of crate pallets. High performance, process control, and energy savings.","robots":{"index":"index","follow":"follow","max-snippet":"max-snippet:-1","max-image-preview":"max-image-preview:large","max-video-preview":"max-video-preview:-1"},"canonical":"https:\/\/www.cleanetic.tech\/en\/offer\/pallet-box-washers\/pallet-box-washer-mpd-3-clean-dirty-zone-separation\/","og_locale":"en_US","og_type":"article","og_title":"Pallet Box Washer MPD-3, clean-dirty zone separation","og_description":"The MPD-3 pallet box washer with a clean\u2013dirty system provides efficient cleaning of crate pallets. High performance, process control, and energy savings.","og_url":"https:\/\/www.cleanetic.tech\/en\/offer\/pallet-box-washers\/pallet-box-washer-mpd-3-clean-dirty-zone-separation\/","og_site_name":"Cleanetic","article_modified_time":"2025-12-09T10:27:24+00:00","og_image":[{"width":427,"height":427,"url":"https:\/\/www.cleanetic.tech\/wp-content\/uploads\/2025\/05\/Myjka-skrzyniopalet-MPD-3-strefy-czysta-brudna.png","type":"image\/png"}],"twitter_card":"summary_large_image","twitter_misc":{"Est. reading time":"3 minutes"},"schema":{"@context":"https:\/\/schema.org","@graph":[{"@type":"WebPage","@id":"https:\/\/www.cleanetic.tech\/en\/offer\/pallet-box-washers\/pallet-box-washer-mpd-3-clean-dirty-zone-separation\/","url":"https:\/\/www.cleanetic.tech\/en\/offer\/pallet-box-washers\/pallet-box-washer-mpd-3-clean-dirty-zone-separation\/","name":"Pallet Box Washer MPD-3, clean-dirty zone separation - Cleanetic","isPartOf":{"@id":"https:\/\/www.cleanetic.tech\/#website"},"primaryImageOfPage":{"@id":"https:\/\/www.cleanetic.tech\/en\/offer\/pallet-box-washers\/pallet-box-washer-mpd-3-clean-dirty-zone-separation\/#primaryimage"},"image":{"@id":"https:\/\/www.cleanetic.tech\/en\/offer\/pallet-box-washers\/pallet-box-washer-mpd-3-clean-dirty-zone-separation\/#primaryimage"},"thumbnailUrl":"https:\/\/www.cleanetic.tech\/wp-content\/uploads\/2025\/05\/Myjka-skrzyniopalet-MPD-3-strefy-czysta-brudna.png","datePublished":"2025-05-02T07:48:16+00:00","dateModified":"2025-12-09T10:27:24+00:00","description":"The MPD-3 pallet box washer with a clean\u2013dirty system provides efficient cleaning of crate pallets. High performance, process control, and energy savings.","breadcrumb":{"@id":"https:\/\/www.cleanetic.tech\/en\/offer\/pallet-box-washers\/pallet-box-washer-mpd-3-clean-dirty-zone-separation\/#breadcrumb"},"inLanguage":"en-US","potentialAction":[{"@type":"ReadAction","target":["https:\/\/www.cleanetic.tech\/en\/offer\/pallet-box-washers\/pallet-box-washer-mpd-3-clean-dirty-zone-separation\/"]}]},{"@type":"ImageObject","inLanguage":"en-US","@id":"https:\/\/www.cleanetic.tech\/en\/offer\/pallet-box-washers\/pallet-box-washer-mpd-3-clean-dirty-zone-separation\/#primaryimage","url":"https:\/\/www.cleanetic.tech\/wp-content\/uploads\/2025\/05\/Myjka-skrzyniopalet-MPD-3-strefy-czysta-brudna.png","contentUrl":"https:\/\/www.cleanetic.tech\/wp-content\/uploads\/2025\/05\/Myjka-skrzyniopalet-MPD-3-strefy-czysta-brudna.png","width":427,"height":427,"caption":"Cleanetic \u2013 myjki pojemnik\u00f3w \u2013"},{"@type":"BreadcrumbList","@id":"https:\/\/www.cleanetic.tech\/en\/offer\/pallet-box-washers\/pallet-box-washer-mpd-3-clean-dirty-zone-separation\/#breadcrumb","itemListElement":[{"@type":"ListItem","position":1,"name":"Strona g\u0142\u00f3wna","item":"https:\/\/www.cleanetic.tech\/en\/"},{"@type":"ListItem","position":2,"name":"Offer","item":"https:\/\/www.cleanetic.tech\/en\/offer\/"},{"@type":"ListItem","position":3,"name":"Pallet Box Washers","item":"https:\/\/www.cleanetic.tech\/en\/offer\/pallet-box-washers\/"},{"@type":"ListItem","position":4,"name":"Pallet Box Washer MPD-3, clean-dirty zone separation"}]},{"@type":"WebSite","@id":"https:\/\/www.cleanetic.tech\/#website","url":"https:\/\/www.cleanetic.tech\/","name":"Cleanetic","description":"Marka maszyn myj\u0105cych nale\u017c\u0105ca do grupy NOWICKI. Seria przemys\u0142owych system&oacute;w myj\u0105cych jest produkowana w nowoczesnym zak\u0142adzie produkcyjnym w Tomaszowie Mazowieckim.","publisher":{"@id":"https:\/\/www.cleanetic.tech\/#organization"},"potentialAction":[{"@type":"SearchAction","target":{"@type":"EntryPoint","urlTemplate":"https:\/\/www.cleanetic.tech\/?s={search_term_string}"},"query-input":{"@type":"PropertyValueSpecification","valueRequired":true,"valueName":"search_term_string"}}],"inLanguage":"en-US"},{"@type":"Organization","@id":"https:\/\/www.cleanetic.tech\/#organization","name":"Cleanetic","url":"https:\/\/www.cleanetic.tech\/","logo":{"@type":"ImageObject","inLanguage":"en-US","@id":"https:\/\/www.cleanetic.tech\/#\/schema\/logo\/image\/","url":"https:\/\/www.cleanetic.tech\/wp-content\/uploads\/2025\/04\/cleanetic-logo.webp","contentUrl":"https:\/\/www.cleanetic.tech\/wp-content\/uploads\/2025\/04\/cleanetic-logo.webp","width":973,"height":272,"caption":"Cleanetic"},"image":{"@id":"https:\/\/www.cleanetic.tech\/#\/schema\/logo\/image\/"}}]}},"_links":{"self":[{"href":"https:\/\/www.cleanetic.tech\/en\/wp-json\/wp\/v2\/pages\/4722","targetHints":{"allow":["GET"]}}],"collection":[{"href":"https:\/\/www.cleanetic.tech\/en\/wp-json\/wp\/v2\/pages"}],"about":[{"href":"https:\/\/www.cleanetic.tech\/en\/wp-json\/wp\/v2\/types\/page"}],"author":[{"embeddable":true,"href":"https:\/\/www.cleanetic.tech\/en\/wp-json\/wp\/v2\/users\/2"}],"replies":[{"embeddable":true,"href":"https:\/\/www.cleanetic.tech\/en\/wp-json\/wp\/v2\/comments?post=4722"}],"version-history":[{"count":13,"href":"https:\/\/www.cleanetic.tech\/en\/wp-json\/wp\/v2\/pages\/4722\/revisions"}],"predecessor-version":[{"id":7377,"href":"https:\/\/www.cleanetic.tech\/en\/wp-json\/wp\/v2\/pages\/4722\/revisions\/7377"}],"up":[{"embeddable":true,"href":"https:\/\/www.cleanetic.tech\/en\/wp-json\/wp\/v2\/pages\/4751"}],"wp:featuredmedia":[{"embeddable":true,"href":"https:\/\/www.cleanetic.tech\/en\/wp-json\/wp\/v2\/media\/4583"}],"wp:attachment":[{"href":"https:\/\/www.cleanetic.tech\/en\/wp-json\/wp\/v2\/media?parent=4722"}],"curies":[{"name":"wp","href":"https:\/\/api.w.org\/{rel}","templated":true}]}}