{"id":4720,"date":"2025-05-02T07:36:36","date_gmt":"2025-05-02T07:36:36","guid":{"rendered":"https:\/\/www.cleanetic.tech\/pallet-box-washer-mpd-1\/"},"modified":"2025-12-09T10:18:04","modified_gmt":"2025-12-09T10:18:04","slug":"pallet-box-washer-mpd-1","status":"publish","type":"page","link":"https:\/\/www.cleanetic.tech\/en\/offer\/pallet-box-washers\/pallet-box-washer-mpd-1\/","title":{"rendered":"Pallet Box Washer MPD-1"},"content":{"rendered":"\t\t<div data-elementor-type=\"wp-page\" data-elementor-id=\"4720\" class=\"elementor elementor-4720 elementor-1907\" data-elementor-settings=\"{&quot;element_pack_global_tooltip_width&quot;:{&quot;unit&quot;:&quot;px&quot;,&quot;size&quot;:&quot;&quot;,&quot;sizes&quot;:[]},&quot;element_pack_global_tooltip_width_tablet&quot;:{&quot;unit&quot;:&quot;px&quot;,&quot;size&quot;:&quot;&quot;,&quot;sizes&quot;:[]},&quot;element_pack_global_tooltip_width_mobile&quot;:{&quot;unit&quot;:&quot;px&quot;,&quot;size&quot;:&quot;&quot;,&quot;sizes&quot;:[]},&quot;element_pack_global_tooltip_padding&quot;:{&quot;unit&quot;:&quot;px&quot;,&quot;top&quot;:&quot;&quot;,&quot;right&quot;:&quot;&quot;,&quot;bottom&quot;:&quot;&quot;,&quot;left&quot;:&quot;&quot;,&quot;isLinked&quot;:true},&quot;element_pack_global_tooltip_padding_tablet&quot;:{&quot;unit&quot;:&quot;px&quot;,&quot;top&quot;:&quot;&quot;,&quot;right&quot;:&quot;&quot;,&quot;bottom&quot;:&quot;&quot;,&quot;left&quot;:&quot;&quot;,&quot;isLinked&quot;:true},&quot;element_pack_global_tooltip_padding_mobile&quot;:{&quot;unit&quot;:&quot;px&quot;,&quot;top&quot;:&quot;&quot;,&quot;right&quot;:&quot;&quot;,&quot;bottom&quot;:&quot;&quot;,&quot;left&quot;:&quot;&quot;,&quot;isLinked&quot;:true},&quot;element_pack_global_tooltip_border_radius&quot;:{&quot;unit&quot;:&quot;px&quot;,&quot;top&quot;:&quot;&quot;,&quot;right&quot;:&quot;&quot;,&quot;bottom&quot;:&quot;&quot;,&quot;left&quot;:&quot;&quot;,&quot;isLinked&quot;:true},&quot;element_pack_global_tooltip_border_radius_tablet&quot;:{&quot;unit&quot;:&quot;px&quot;,&quot;top&quot;:&quot;&quot;,&quot;right&quot;:&quot;&quot;,&quot;bottom&quot;:&quot;&quot;,&quot;left&quot;:&quot;&quot;,&quot;isLinked&quot;:true},&quot;element_pack_global_tooltip_border_radius_mobile&quot;:{&quot;unit&quot;:&quot;px&quot;,&quot;top&quot;:&quot;&quot;,&quot;right&quot;:&quot;&quot;,&quot;bottom&quot;:&quot;&quot;,&quot;left&quot;:&quot;&quot;,&quot;isLinked&quot;:true}}\" data-elementor-post-type=\"page\">\n\t\t\t\t<div class=\"elementor-element elementor-element-63add77d e-flex e-con-boxed e-con e-parent\" data-id=\"63add77d\" data-element_type=\"container\" data-e-type=\"container\">\n\t\t\t\t\t<div class=\"e-con-inner\">\n\t\t\t\t\t<\/div>\n\t\t\t\t<\/div>\n\t\t<div class=\"elementor-element elementor-element-694242ed e-flex e-con-boxed e-con e-parent\" data-id=\"694242ed\" data-element_type=\"container\" data-e-type=\"container\">\n\t\t\t\t\t<div class=\"e-con-inner\">\n\t\t<div class=\"elementor-element elementor-element-3fc11bca e-con-full e-flex e-con e-child\" data-id=\"3fc11bca\" data-element_type=\"container\" data-e-type=\"container\" data-settings=\"{&quot;background_background&quot;:&quot;classic&quot;}\">\n\t\t\t\t<div class=\"elementor-element elementor-element-3eb9340a elementor-widget elementor-widget-image-gallery\" data-id=\"3eb9340a\" data-element_type=\"widget\" data-e-type=\"widget\" data-widget_type=\"image-gallery.default\">\n\t\t\t\t<div class=\"elementor-widget-container\">\n\t\t\t\t\t\t\t<div class=\"elementor-image-gallery\">\n\t\t\t<div id='gallery-1' class='gallery galleryid-4720 gallery-columns-1 gallery-size-full'><figure class='gallery-item'>\n\t\t\t<div class='gallery-icon landscape'>\n\t\t\t\t<a data-elementor-open-lightbox=\"yes\" data-elementor-lightbox-slideshow=\"3eb9340a\" data-elementor-lightbox-description=\"Myjka skrzyniopalet Cleanetic MPD-1 zapewnia higieniczne i szybkie mycie skrzyniopalet w liniach przemys\u0142owych\" data-e-action-hash=\"#elementor-action%3Aaction%3Dlightbox%26settings%3DeyJpZCI6NDUzMywidXJsIjoiaHR0cHM6XC9cL3d3dy5jbGVhbmV0aWMudGVjaFwvd3AtY29udGVudFwvdXBsb2Fkc1wvMjAyNVwvMDVcL21wZC0yMDE0LWNsZWFuZXRpYy1zY2FsZWQuanBnIiwic2xpZGVzaG93IjoiM2ViOTM0MGEifQ%3D%3D\" href='https:\/\/www.cleanetic.tech\/wp-content\/uploads\/2025\/05\/mpd-2014-cleanetic-scaled.jpg'><img fetchpriority=\"high\" decoding=\"async\" width=\"2560\" height=\"1786\" src=\"https:\/\/www.cleanetic.tech\/wp-content\/uploads\/2025\/05\/mpd-2014-cleanetic-scaled.jpg\" class=\"attachment-full size-full\" alt=\"Cleanetic \u2013\" aria-describedby=\"gallery-1-4533\" srcset=\"https:\/\/www.cleanetic.tech\/wp-content\/uploads\/2025\/05\/mpd-2014-cleanetic-scaled.jpg 2560w, https:\/\/www.cleanetic.tech\/wp-content\/uploads\/2025\/05\/mpd-2014-cleanetic-300x209.jpg 300w, https:\/\/www.cleanetic.tech\/wp-content\/uploads\/2025\/05\/mpd-2014-cleanetic-1024x714.jpg 1024w, https:\/\/www.cleanetic.tech\/wp-content\/uploads\/2025\/05\/mpd-2014-cleanetic-768x536.jpg 768w, https:\/\/www.cleanetic.tech\/wp-content\/uploads\/2025\/05\/mpd-2014-cleanetic-1536x1072.jpg 1536w, https:\/\/www.cleanetic.tech\/wp-content\/uploads\/2025\/05\/mpd-2014-cleanetic-2048x1429.jpg 2048w\" sizes=\"(max-width: 2560px) 100vw, 2560px\" \/><\/a>\n\t\t\t<\/div>\n\t\t\t\t<figcaption class='wp-caption-text gallery-caption' id='gallery-1-4533'>\n\t\t\t\tCleanetic \u2013 myjki pojemnik\u00f3w \u2013 \n\t\t\t\t<\/figcaption><\/figure>\n\t\t<\/div>\n\t\t<\/div>\n\t\t\t\t\t\t<\/div>\n\t\t\t\t<\/div>\n\t\t\t\t<\/div>\n\t\t<div class=\"elementor-element elementor-element-1f599f6 e-con-full e-flex e-con e-child\" data-id=\"1f599f6\" data-element_type=\"container\" data-e-type=\"container\">\n\t\t\t\t<div class=\"elementor-element elementor-element-7e8ba9df elementor-widget elementor-widget-text-editor\" data-id=\"7e8ba9df\" data-element_type=\"widget\" data-e-type=\"widget\" data-widget_type=\"text-editor.default\">\n\t\t\t\t<div class=\"elementor-widget-container\">\n\t\t\t\t\t\t\t\t\t<p>The MPD-1 pallet washer is a professional industrial solution designed for effective cleaning of crate pallets used in food processing operations. The machine ensures high efficiency, safety, and operational reliability, making it ideal for food processing facilities. <\/p><p>Advanced spray washing technology allows fast and thorough cleaning of crate pallets with maximum dimensions of 1200 \u00d7 1000 \u00d7 800 mm. The system combines high efficiency with precise control over the washing process, delivering consistent results while saving energy. <\/p><p>Using the MPD-1 improves product and food safety, enhances process hygiene, and streamlines internal logistics. The machine\u2019s design is optimized for intensive use and easy maintenance, ensuring long-term reliability and low operating costs. <\/p><p>Available heating options: steam, electric, heat exchanger (water or steam), gas, and oil.<\/p>\t\t\t\t\t\t\t\t<\/div>\n\t\t\t\t<\/div>\n\t\t\t\t<\/div>\n\t\t\t\t\t<\/div>\n\t\t\t\t<\/div>\n\t\t<div class=\"elementor-element elementor-element-2316ac00 e-flex e-con-boxed e-con e-parent\" data-id=\"2316ac00\" data-element_type=\"container\" data-e-type=\"container\">\n\t\t\t\t\t<div class=\"e-con-inner\">\n\t\t\t\t<div class=\"elementor-element elementor-element-76fde6b elementor-widget elementor-widget-text-editor\" data-id=\"76fde6b\" data-element_type=\"widget\" data-e-type=\"widget\" data-widget_type=\"text-editor.default\">\n\t\t\t\t<div class=\"elementor-widget-container\">\n\t\t\t\t\t\t\t\t\t<p>The MPD-1 pallet washer is the ideal solution for facilities seeking a robust and cost-effective machine for keeping large transport containers clean\u2014regardless of the level of dirt or frequency of use.<\/p>\t\t\t\t\t\t\t\t<\/div>\n\t\t\t\t<\/div>\n\t\t\t\t\t<\/div>\n\t\t\t\t<\/div>\n\t\t<div class=\"elementor-element elementor-element-f64ef64 e-flex e-con-boxed e-con e-parent\" data-id=\"f64ef64\" data-element_type=\"container\" data-e-type=\"container\">\n\t\t\t\t\t<div class=\"e-con-inner\">\n\t\t<div class=\"elementor-element elementor-element-5b27752a e-con-full e-flex e-con e-child\" data-id=\"5b27752a\" data-element_type=\"container\" data-e-type=\"container\">\n\t\t\t\t<\/div>\n\t\t<div class=\"elementor-element elementor-element-756232 e-con-full e-flex e-con e-child\" data-id=\"756232\" data-element_type=\"container\" data-e-type=\"container\">\n\t\t\t\t<div class=\"elementor-element elementor-element-1147e276 elementor-widget elementor-widget-heading\" data-id=\"1147e276\" data-element_type=\"widget\" data-e-type=\"widget\" data-widget_type=\"heading.default\">\n\t\t\t\t<div class=\"elementor-widget-container\">\n\t\t\t\t\t<h5 class=\"elementor-heading-title elementor-size-default\">Technical data<\/h5>\t\t\t\t<\/div>\n\t\t\t\t<\/div>\n\t\t\t\t<div class=\"elementor-element elementor-element-6c070a50 elementor-widget elementor-widget-bdt-table\" data-id=\"6c070a50\" data-element_type=\"widget\" data-e-type=\"widget\" data-widget_type=\"bdt-table.default\">\n\t\t\t\t<div class=\"elementor-widget-container\">\n\t\t\t\t\t\t\t<div class=\"bdt-table\" id=\"bdt-table-6c070a50\">\n\t\t\t<table>\n<thead>\n    <tr>\n        <th>Type<\/th>\n        <th>MPD-1 <\/th> \n    <\/tr>\n<\/thead>\n    <tr>\n        <td>capacity (pallet box\/h)<\/td>\n<td>up to 30<\/td> \n    <\/tr>\n    <tr>\n        <td>length (mm)<\/td>\n        <td>4620 <\/td> \n    <\/tr>\n    <tr>\n        <td>width (mm)<\/td>\n        <td>2100\/2925* <\/td> \n    <\/tr>\n    <tr>\n        <td>height (mm)<\/td>\n        <td>2860 <\/td> \n    <\/tr>\n<\/table>\t\t<\/div>\n\t\t\t\t\t\t<\/div>\n\t\t\t\t<\/div>\n\t\t\t\t<div class=\"elementor-element elementor-element-31db9d3 elementor-widget elementor-widget-text-editor\" data-id=\"31db9d3\" data-element_type=\"widget\" data-e-type=\"widget\" data-widget_type=\"text-editor.default\">\n\t\t\t\t<div class=\"elementor-widget-container\">\n\t\t\t\t\t\t\t\t\t<p>*option with rotary filter<\/p>\t\t\t\t\t\t\t\t<\/div>\n\t\t\t\t<\/div>\n\t\t\t\t<\/div>\n\t\t\t\t\t<\/div>\n\t\t\t\t<\/div>\n\t\t<div class=\"elementor-element elementor-element-564c1602 e-flex e-con-boxed e-con e-parent\" data-id=\"564c1602\" data-element_type=\"container\" data-e-type=\"container\">\n\t\t\t\t\t<div class=\"e-con-inner\">\n\t\t<div class=\"elementor-element elementor-element-5ba130ea e-con-full e-flex e-con e-child\" data-id=\"5ba130ea\" data-element_type=\"container\" data-e-type=\"container\">\n\t\t\t\t<\/div>\n\t\t<div class=\"elementor-element elementor-element-24d7dce7 e-con-full e-flex e-con e-child\" data-id=\"24d7dce7\" data-element_type=\"container\" data-e-type=\"container\">\n\t\t\t\t<div class=\"elementor-element elementor-element-1374e333 elementor-widget elementor-widget-text-editor\" data-id=\"1374e333\" data-element_type=\"widget\" data-e-type=\"widget\" data-widget_type=\"text-editor.default\">\n\t\t\t\t<div class=\"elementor-widget-container\">\n\t\t\t\t\t\t\t\t\t<ul><li>Effective washing system  <\/li><li>Designed for one-person operation <\/li><li>Roller conveyors to facilitate container loading into the rotator<\/li><li>Water filtration  <\/li><li>Bottom washing system<\/li><li>Container rotation during washing to minimize water residues<\/li><li>Electronic detergent dosing system<\/li><li>Safety features including protective meshes and a safety curtain<\/li><\/ul>\t\t\t\t\t\t\t\t<\/div>\n\t\t\t\t<\/div>\n\t\t\t\t<\/div>\n\t\t\t\t\t<\/div>\n\t\t\t\t<\/div>\n\t\t<div class=\"elementor-element elementor-element-6adb7ddc e-flex e-con-boxed e-con e-parent\" data-id=\"6adb7ddc\" data-element_type=\"container\" data-e-type=\"container\">\n\t\t\t\t\t<div class=\"e-con-inner\">\n\t\t<div class=\"elementor-element elementor-element-6db61df7 e-con-full e-flex e-con e-child\" data-id=\"6db61df7\" data-element_type=\"container\" data-e-type=\"container\" data-settings=\"{&quot;background_background&quot;:&quot;slideshow&quot;,&quot;background_slideshow_gallery&quot;:[],&quot;background_slideshow_slide_duration&quot;:5000,&quot;background_slideshow_slide_transition&quot;:&quot;fade&quot;,&quot;background_slideshow_transition_duration&quot;:500}\">\n\t\t\t\t<\/div>\n\t\t<div class=\"elementor-element elementor-element-67e8d35f e-con-full e-flex e-con e-child\" data-id=\"67e8d35f\" data-element_type=\"container\" data-e-type=\"container\">\n\t\t\t\t<div class=\"elementor-element elementor-element-73fa0efc elementor-widget elementor-widget-heading\" data-id=\"73fa0efc\" data-element_type=\"widget\" data-e-type=\"widget\" data-widget_type=\"heading.default\">\n\t\t\t\t<div class=\"elementor-widget-container\">\n\t\t\t\t\t<h5 class=\"elementor-heading-title elementor-size-default\">Control Console<\/h5>\t\t\t\t<\/div>\n\t\t\t\t<\/div>\n\t\t\t\t<div class=\"elementor-element elementor-element-7b0c184f elementor-widget-mobile__width-initial elementor-widget elementor-widget-text-editor\" data-id=\"7b0c184f\" data-element_type=\"widget\" data-e-type=\"widget\" data-widget_type=\"text-editor.default\">\n\t\t\t\t<div class=\"elementor-widget-container\">\n\t\t\t\t\t\t\t\t\t<ul><li>Intuitive operator panel<\/li><li>Capability to configure multiple washing programs<\/li><li>Water temperature control along with its reading <\/li><li>Chemical dosing On\/Off control<\/li><li>Emergency safety switch<\/li><li>Error signal with description<\/li><\/ul>\t\t\t\t\t\t\t\t<\/div>\n\t\t\t\t<\/div>\n\t\t\t\t<\/div>\n\t\t\t\t\t<\/div>\n\t\t\t\t<\/div>\n\t\t\t\t<\/div>\n\t\t","protected":false},"excerpt":{"rendered":"<p>Cleanetic \u2013 myjki pojemnik\u00f3w \u2013 The MPD-1 pallet washer is a professional industrial solution designed for effective cleaning of crate pallets used in food processing operations. The machine ensures high efficiency, safety, and operational reliability, making it ideal for food processing facilities. Advanced spray washing technology allows fast and thorough cleaning of crate pallets with [&hellip;]<\/p>\n","protected":false},"author":2,"featured_media":4582,"parent":4751,"menu_order":21,"comment_status":"closed","ping_status":"closed","template":"","meta":{"footnotes":""},"class_list":["post-4720","page","type-page","status-publish","has-post-thumbnail","hentry"],"yoast_head":"<!-- This site is optimized with the Yoast SEO Premium plugin v27.4 (Yoast SEO v27.4) - https:\/\/yoast.com\/product\/yoast-seo-premium-wordpress\/ -->\n<title>Pallet Box Washer MPD-1 - Cleanetic<\/title>\n<meta name=\"description\" content=\"The MPD-1 box pallet washer is a machine designed for cleaning crate pallets. It offers high efficiency, energy savings, and reliability for the food industry.\" \/>\n<meta name=\"robots\" content=\"index, follow, max-snippet:-1, max-image-preview:large, max-video-preview:-1\" \/>\n<link rel=\"canonical\" href=\"https:\/\/www.cleanetic.tech\/en\/offer\/pallet-box-washers\/pallet-box-washer-mpd-1\/\" \/>\n<meta property=\"og:locale\" content=\"en_US\" \/>\n<meta property=\"og:type\" content=\"article\" \/>\n<meta property=\"og:title\" content=\"Pallet Box Washer MPD-1\" \/>\n<meta property=\"og:description\" content=\"The MPD-1 box pallet washer is a machine designed for cleaning crate pallets. It offers high efficiency, energy savings, and reliability for the food industry.\" \/>\n<meta property=\"og:url\" content=\"https:\/\/www.cleanetic.tech\/en\/offer\/pallet-box-washers\/pallet-box-washer-mpd-1\/\" \/>\n<meta property=\"og:site_name\" content=\"Cleanetic\" \/>\n<meta property=\"article:modified_time\" content=\"2025-12-09T10:18:04+00:00\" \/>\n<meta property=\"og:image\" content=\"https:\/\/www.cleanetic.tech\/wp-content\/uploads\/2025\/05\/Myjka-skrzyniopalet-MPD-1.png\" \/>\n\t<meta property=\"og:image:width\" content=\"427\" \/>\n\t<meta property=\"og:image:height\" content=\"427\" \/>\n\t<meta property=\"og:image:type\" content=\"image\/png\" \/>\n<meta name=\"twitter:card\" content=\"summary_large_image\" \/>\n<meta name=\"twitter:label1\" content=\"Est. reading time\" \/>\n\t<meta name=\"twitter:data1\" content=\"2 minutes\" \/>\n<script type=\"application\/ld+json\" class=\"yoast-schema-graph\">{\"@context\":\"https:\\\/\\\/schema.org\",\"@graph\":[{\"@type\":\"WebPage\",\"@id\":\"https:\\\/\\\/www.cleanetic.tech\\\/en\\\/offer\\\/pallet-box-washers\\\/pallet-box-washer-mpd-1\\\/\",\"url\":\"https:\\\/\\\/www.cleanetic.tech\\\/en\\\/offer\\\/pallet-box-washers\\\/pallet-box-washer-mpd-1\\\/\",\"name\":\"Pallet Box Washer MPD-1 - Cleanetic\",\"isPartOf\":{\"@id\":\"https:\\\/\\\/www.cleanetic.tech\\\/#website\"},\"primaryImageOfPage\":{\"@id\":\"https:\\\/\\\/www.cleanetic.tech\\\/en\\\/offer\\\/pallet-box-washers\\\/pallet-box-washer-mpd-1\\\/#primaryimage\"},\"image\":{\"@id\":\"https:\\\/\\\/www.cleanetic.tech\\\/en\\\/offer\\\/pallet-box-washers\\\/pallet-box-washer-mpd-1\\\/#primaryimage\"},\"thumbnailUrl\":\"https:\\\/\\\/www.cleanetic.tech\\\/wp-content\\\/uploads\\\/2025\\\/05\\\/Myjka-skrzyniopalet-MPD-1.png\",\"datePublished\":\"2025-05-02T07:36:36+00:00\",\"dateModified\":\"2025-12-09T10:18:04+00:00\",\"description\":\"The MPD-1 box pallet washer is a machine designed for cleaning crate pallets. It offers high efficiency, energy savings, and reliability for the food industry.\",\"breadcrumb\":{\"@id\":\"https:\\\/\\\/www.cleanetic.tech\\\/en\\\/offer\\\/pallet-box-washers\\\/pallet-box-washer-mpd-1\\\/#breadcrumb\"},\"inLanguage\":\"en-US\",\"potentialAction\":[{\"@type\":\"ReadAction\",\"target\":[\"https:\\\/\\\/www.cleanetic.tech\\\/en\\\/offer\\\/pallet-box-washers\\\/pallet-box-washer-mpd-1\\\/\"]}]},{\"@type\":\"ImageObject\",\"inLanguage\":\"en-US\",\"@id\":\"https:\\\/\\\/www.cleanetic.tech\\\/en\\\/offer\\\/pallet-box-washers\\\/pallet-box-washer-mpd-1\\\/#primaryimage\",\"url\":\"https:\\\/\\\/www.cleanetic.tech\\\/wp-content\\\/uploads\\\/2025\\\/05\\\/Myjka-skrzyniopalet-MPD-1.png\",\"contentUrl\":\"https:\\\/\\\/www.cleanetic.tech\\\/wp-content\\\/uploads\\\/2025\\\/05\\\/Myjka-skrzyniopalet-MPD-1.png\",\"width\":427,\"height\":427,\"caption\":\"Cleanetic \u2013 myjki pojemnik\u00f3w \u2013\"},{\"@type\":\"BreadcrumbList\",\"@id\":\"https:\\\/\\\/www.cleanetic.tech\\\/en\\\/offer\\\/pallet-box-washers\\\/pallet-box-washer-mpd-1\\\/#breadcrumb\",\"itemListElement\":[{\"@type\":\"ListItem\",\"position\":1,\"name\":\"Strona g\u0142\u00f3wna\",\"item\":\"https:\\\/\\\/www.cleanetic.tech\\\/en\\\/\"},{\"@type\":\"ListItem\",\"position\":2,\"name\":\"Offer\",\"item\":\"https:\\\/\\\/www.cleanetic.tech\\\/en\\\/offer\\\/\"},{\"@type\":\"ListItem\",\"position\":3,\"name\":\"Pallet Box Washers\",\"item\":\"https:\\\/\\\/www.cleanetic.tech\\\/en\\\/offer\\\/pallet-box-washers\\\/\"},{\"@type\":\"ListItem\",\"position\":4,\"name\":\"Pallet Box Washer MPD-1\"}]},{\"@type\":\"WebSite\",\"@id\":\"https:\\\/\\\/www.cleanetic.tech\\\/#website\",\"url\":\"https:\\\/\\\/www.cleanetic.tech\\\/\",\"name\":\"Cleanetic\",\"description\":\"Marka maszyn myj\u0105cych nale\u017c\u0105ca do grupy NOWICKI. Seria przemys\u0142owych system&oacute;w myj\u0105cych jest produkowana w nowoczesnym zak\u0142adzie produkcyjnym w Tomaszowie Mazowieckim.\",\"publisher\":{\"@id\":\"https:\\\/\\\/www.cleanetic.tech\\\/#organization\"},\"potentialAction\":[{\"@type\":\"SearchAction\",\"target\":{\"@type\":\"EntryPoint\",\"urlTemplate\":\"https:\\\/\\\/www.cleanetic.tech\\\/?s={search_term_string}\"},\"query-input\":{\"@type\":\"PropertyValueSpecification\",\"valueRequired\":true,\"valueName\":\"search_term_string\"}}],\"inLanguage\":\"en-US\"},{\"@type\":\"Organization\",\"@id\":\"https:\\\/\\\/www.cleanetic.tech\\\/#organization\",\"name\":\"Cleanetic\",\"url\":\"https:\\\/\\\/www.cleanetic.tech\\\/\",\"logo\":{\"@type\":\"ImageObject\",\"inLanguage\":\"en-US\",\"@id\":\"https:\\\/\\\/www.cleanetic.tech\\\/#\\\/schema\\\/logo\\\/image\\\/\",\"url\":\"https:\\\/\\\/www.cleanetic.tech\\\/wp-content\\\/uploads\\\/2025\\\/04\\\/cleanetic-logo.webp\",\"contentUrl\":\"https:\\\/\\\/www.cleanetic.tech\\\/wp-content\\\/uploads\\\/2025\\\/04\\\/cleanetic-logo.webp\",\"width\":973,\"height\":272,\"caption\":\"Cleanetic\"},\"image\":{\"@id\":\"https:\\\/\\\/www.cleanetic.tech\\\/#\\\/schema\\\/logo\\\/image\\\/\"}}]}<\/script>\n<!-- \/ Yoast SEO Premium plugin. -->","yoast_head_json":{"title":"Pallet Box Washer MPD-1 - Cleanetic","description":"The MPD-1 box pallet washer is a machine designed for cleaning crate pallets. It offers high efficiency, energy savings, and reliability for the food industry.","robots":{"index":"index","follow":"follow","max-snippet":"max-snippet:-1","max-image-preview":"max-image-preview:large","max-video-preview":"max-video-preview:-1"},"canonical":"https:\/\/www.cleanetic.tech\/en\/offer\/pallet-box-washers\/pallet-box-washer-mpd-1\/","og_locale":"en_US","og_type":"article","og_title":"Pallet Box Washer MPD-1","og_description":"The MPD-1 box pallet washer is a machine designed for cleaning crate pallets. It offers high efficiency, energy savings, and reliability for the food industry.","og_url":"https:\/\/www.cleanetic.tech\/en\/offer\/pallet-box-washers\/pallet-box-washer-mpd-1\/","og_site_name":"Cleanetic","article_modified_time":"2025-12-09T10:18:04+00:00","og_image":[{"width":427,"height":427,"url":"https:\/\/www.cleanetic.tech\/wp-content\/uploads\/2025\/05\/Myjka-skrzyniopalet-MPD-1.png","type":"image\/png"}],"twitter_card":"summary_large_image","twitter_misc":{"Est. reading time":"2 minutes"},"schema":{"@context":"https:\/\/schema.org","@graph":[{"@type":"WebPage","@id":"https:\/\/www.cleanetic.tech\/en\/offer\/pallet-box-washers\/pallet-box-washer-mpd-1\/","url":"https:\/\/www.cleanetic.tech\/en\/offer\/pallet-box-washers\/pallet-box-washer-mpd-1\/","name":"Pallet Box Washer MPD-1 - Cleanetic","isPartOf":{"@id":"https:\/\/www.cleanetic.tech\/#website"},"primaryImageOfPage":{"@id":"https:\/\/www.cleanetic.tech\/en\/offer\/pallet-box-washers\/pallet-box-washer-mpd-1\/#primaryimage"},"image":{"@id":"https:\/\/www.cleanetic.tech\/en\/offer\/pallet-box-washers\/pallet-box-washer-mpd-1\/#primaryimage"},"thumbnailUrl":"https:\/\/www.cleanetic.tech\/wp-content\/uploads\/2025\/05\/Myjka-skrzyniopalet-MPD-1.png","datePublished":"2025-05-02T07:36:36+00:00","dateModified":"2025-12-09T10:18:04+00:00","description":"The MPD-1 box pallet washer is a machine designed for cleaning crate pallets. It offers high efficiency, energy savings, and reliability for the food industry.","breadcrumb":{"@id":"https:\/\/www.cleanetic.tech\/en\/offer\/pallet-box-washers\/pallet-box-washer-mpd-1\/#breadcrumb"},"inLanguage":"en-US","potentialAction":[{"@type":"ReadAction","target":["https:\/\/www.cleanetic.tech\/en\/offer\/pallet-box-washers\/pallet-box-washer-mpd-1\/"]}]},{"@type":"ImageObject","inLanguage":"en-US","@id":"https:\/\/www.cleanetic.tech\/en\/offer\/pallet-box-washers\/pallet-box-washer-mpd-1\/#primaryimage","url":"https:\/\/www.cleanetic.tech\/wp-content\/uploads\/2025\/05\/Myjka-skrzyniopalet-MPD-1.png","contentUrl":"https:\/\/www.cleanetic.tech\/wp-content\/uploads\/2025\/05\/Myjka-skrzyniopalet-MPD-1.png","width":427,"height":427,"caption":"Cleanetic \u2013 myjki pojemnik\u00f3w \u2013"},{"@type":"BreadcrumbList","@id":"https:\/\/www.cleanetic.tech\/en\/offer\/pallet-box-washers\/pallet-box-washer-mpd-1\/#breadcrumb","itemListElement":[{"@type":"ListItem","position":1,"name":"Strona g\u0142\u00f3wna","item":"https:\/\/www.cleanetic.tech\/en\/"},{"@type":"ListItem","position":2,"name":"Offer","item":"https:\/\/www.cleanetic.tech\/en\/offer\/"},{"@type":"ListItem","position":3,"name":"Pallet Box Washers","item":"https:\/\/www.cleanetic.tech\/en\/offer\/pallet-box-washers\/"},{"@type":"ListItem","position":4,"name":"Pallet Box Washer MPD-1"}]},{"@type":"WebSite","@id":"https:\/\/www.cleanetic.tech\/#website","url":"https:\/\/www.cleanetic.tech\/","name":"Cleanetic","description":"Marka maszyn myj\u0105cych nale\u017c\u0105ca do grupy NOWICKI. Seria przemys\u0142owych system&oacute;w myj\u0105cych jest produkowana w nowoczesnym zak\u0142adzie produkcyjnym w Tomaszowie Mazowieckim.","publisher":{"@id":"https:\/\/www.cleanetic.tech\/#organization"},"potentialAction":[{"@type":"SearchAction","target":{"@type":"EntryPoint","urlTemplate":"https:\/\/www.cleanetic.tech\/?s={search_term_string}"},"query-input":{"@type":"PropertyValueSpecification","valueRequired":true,"valueName":"search_term_string"}}],"inLanguage":"en-US"},{"@type":"Organization","@id":"https:\/\/www.cleanetic.tech\/#organization","name":"Cleanetic","url":"https:\/\/www.cleanetic.tech\/","logo":{"@type":"ImageObject","inLanguage":"en-US","@id":"https:\/\/www.cleanetic.tech\/#\/schema\/logo\/image\/","url":"https:\/\/www.cleanetic.tech\/wp-content\/uploads\/2025\/04\/cleanetic-logo.webp","contentUrl":"https:\/\/www.cleanetic.tech\/wp-content\/uploads\/2025\/04\/cleanetic-logo.webp","width":973,"height":272,"caption":"Cleanetic"},"image":{"@id":"https:\/\/www.cleanetic.tech\/#\/schema\/logo\/image\/"}}]}},"_links":{"self":[{"href":"https:\/\/www.cleanetic.tech\/en\/wp-json\/wp\/v2\/pages\/4720","targetHints":{"allow":["GET"]}}],"collection":[{"href":"https:\/\/www.cleanetic.tech\/en\/wp-json\/wp\/v2\/pages"}],"about":[{"href":"https:\/\/www.cleanetic.tech\/en\/wp-json\/wp\/v2\/types\/page"}],"author":[{"embeddable":true,"href":"https:\/\/www.cleanetic.tech\/en\/wp-json\/wp\/v2\/users\/2"}],"replies":[{"embeddable":true,"href":"https:\/\/www.cleanetic.tech\/en\/wp-json\/wp\/v2\/comments?post=4720"}],"version-history":[{"count":4,"href":"https:\/\/www.cleanetic.tech\/en\/wp-json\/wp\/v2\/pages\/4720\/revisions"}],"predecessor-version":[{"id":7297,"href":"https:\/\/www.cleanetic.tech\/en\/wp-json\/wp\/v2\/pages\/4720\/revisions\/7297"}],"up":[{"embeddable":true,"href":"https:\/\/www.cleanetic.tech\/en\/wp-json\/wp\/v2\/pages\/4751"}],"wp:featuredmedia":[{"embeddable":true,"href":"https:\/\/www.cleanetic.tech\/en\/wp-json\/wp\/v2\/media\/4582"}],"wp:attachment":[{"href":"https:\/\/www.cleanetic.tech\/en\/wp-json\/wp\/v2\/media?parent=4720"}],"curies":[{"name":"wp","href":"https:\/\/api.w.org\/{rel}","templated":true}]}}