{"id":4716,"date":"2025-05-02T08:36:22","date_gmt":"2025-05-02T08:36:22","guid":{"rendered":"https:\/\/www.cleanetic.tech\/mk-1-smoke-stick-washer\/"},"modified":"2025-12-09T09:34:59","modified_gmt":"2025-12-09T09:34:59","slug":"mk-1-smoke-stick-washer","status":"publish","type":"page","link":"https:\/\/www.cleanetic.tech\/en\/offer\/smoke-stick-washers\/mk-1-smoke-stick-washer\/","title":{"rendered":"MK-1 Smoke Stick Washer"},"content":{"rendered":"\t\t<div data-elementor-type=\"wp-page\" data-elementor-id=\"4716\" class=\"elementor elementor-4716 elementor-2062\" data-elementor-settings=\"{&quot;element_pack_global_tooltip_width&quot;:{&quot;unit&quot;:&quot;px&quot;,&quot;size&quot;:&quot;&quot;,&quot;sizes&quot;:[]},&quot;element_pack_global_tooltip_width_tablet&quot;:{&quot;unit&quot;:&quot;px&quot;,&quot;size&quot;:&quot;&quot;,&quot;sizes&quot;:[]},&quot;element_pack_global_tooltip_width_mobile&quot;:{&quot;unit&quot;:&quot;px&quot;,&quot;size&quot;:&quot;&quot;,&quot;sizes&quot;:[]},&quot;element_pack_global_tooltip_padding&quot;:{&quot;unit&quot;:&quot;px&quot;,&quot;top&quot;:&quot;&quot;,&quot;right&quot;:&quot;&quot;,&quot;bottom&quot;:&quot;&quot;,&quot;left&quot;:&quot;&quot;,&quot;isLinked&quot;:true},&quot;element_pack_global_tooltip_padding_tablet&quot;:{&quot;unit&quot;:&quot;px&quot;,&quot;top&quot;:&quot;&quot;,&quot;right&quot;:&quot;&quot;,&quot;bottom&quot;:&quot;&quot;,&quot;left&quot;:&quot;&quot;,&quot;isLinked&quot;:true},&quot;element_pack_global_tooltip_padding_mobile&quot;:{&quot;unit&quot;:&quot;px&quot;,&quot;top&quot;:&quot;&quot;,&quot;right&quot;:&quot;&quot;,&quot;bottom&quot;:&quot;&quot;,&quot;left&quot;:&quot;&quot;,&quot;isLinked&quot;:true},&quot;element_pack_global_tooltip_border_radius&quot;:{&quot;unit&quot;:&quot;px&quot;,&quot;top&quot;:&quot;&quot;,&quot;right&quot;:&quot;&quot;,&quot;bottom&quot;:&quot;&quot;,&quot;left&quot;:&quot;&quot;,&quot;isLinked&quot;:true},&quot;element_pack_global_tooltip_border_radius_tablet&quot;:{&quot;unit&quot;:&quot;px&quot;,&quot;top&quot;:&quot;&quot;,&quot;right&quot;:&quot;&quot;,&quot;bottom&quot;:&quot;&quot;,&quot;left&quot;:&quot;&quot;,&quot;isLinked&quot;:true},&quot;element_pack_global_tooltip_border_radius_mobile&quot;:{&quot;unit&quot;:&quot;px&quot;,&quot;top&quot;:&quot;&quot;,&quot;right&quot;:&quot;&quot;,&quot;bottom&quot;:&quot;&quot;,&quot;left&quot;:&quot;&quot;,&quot;isLinked&quot;:true}}\" data-elementor-post-type=\"page\">\n\t\t\t\t<div class=\"elementor-element elementor-element-37eccdaf e-flex e-con-boxed e-con e-parent\" data-id=\"37eccdaf\" data-element_type=\"container\" data-e-type=\"container\">\n\t\t\t\t\t<div class=\"e-con-inner\">\n\t\t\t\t\t<\/div>\n\t\t\t\t<\/div>\n\t\t<div class=\"elementor-element elementor-element-1e62adb8 e-flex e-con-boxed e-con e-parent\" data-id=\"1e62adb8\" data-element_type=\"container\" data-e-type=\"container\">\n\t\t\t\t\t<div class=\"e-con-inner\">\n\t\t<div class=\"elementor-element elementor-element-647d02ef e-con-full e-flex e-con e-child\" data-id=\"647d02ef\" data-element_type=\"container\" data-e-type=\"container\" data-settings=\"{&quot;background_background&quot;:&quot;classic&quot;}\">\n\t\t\t\t<div class=\"elementor-element elementor-element-6d37f6c elementor-skin-carousel elementor-arrows-yes elementor-pagination-type-bullets elementor-pagination-position-outside elementor-widget elementor-widget-media-carousel\" data-id=\"6d37f6c\" data-element_type=\"widget\" data-e-type=\"widget\" data-settings=\"{&quot;slides_per_view&quot;:&quot;1&quot;,&quot;skin&quot;:&quot;carousel&quot;,&quot;effect&quot;:&quot;slide&quot;,&quot;show_arrows&quot;:&quot;yes&quot;,&quot;pagination&quot;:&quot;bullets&quot;,&quot;speed&quot;:500,&quot;autoplay&quot;:&quot;yes&quot;,&quot;autoplay_speed&quot;:5000,&quot;loop&quot;:&quot;yes&quot;,&quot;pause_on_hover&quot;:&quot;yes&quot;,&quot;pause_on_interaction&quot;:&quot;yes&quot;,&quot;space_between&quot;:{&quot;unit&quot;:&quot;px&quot;,&quot;size&quot;:10,&quot;sizes&quot;:[]},&quot;space_between_tablet&quot;:{&quot;unit&quot;:&quot;px&quot;,&quot;size&quot;:10,&quot;sizes&quot;:[]},&quot;space_between_mobile&quot;:{&quot;unit&quot;:&quot;px&quot;,&quot;size&quot;:10,&quot;sizes&quot;:[]}}\" data-widget_type=\"media-carousel.default\">\n\t\t\t\t<div class=\"elementor-widget-container\">\n\t\t\t\t\t\t\t\t\t<div class=\"elementor-swiper\">\n\t\t\t\t\t<div class=\"elementor-main-swiper swiper\" role=\"region\" aria-roledescription=\"carousel\" aria-label=\"Slajdy\">\n\t\t\t\t<div class=\"swiper-wrapper\">\n\t\t\t\t\t\t\t\t\t\t\t<div class=\"swiper-slide\" role=\"group\" aria-roledescription=\"slide\">\n\t\t\t\t\t\t\t\t\t<div class=\"elementor-carousel-image\" role=\"img\" aria-label=\"mk1\" style=\"background-image: url(&#039;https:\/\/www.cleanetic.tech\/wp-content\/uploads\/2025\/06\/mk1-scaled.jpg&#039;)\">\n\n\t\t\t\n\t\t\t\t\t<\/div>\n\t\t\t\t\t\t\t\t<\/div>\n\t\t\t\t\t\t\t\t\t\t\t<div class=\"swiper-slide\" role=\"group\" aria-roledescription=\"slide\">\n\t\t\t\t\t\t\t\t\t<div class=\"elementor-carousel-image\" role=\"img\" aria-label=\"MK-1 otwarta\" style=\"background-image: url(&#039;https:\/\/www.cleanetic.tech\/wp-content\/uploads\/2025\/06\/MK-1-otwarta-scaled.jpg&#039;)\">\n\n\t\t\t\n\t\t\t\t\t<\/div>\n\t\t\t\t\t\t\t\t<\/div>\n\t\t\t\t\t\t\t\t\t<\/div>\n\t\t\t\t\t\t\t\t\t\t\t\t\t\t\t<div class=\"elementor-swiper-button elementor-swiper-button-prev\" role=\"button\" tabindex=\"0\" aria-label=\"Previous\">\n\t\t\t\t\t\t\t<svg aria-hidden=\"true\" class=\"e-font-icon-svg e-eicon-chevron-left\" viewBox=\"0 0 1000 1000\" xmlns=\"http:\/\/www.w3.org\/2000\/svg\"><path d=\"M646 125C629 125 613 133 604 142L308 442C296 454 292 471 292 487 292 504 296 521 308 533L604 854C617 867 629 875 646 875 663 875 679 871 692 858 704 846 713 829 713 812 713 796 708 779 692 767L438 487 692 225C700 217 708 204 708 187 708 171 704 154 692 142 675 129 663 125 646 125Z\"><\/path><\/svg>\t\t\t\t\t\t<\/div>\n\t\t\t\t\t\t<div class=\"elementor-swiper-button elementor-swiper-button-next\" role=\"button\" tabindex=\"0\" aria-label=\"Next\">\n\t\t\t\t\t\t\t<svg aria-hidden=\"true\" class=\"e-font-icon-svg e-eicon-chevron-right\" viewBox=\"0 0 1000 1000\" xmlns=\"http:\/\/www.w3.org\/2000\/svg\"><path d=\"M696 533C708 521 713 504 713 487 713 471 708 454 696 446L400 146C388 133 375 125 354 125 338 125 325 129 313 142 300 154 292 171 292 187 292 204 296 221 308 233L563 492 304 771C292 783 288 800 288 817 288 833 296 850 308 863 321 871 338 875 354 875 371 875 388 867 400 854L696 533Z\"><\/path><\/svg>\t\t\t\t\t\t<\/div>\n\t\t\t\t\t\t\t\t\t\t\t\t\t\t\t\t<div class=\"swiper-pagination\"><\/div>\n\t\t\t\t\t\t\t\t\t\t\t\t<\/div>\n\t\t\t\t<\/div>\n\t\t\t\t\t\t\t\t<\/div>\n\t\t\t\t<\/div>\n\t\t\t\t<\/div>\n\t\t<div class=\"elementor-element elementor-element-1ab0c41f e-con-full e-flex e-con e-child\" data-id=\"1ab0c41f\" data-element_type=\"container\" data-e-type=\"container\">\n\t\t\t\t<div class=\"elementor-element elementor-element-1eddc1fc elementor-widget elementor-widget-text-editor\" data-id=\"1eddc1fc\" data-element_type=\"widget\" data-e-type=\"widget\" data-widget_type=\"text-editor.default\">\n\t\t\t\t<div class=\"elementor-widget-container\">\n\t\t\t\t\t\t\t\t\t<p>The MK-1 smoke stick washer is a compact and efficient industrial machine designed for meat processing plants and smoking chambers where hygiene, ease of operation, and cleaning efficiency are top priorities.<\/p><p>The machine allows thorough cleaning of smoke sticks regardless of their level of dirt, effectively removing residues generated during the smoking process. The specially designed washing drum ensures even cleaning of all surfaces while protecting the sticks from mechanical damage.<\/p><p>The MK-1 washer is made from high-quality materials, ensuring long service life and easy maintenance. Its simple, ergonomic design makes it easy to operate, clean, and service, and its compact size allows convenient installation even in smaller production areas.<\/p><p>Using the MK-1 washer improves meat product safety, reduces the time required for stick cleaning, and streamlines the entire preparation process for smoking, resulting in increased plant efficiency.<\/p>\t\t\t\t\t\t\t\t<\/div>\n\t\t\t\t<\/div>\n\t\t\t\t<\/div>\n\t\t\t\t\t<\/div>\n\t\t\t\t<\/div>\n\t\t<div class=\"elementor-element elementor-element-595bce1 e-flex e-con-boxed e-con e-parent\" data-id=\"595bce1\" data-element_type=\"container\" data-e-type=\"container\">\n\t\t\t\t\t<div class=\"e-con-inner\">\n\t\t\t\t<div class=\"elementor-element elementor-element-1f7eecdc elementor-widget elementor-widget-text-editor\" data-id=\"1f7eecdc\" data-element_type=\"widget\" data-e-type=\"widget\" data-widget_type=\"text-editor.default\">\n\t\t\t\t<div class=\"elementor-widget-container\">\n\t\t\t\t\t\t\t\t\t<p>The MK-1 is a reliable solution for companies seeking to maintain clean smoke sticks and uphold high hygiene standards in their production processes.<\/p>\t\t\t\t\t\t\t\t<\/div>\n\t\t\t\t<\/div>\n\t\t\t\t\t<\/div>\n\t\t\t\t<\/div>\n\t\t<div class=\"elementor-element elementor-element-3a312696 e-flex e-con-boxed e-con e-parent\" data-id=\"3a312696\" data-element_type=\"container\" data-e-type=\"container\">\n\t\t\t\t\t<div class=\"e-con-inner\">\n\t\t<div class=\"elementor-element elementor-element-3c36dd05 e-con-full e-flex e-con e-child\" data-id=\"3c36dd05\" data-element_type=\"container\" data-e-type=\"container\">\n\t\t\t\t<\/div>\n\t\t<div class=\"elementor-element elementor-element-3f056f63 e-con-full e-flex e-con e-child\" data-id=\"3f056f63\" data-element_type=\"container\" data-e-type=\"container\">\n\t\t\t\t<div class=\"elementor-element elementor-element-222eff8a elementor-widget elementor-widget-heading\" data-id=\"222eff8a\" data-element_type=\"widget\" data-e-type=\"widget\" data-widget_type=\"heading.default\">\n\t\t\t\t<div class=\"elementor-widget-container\">\n\t\t\t\t\t<h5 class=\"elementor-heading-title elementor-size-default\">Technical data<\/h5>\t\t\t\t<\/div>\n\t\t\t\t<\/div>\n\t\t\t\t<div class=\"elementor-element elementor-element-129ef58b elementor-widget elementor-widget-bdt-table\" data-id=\"129ef58b\" data-element_type=\"widget\" data-e-type=\"widget\" data-widget_type=\"bdt-table.default\">\n\t\t\t\t<div class=\"elementor-widget-container\">\n\t\t\t\t\t\t\t<div class=\"bdt-table\" id=\"bdt-table-129ef58b\">\n\t\t\t<table>\n<thead>\n   <tr>\n        <th>Type<\/th>\n        <th>MK-1 <\/th> \n    <\/tr>\n<\/thead>\n    <tr>\n        <td>capacity (pcs or kg \/ 30 minutes of operation)<\/td>\n<td>300\/200<\/td> \n    <\/tr>\n    <tr>\n        <td>length (mm)<\/td>\n        <td>1780 <\/td> \n    <\/tr>\n    <tr>\n        <td>width (mm)<\/td>\n        <td>860 <\/td> \n    <\/tr>\n    <tr>\n        <td>height (mm)<\/td>\n        <td>1550 <\/td> \n    <\/tr>\n<\/table>\t\t<\/div>\n\t\t\t\t\t\t<\/div>\n\t\t\t\t<\/div>\n\t\t\t\t<\/div>\n\t\t\t\t\t<\/div>\n\t\t\t\t<\/div>\n\t\t<div class=\"elementor-element elementor-element-5a8dac4d e-flex e-con-boxed e-con e-parent\" data-id=\"5a8dac4d\" data-element_type=\"container\" data-e-type=\"container\">\n\t\t\t\t\t<div class=\"e-con-inner\">\n\t\t<div class=\"elementor-element elementor-element-710e917c e-con-full e-flex e-con e-child\" data-id=\"710e917c\" data-element_type=\"container\" data-e-type=\"container\">\n\t\t\t\t<\/div>\n\t\t<div class=\"elementor-element elementor-element-56d34618 e-con-full e-flex e-con e-child\" data-id=\"56d34618\" data-element_type=\"container\" data-e-type=\"container\">\n\t\t\t\t<div class=\"elementor-element elementor-element-63ce6519 elementor-widget elementor-widget-text-editor\" data-id=\"63ce6519\" data-element_type=\"widget\" data-e-type=\"widget\" data-widget_type=\"text-editor.default\">\n\t\t\t\t<div class=\"elementor-widget-container\">\n\t\t\t\t\t\t\t\t\t<ul><li>Application: washing of smoke sticks up to 1000 mm in length<\/li><li>Housing and working parts made of AISI 304 stainless steel<\/li><li>Easy cleaning and maintenance thanks to the openable chamber <\/li><li>Compliant with sanitary and hygiene standards for the food industry<\/li><\/ul>\t\t\t\t\t\t\t\t<\/div>\n\t\t\t\t<\/div>\n\t\t\t\t<\/div>\n\t\t\t\t\t<\/div>\n\t\t\t\t<\/div>\n\t\t\t\t<\/div>\n\t\t","protected":false},"excerpt":{"rendered":"<p>The MK-1 smoke stick washer is a compact and efficient industrial machine designed for meat processing plants and smoking chambers where hygiene, ease of operation, and cleaning efficiency are top priorities. The machine allows thorough cleaning of smoke sticks regardless of their level of dirt, effectively removing residues generated during the smoking process. The specially [&hellip;]<\/p>\n","protected":false},"author":2,"featured_media":4588,"parent":4759,"menu_order":51,"comment_status":"closed","ping_status":"closed","template":"","meta":{"footnotes":""},"class_list":["post-4716","page","type-page","status-publish","has-post-thumbnail","hentry"],"yoast_head":"<!-- This site is optimized with the Yoast SEO Premium plugin v27.5 (Yoast SEO v27.5) - https:\/\/yoast.com\/product\/yoast-seo-premium-wordpress\/ -->\n<title>MK-1 Smoke Stick Washer - Cleanetic<\/title>\n<meta name=\"description\" content=\"The MK-1 smoke stick washer is a compact machine designed for effective cleaning of smoke sticks. High efficiency, hygiene, and ease of use.\" \/>\n<meta name=\"robots\" content=\"index, follow, max-snippet:-1, max-image-preview:large, max-video-preview:-1\" \/>\n<link rel=\"canonical\" href=\"https:\/\/www.cleanetic.tech\/en\/offer\/smoke-stick-washers\/mk-1-smoke-stick-washer\/\" \/>\n<meta property=\"og:locale\" content=\"en_US\" \/>\n<meta property=\"og:type\" content=\"article\" \/>\n<meta property=\"og:title\" content=\"MK-1 Smoke Stick Washer\" \/>\n<meta property=\"og:description\" content=\"The MK-1 smoke stick washer is a compact machine designed for effective cleaning of smoke sticks. High efficiency, hygiene, and ease of use.\" \/>\n<meta property=\"og:url\" content=\"https:\/\/www.cleanetic.tech\/en\/offer\/smoke-stick-washers\/mk-1-smoke-stick-washer\/\" \/>\n<meta property=\"og:site_name\" content=\"Cleanetic\" \/>\n<meta property=\"article:modified_time\" content=\"2025-12-09T09:34:59+00:00\" \/>\n<meta property=\"og:image\" content=\"https:\/\/www.cleanetic.tech\/wp-content\/uploads\/2025\/05\/Myjka-kijow-wedzarniczych-MK-1.png\" \/>\n\t<meta property=\"og:image:width\" content=\"427\" \/>\n\t<meta property=\"og:image:height\" content=\"427\" \/>\n\t<meta property=\"og:image:type\" content=\"image\/png\" \/>\n<meta name=\"twitter:card\" content=\"summary_large_image\" \/>\n<meta name=\"twitter:label1\" content=\"Est. reading time\" \/>\n\t<meta name=\"twitter:data1\" content=\"1 minute\" \/>\n<script type=\"application\/ld+json\" class=\"yoast-schema-graph\">{\"@context\":\"https:\\\/\\\/schema.org\",\"@graph\":[{\"@type\":\"WebPage\",\"@id\":\"https:\\\/\\\/www.cleanetic.tech\\\/en\\\/offer\\\/smoke-stick-washers\\\/mk-1-smoke-stick-washer\\\/\",\"url\":\"https:\\\/\\\/www.cleanetic.tech\\\/en\\\/offer\\\/smoke-stick-washers\\\/mk-1-smoke-stick-washer\\\/\",\"name\":\"MK-1 Smoke Stick Washer - Cleanetic\",\"isPartOf\":{\"@id\":\"https:\\\/\\\/www.cleanetic.tech\\\/#website\"},\"primaryImageOfPage\":{\"@id\":\"https:\\\/\\\/www.cleanetic.tech\\\/en\\\/offer\\\/smoke-stick-washers\\\/mk-1-smoke-stick-washer\\\/#primaryimage\"},\"image\":{\"@id\":\"https:\\\/\\\/www.cleanetic.tech\\\/en\\\/offer\\\/smoke-stick-washers\\\/mk-1-smoke-stick-washer\\\/#primaryimage\"},\"thumbnailUrl\":\"https:\\\/\\\/www.cleanetic.tech\\\/wp-content\\\/uploads\\\/2025\\\/05\\\/Myjka-kijow-wedzarniczych-MK-1.png\",\"datePublished\":\"2025-05-02T08:36:22+00:00\",\"dateModified\":\"2025-12-09T09:34:59+00:00\",\"description\":\"The MK-1 smoke stick washer is a compact machine designed for effective cleaning of smoke sticks. High efficiency, hygiene, and ease of use.\",\"breadcrumb\":{\"@id\":\"https:\\\/\\\/www.cleanetic.tech\\\/en\\\/offer\\\/smoke-stick-washers\\\/mk-1-smoke-stick-washer\\\/#breadcrumb\"},\"inLanguage\":\"en-US\",\"potentialAction\":[{\"@type\":\"ReadAction\",\"target\":[\"https:\\\/\\\/www.cleanetic.tech\\\/en\\\/offer\\\/smoke-stick-washers\\\/mk-1-smoke-stick-washer\\\/\"]}]},{\"@type\":\"ImageObject\",\"inLanguage\":\"en-US\",\"@id\":\"https:\\\/\\\/www.cleanetic.tech\\\/en\\\/offer\\\/smoke-stick-washers\\\/mk-1-smoke-stick-washer\\\/#primaryimage\",\"url\":\"https:\\\/\\\/www.cleanetic.tech\\\/wp-content\\\/uploads\\\/2025\\\/05\\\/Myjka-kijow-wedzarniczych-MK-1.png\",\"contentUrl\":\"https:\\\/\\\/www.cleanetic.tech\\\/wp-content\\\/uploads\\\/2025\\\/05\\\/Myjka-kijow-wedzarniczych-MK-1.png\",\"width\":427,\"height\":427,\"caption\":\"Cleanetic \u2013 myjki pojemnik\u00f3w \u2013\"},{\"@type\":\"BreadcrumbList\",\"@id\":\"https:\\\/\\\/www.cleanetic.tech\\\/en\\\/offer\\\/smoke-stick-washers\\\/mk-1-smoke-stick-washer\\\/#breadcrumb\",\"itemListElement\":[{\"@type\":\"ListItem\",\"position\":1,\"name\":\"Strona g\u0142\u00f3wna\",\"item\":\"https:\\\/\\\/www.cleanetic.tech\\\/en\\\/\"},{\"@type\":\"ListItem\",\"position\":2,\"name\":\"Offer\",\"item\":\"https:\\\/\\\/www.cleanetic.tech\\\/en\\\/offer\\\/\"},{\"@type\":\"ListItem\",\"position\":3,\"name\":\"Smoke Stick Washers\",\"item\":\"https:\\\/\\\/www.cleanetic.tech\\\/en\\\/offer\\\/smoke-stick-washers\\\/\"},{\"@type\":\"ListItem\",\"position\":4,\"name\":\"MK-1 Smoke Stick Washer\"}]},{\"@type\":\"WebSite\",\"@id\":\"https:\\\/\\\/www.cleanetic.tech\\\/#website\",\"url\":\"https:\\\/\\\/www.cleanetic.tech\\\/\",\"name\":\"Cleanetic\",\"description\":\"Marka maszyn myj\u0105cych nale\u017c\u0105ca do grupy NOWICKI. Seria przemys\u0142owych system&oacute;w myj\u0105cych jest produkowana w nowoczesnym zak\u0142adzie produkcyjnym w Tomaszowie Mazowieckim.\",\"publisher\":{\"@id\":\"https:\\\/\\\/www.cleanetic.tech\\\/#organization\"},\"potentialAction\":[{\"@type\":\"SearchAction\",\"target\":{\"@type\":\"EntryPoint\",\"urlTemplate\":\"https:\\\/\\\/www.cleanetic.tech\\\/?s={search_term_string}\"},\"query-input\":{\"@type\":\"PropertyValueSpecification\",\"valueRequired\":true,\"valueName\":\"search_term_string\"}}],\"inLanguage\":\"en-US\"},{\"@type\":\"Organization\",\"@id\":\"https:\\\/\\\/www.cleanetic.tech\\\/#organization\",\"name\":\"Cleanetic\",\"url\":\"https:\\\/\\\/www.cleanetic.tech\\\/\",\"logo\":{\"@type\":\"ImageObject\",\"inLanguage\":\"en-US\",\"@id\":\"https:\\\/\\\/www.cleanetic.tech\\\/#\\\/schema\\\/logo\\\/image\\\/\",\"url\":\"https:\\\/\\\/www.cleanetic.tech\\\/wp-content\\\/uploads\\\/2025\\\/04\\\/cleanetic-logo.webp\",\"contentUrl\":\"https:\\\/\\\/www.cleanetic.tech\\\/wp-content\\\/uploads\\\/2025\\\/04\\\/cleanetic-logo.webp\",\"width\":973,\"height\":272,\"caption\":\"Cleanetic\"},\"image\":{\"@id\":\"https:\\\/\\\/www.cleanetic.tech\\\/#\\\/schema\\\/logo\\\/image\\\/\"}}]}<\/script>\n<!-- \/ Yoast SEO Premium plugin. -->","yoast_head_json":{"title":"MK-1 Smoke Stick Washer - Cleanetic","description":"The MK-1 smoke stick washer is a compact machine designed for effective cleaning of smoke sticks. High efficiency, hygiene, and ease of use.","robots":{"index":"index","follow":"follow","max-snippet":"max-snippet:-1","max-image-preview":"max-image-preview:large","max-video-preview":"max-video-preview:-1"},"canonical":"https:\/\/www.cleanetic.tech\/en\/offer\/smoke-stick-washers\/mk-1-smoke-stick-washer\/","og_locale":"en_US","og_type":"article","og_title":"MK-1 Smoke Stick Washer","og_description":"The MK-1 smoke stick washer is a compact machine designed for effective cleaning of smoke sticks. High efficiency, hygiene, and ease of use.","og_url":"https:\/\/www.cleanetic.tech\/en\/offer\/smoke-stick-washers\/mk-1-smoke-stick-washer\/","og_site_name":"Cleanetic","article_modified_time":"2025-12-09T09:34:59+00:00","og_image":[{"width":427,"height":427,"url":"https:\/\/www.cleanetic.tech\/wp-content\/uploads\/2025\/05\/Myjka-kijow-wedzarniczych-MK-1.png","type":"image\/png"}],"twitter_card":"summary_large_image","twitter_misc":{"Est. reading time":"1 minute"},"schema":{"@context":"https:\/\/schema.org","@graph":[{"@type":"WebPage","@id":"https:\/\/www.cleanetic.tech\/en\/offer\/smoke-stick-washers\/mk-1-smoke-stick-washer\/","url":"https:\/\/www.cleanetic.tech\/en\/offer\/smoke-stick-washers\/mk-1-smoke-stick-washer\/","name":"MK-1 Smoke Stick Washer - Cleanetic","isPartOf":{"@id":"https:\/\/www.cleanetic.tech\/#website"},"primaryImageOfPage":{"@id":"https:\/\/www.cleanetic.tech\/en\/offer\/smoke-stick-washers\/mk-1-smoke-stick-washer\/#primaryimage"},"image":{"@id":"https:\/\/www.cleanetic.tech\/en\/offer\/smoke-stick-washers\/mk-1-smoke-stick-washer\/#primaryimage"},"thumbnailUrl":"https:\/\/www.cleanetic.tech\/wp-content\/uploads\/2025\/05\/Myjka-kijow-wedzarniczych-MK-1.png","datePublished":"2025-05-02T08:36:22+00:00","dateModified":"2025-12-09T09:34:59+00:00","description":"The MK-1 smoke stick washer is a compact machine designed for effective cleaning of smoke sticks. High efficiency, hygiene, and ease of use.","breadcrumb":{"@id":"https:\/\/www.cleanetic.tech\/en\/offer\/smoke-stick-washers\/mk-1-smoke-stick-washer\/#breadcrumb"},"inLanguage":"en-US","potentialAction":[{"@type":"ReadAction","target":["https:\/\/www.cleanetic.tech\/en\/offer\/smoke-stick-washers\/mk-1-smoke-stick-washer\/"]}]},{"@type":"ImageObject","inLanguage":"en-US","@id":"https:\/\/www.cleanetic.tech\/en\/offer\/smoke-stick-washers\/mk-1-smoke-stick-washer\/#primaryimage","url":"https:\/\/www.cleanetic.tech\/wp-content\/uploads\/2025\/05\/Myjka-kijow-wedzarniczych-MK-1.png","contentUrl":"https:\/\/www.cleanetic.tech\/wp-content\/uploads\/2025\/05\/Myjka-kijow-wedzarniczych-MK-1.png","width":427,"height":427,"caption":"Cleanetic \u2013 myjki pojemnik\u00f3w \u2013"},{"@type":"BreadcrumbList","@id":"https:\/\/www.cleanetic.tech\/en\/offer\/smoke-stick-washers\/mk-1-smoke-stick-washer\/#breadcrumb","itemListElement":[{"@type":"ListItem","position":1,"name":"Strona g\u0142\u00f3wna","item":"https:\/\/www.cleanetic.tech\/en\/"},{"@type":"ListItem","position":2,"name":"Offer","item":"https:\/\/www.cleanetic.tech\/en\/offer\/"},{"@type":"ListItem","position":3,"name":"Smoke Stick Washers","item":"https:\/\/www.cleanetic.tech\/en\/offer\/smoke-stick-washers\/"},{"@type":"ListItem","position":4,"name":"MK-1 Smoke Stick Washer"}]},{"@type":"WebSite","@id":"https:\/\/www.cleanetic.tech\/#website","url":"https:\/\/www.cleanetic.tech\/","name":"Cleanetic","description":"Marka maszyn myj\u0105cych nale\u017c\u0105ca do grupy NOWICKI. Seria przemys\u0142owych system&oacute;w myj\u0105cych jest produkowana w nowoczesnym zak\u0142adzie produkcyjnym w Tomaszowie Mazowieckim.","publisher":{"@id":"https:\/\/www.cleanetic.tech\/#organization"},"potentialAction":[{"@type":"SearchAction","target":{"@type":"EntryPoint","urlTemplate":"https:\/\/www.cleanetic.tech\/?s={search_term_string}"},"query-input":{"@type":"PropertyValueSpecification","valueRequired":true,"valueName":"search_term_string"}}],"inLanguage":"en-US"},{"@type":"Organization","@id":"https:\/\/www.cleanetic.tech\/#organization","name":"Cleanetic","url":"https:\/\/www.cleanetic.tech\/","logo":{"@type":"ImageObject","inLanguage":"en-US","@id":"https:\/\/www.cleanetic.tech\/#\/schema\/logo\/image\/","url":"https:\/\/www.cleanetic.tech\/wp-content\/uploads\/2025\/04\/cleanetic-logo.webp","contentUrl":"https:\/\/www.cleanetic.tech\/wp-content\/uploads\/2025\/04\/cleanetic-logo.webp","width":973,"height":272,"caption":"Cleanetic"},"image":{"@id":"https:\/\/www.cleanetic.tech\/#\/schema\/logo\/image\/"}}]}},"_links":{"self":[{"href":"https:\/\/www.cleanetic.tech\/en\/wp-json\/wp\/v2\/pages\/4716","targetHints":{"allow":["GET"]}}],"collection":[{"href":"https:\/\/www.cleanetic.tech\/en\/wp-json\/wp\/v2\/pages"}],"about":[{"href":"https:\/\/www.cleanetic.tech\/en\/wp-json\/wp\/v2\/types\/page"}],"author":[{"embeddable":true,"href":"https:\/\/www.cleanetic.tech\/en\/wp-json\/wp\/v2\/users\/2"}],"replies":[{"embeddable":true,"href":"https:\/\/www.cleanetic.tech\/en\/wp-json\/wp\/v2\/comments?post=4716"}],"version-history":[{"count":6,"href":"https:\/\/www.cleanetic.tech\/en\/wp-json\/wp\/v2\/pages\/4716\/revisions"}],"predecessor-version":[{"id":7341,"href":"https:\/\/www.cleanetic.tech\/en\/wp-json\/wp\/v2\/pages\/4716\/revisions\/7341"}],"up":[{"embeddable":true,"href":"https:\/\/www.cleanetic.tech\/en\/wp-json\/wp\/v2\/pages\/4759"}],"wp:featuredmedia":[{"embeddable":true,"href":"https:\/\/www.cleanetic.tech\/en\/wp-json\/wp\/v2\/media\/4588"}],"wp:attachment":[{"href":"https:\/\/www.cleanetic.tech\/en\/wp-json\/wp\/v2\/media?parent=4716"}],"curies":[{"name":"wp","href":"https:\/\/api.w.org\/{rel}","templated":true}]}}