{"id":4710,"date":"2025-05-02T10:00:53","date_gmt":"2025-05-02T10:00:53","guid":{"rendered":"https:\/\/www.cleanetic.tech\/rotary-drum-filters\/"},"modified":"2025-12-09T10:20:39","modified_gmt":"2025-12-09T10:20:39","slug":"rotary-drum-filters","status":"publish","type":"page","link":"https:\/\/www.cleanetic.tech\/en\/offer\/other-equipment\/rotary-drum-filters\/","title":{"rendered":"Rotary drum filters"},"content":{"rendered":"\t\t<div data-elementor-type=\"wp-page\" data-elementor-id=\"4710\" class=\"elementor elementor-4710 elementor-2159\" data-elementor-settings=\"{&quot;element_pack_global_tooltip_width&quot;:{&quot;unit&quot;:&quot;px&quot;,&quot;size&quot;:&quot;&quot;,&quot;sizes&quot;:[]},&quot;element_pack_global_tooltip_width_tablet&quot;:{&quot;unit&quot;:&quot;px&quot;,&quot;size&quot;:&quot;&quot;,&quot;sizes&quot;:[]},&quot;element_pack_global_tooltip_width_mobile&quot;:{&quot;unit&quot;:&quot;px&quot;,&quot;size&quot;:&quot;&quot;,&quot;sizes&quot;:[]},&quot;element_pack_global_tooltip_padding&quot;:{&quot;unit&quot;:&quot;px&quot;,&quot;top&quot;:&quot;&quot;,&quot;right&quot;:&quot;&quot;,&quot;bottom&quot;:&quot;&quot;,&quot;left&quot;:&quot;&quot;,&quot;isLinked&quot;:true},&quot;element_pack_global_tooltip_padding_tablet&quot;:{&quot;unit&quot;:&quot;px&quot;,&quot;top&quot;:&quot;&quot;,&quot;right&quot;:&quot;&quot;,&quot;bottom&quot;:&quot;&quot;,&quot;left&quot;:&quot;&quot;,&quot;isLinked&quot;:true},&quot;element_pack_global_tooltip_padding_mobile&quot;:{&quot;unit&quot;:&quot;px&quot;,&quot;top&quot;:&quot;&quot;,&quot;right&quot;:&quot;&quot;,&quot;bottom&quot;:&quot;&quot;,&quot;left&quot;:&quot;&quot;,&quot;isLinked&quot;:true},&quot;element_pack_global_tooltip_border_radius&quot;:{&quot;unit&quot;:&quot;px&quot;,&quot;top&quot;:&quot;&quot;,&quot;right&quot;:&quot;&quot;,&quot;bottom&quot;:&quot;&quot;,&quot;left&quot;:&quot;&quot;,&quot;isLinked&quot;:true},&quot;element_pack_global_tooltip_border_radius_tablet&quot;:{&quot;unit&quot;:&quot;px&quot;,&quot;top&quot;:&quot;&quot;,&quot;right&quot;:&quot;&quot;,&quot;bottom&quot;:&quot;&quot;,&quot;left&quot;:&quot;&quot;,&quot;isLinked&quot;:true},&quot;element_pack_global_tooltip_border_radius_mobile&quot;:{&quot;unit&quot;:&quot;px&quot;,&quot;top&quot;:&quot;&quot;,&quot;right&quot;:&quot;&quot;,&quot;bottom&quot;:&quot;&quot;,&quot;left&quot;:&quot;&quot;,&quot;isLinked&quot;:true}}\" data-elementor-post-type=\"page\">\n\t\t\t\t<div class=\"elementor-element elementor-element-4a5af0eb e-flex e-con-boxed e-con e-parent\" data-id=\"4a5af0eb\" data-element_type=\"container\" data-e-type=\"container\">\n\t\t\t\t\t<div class=\"e-con-inner\">\n\t\t\t\t\t<\/div>\n\t\t\t\t<\/div>\n\t\t<div class=\"elementor-element elementor-element-212e1200 e-flex e-con-boxed e-con e-parent\" data-id=\"212e1200\" data-element_type=\"container\" data-e-type=\"container\">\n\t\t\t\t\t<div class=\"e-con-inner\">\n\t\t<div class=\"elementor-element elementor-element-7a99fb9c e-con-full e-flex e-con e-child\" data-id=\"7a99fb9c\" data-element_type=\"container\" data-e-type=\"container\" data-settings=\"{&quot;background_background&quot;:&quot;classic&quot;}\">\n\t\t\t\t<div class=\"elementor-element elementor-element-3dd243f0 elementor-widget elementor-widget-image-gallery\" data-id=\"3dd243f0\" data-element_type=\"widget\" data-e-type=\"widget\" data-widget_type=\"image-gallery.default\">\n\t\t\t\t<div class=\"elementor-widget-container\">\n\t\t\t\t\t\t\t<div class=\"elementor-image-gallery\">\n\t\t\t<div id='gallery-1' class='gallery galleryid-4710 gallery-columns-1 gallery-size-full'><figure class='gallery-item'>\n\t\t\t<div class='gallery-icon landscape'>\n\t\t\t\t<a data-elementor-open-lightbox=\"yes\" data-elementor-lightbox-slideshow=\"3dd243f0\" data-elementor-lightbox-description=\"Filtr b\u0119bnowy obrotowy Cleanetic umo\u017cliwia skuteczne filtrowanie cieczy w procesach przemys\u0142owych, zapewniaj\u0105c czysto\u015b\u0107 i optymaln\u0105 wydajno\u015b\u0107\" data-e-action-hash=\"#elementor-action%3Aaction%3Dlightbox%26settings%3DeyJpZCI6NDU1MSwidXJsIjoiaHR0cHM6XC9cL3d3dy5jbGVhbmV0aWMudGVjaFwvd3AtY29udGVudFwvdXBsb2Fkc1wvMjAyNVwvMDVcL2ZpbHRyeV9iZWJub3dlX2NsZWFuZXRpYy1zY2FsZWQuanBnIiwic2xpZGVzaG93IjoiM2RkMjQzZjAifQ%3D%3D\" href='https:\/\/www.cleanetic.tech\/wp-content\/uploads\/2025\/05\/filtry_bebnowe_cleanetic-scaled.jpg'><img fetchpriority=\"high\" decoding=\"async\" width=\"2560\" height=\"2025\" src=\"https:\/\/www.cleanetic.tech\/wp-content\/uploads\/2025\/05\/filtry_bebnowe_cleanetic-scaled.jpg\" class=\"attachment-full size-full\" alt=\"Cleanetic \u2013\" aria-describedby=\"gallery-1-4551\" srcset=\"https:\/\/www.cleanetic.tech\/wp-content\/uploads\/2025\/05\/filtry_bebnowe_cleanetic-scaled.jpg 2560w, https:\/\/www.cleanetic.tech\/wp-content\/uploads\/2025\/05\/filtry_bebnowe_cleanetic-300x237.jpg 300w, https:\/\/www.cleanetic.tech\/wp-content\/uploads\/2025\/05\/filtry_bebnowe_cleanetic-1024x810.jpg 1024w, https:\/\/www.cleanetic.tech\/wp-content\/uploads\/2025\/05\/filtry_bebnowe_cleanetic-768x607.jpg 768w, https:\/\/www.cleanetic.tech\/wp-content\/uploads\/2025\/05\/filtry_bebnowe_cleanetic-1536x1215.jpg 1536w, https:\/\/www.cleanetic.tech\/wp-content\/uploads\/2025\/05\/filtry_bebnowe_cleanetic-2048x1620.jpg 2048w\" sizes=\"(max-width: 2560px) 100vw, 2560px\" \/><\/a>\n\t\t\t<\/div>\n\t\t\t\t<figcaption class='wp-caption-text gallery-caption' id='gallery-1-4551'>\n\t\t\t\tCleanetic \u2013 myjki pojemnik\u00f3w \u2013 \n\t\t\t\t<\/figcaption><\/figure>\n\t\t<\/div>\n\t\t<\/div>\n\t\t\t\t\t\t<\/div>\n\t\t\t\t<\/div>\n\t\t\t\t<\/div>\n\t\t<div class=\"elementor-element elementor-element-46ca9907 e-con-full e-flex e-con e-child\" data-id=\"46ca9907\" data-element_type=\"container\" data-e-type=\"container\">\n\t\t\t\t<div class=\"elementor-element elementor-element-6dde7bd elementor-widget elementor-widget-text-editor\" data-id=\"6dde7bd\" data-element_type=\"widget\" data-e-type=\"widget\" data-widget_type=\"text-editor.default\">\n\t\t\t\t<div class=\"elementor-widget-container\">\n\t\t\t\t\t\t\t\t\t<p>The rotary drum filter is a highly efficient solution for removing various impurities from water used in washing equipment, which accumulate during the cleaning of load carriers. Designed to connect directly to the associated machine, it is ideal for washing containers, crates, and meat carts with higher levels of contamination. This device is available as an optional accessory, providing flexibility for different production setups.<\/p><p>Moreover, the FOS rotary filter continuously separates solid impurities, which enhances water circulation, minimizes downtime, and ensures a more efficient cleaning process. By incorporating this filter, facilities can maintain optimal hygiene standards while improving overall operational efficiency.<\/p>\t\t\t\t\t\t\t\t<\/div>\n\t\t\t\t<\/div>\n\t\t\t\t<\/div>\n\t\t\t\t\t<\/div>\n\t\t\t\t<\/div>\n\t\t<div class=\"elementor-element elementor-element-40d500c1 e-flex e-con-boxed e-con e-parent\" data-id=\"40d500c1\" data-element_type=\"container\" data-e-type=\"container\">\n\t\t\t\t\t<div class=\"e-con-inner\">\n\t\t\t\t<div class=\"elementor-element elementor-element-63f8e859 elementor-widget elementor-widget-text-editor\" data-id=\"63f8e859\" data-element_type=\"widget\" data-e-type=\"widget\" data-widget_type=\"text-editor.default\">\n\t\t\t\t<div class=\"elementor-widget-container\">\n\t\t\t\t\t\t\t\t\t<p>The FOS rotary filter provides continuous solids separation, resulting in more efficient water circulation and reduced downtime in the production process.<\/p>\t\t\t\t\t\t\t\t<\/div>\n\t\t\t\t<\/div>\n\t\t\t\t\t<\/div>\n\t\t\t\t<\/div>\n\t\t<div class=\"elementor-element elementor-element-1e8f376a e-flex e-con-boxed e-con e-parent\" data-id=\"1e8f376a\" data-element_type=\"container\" data-e-type=\"container\">\n\t\t\t\t\t<div class=\"e-con-inner\">\n\t\t<div class=\"elementor-element elementor-element-be2ac53 e-con-full e-flex e-con e-child\" data-id=\"be2ac53\" data-element_type=\"container\" data-e-type=\"container\">\n\t\t\t\t<\/div>\n\t\t<div class=\"elementor-element elementor-element-48701947 e-con-full e-flex e-con e-child\" data-id=\"48701947\" data-element_type=\"container\" data-e-type=\"container\">\n\t\t\t\t<div class=\"elementor-element elementor-element-1098fd43 elementor-widget elementor-widget-heading\" data-id=\"1098fd43\" data-element_type=\"widget\" data-e-type=\"widget\" data-widget_type=\"heading.default\">\n\t\t\t\t<div class=\"elementor-widget-container\">\n\t\t\t\t\t<h5 class=\"elementor-heading-title elementor-size-default\">Technical data<\/h5>\t\t\t\t<\/div>\n\t\t\t\t<\/div>\n\t\t\t\t<div class=\"elementor-element elementor-element-50112fb1 elementor-widget elementor-widget-bdt-table\" data-id=\"50112fb1\" data-element_type=\"widget\" data-e-type=\"widget\" data-widget_type=\"bdt-table.default\">\n\t\t\t\t<div class=\"elementor-widget-container\">\n\t\t\t\t\t\t\t<div class=\"bdt-table\" id=\"bdt-table-50112fb1\">\n\t\t\t<table>\n<thead>\n    <tr>\n        <th>Type<\/th>\n        <th>FOS-1<\/th>\n        <th>FOS-2 <\/th> \n    <\/tr>\n<\/thead>\n    <tr>\n        <td>length (mm)<\/td>\n        <td>1260<\/td>\n        <td>3090 <\/td> \n    <\/tr>\n    <tr>\n        <td>width (mm)<\/td>\n        <td>775<\/td>\n        <td>1000 <\/td> \n    <\/tr>\n    <tr>\n        <td>height (mm)<\/td>\n        <td>1050<\/td>\n        <td>1170 <\/td> \n    <\/tr>\n<\/table>\t\t<\/div>\n\t\t\t\t\t\t<\/div>\n\t\t\t\t<\/div>\n\t\t\t\t<\/div>\n\t\t\t\t\t<\/div>\n\t\t\t\t<\/div>\n\t\t<div class=\"elementor-element elementor-element-1658e597 e-flex e-con-boxed e-con e-parent\" data-id=\"1658e597\" data-element_type=\"container\" data-e-type=\"container\">\n\t\t\t\t\t<div class=\"e-con-inner\">\n\t\t<div class=\"elementor-element elementor-element-7d7d480b e-con-full e-flex e-con e-child\" data-id=\"7d7d480b\" data-element_type=\"container\" data-e-type=\"container\">\n\t\t\t\t<\/div>\n\t\t<div class=\"elementor-element elementor-element-4ab535a8 e-con-full e-flex e-con e-child\" data-id=\"4ab535a8\" data-element_type=\"container\" data-e-type=\"container\">\n\t\t\t\t<div class=\"elementor-element elementor-element-12138c47 elementor-widget__width-initial elementor-widget-mobile__width-initial elementor-widget elementor-widget-text-editor\" data-id=\"12138c47\" data-element_type=\"widget\" data-e-type=\"widget\" data-widget_type=\"text-editor.default\">\n\t\t\t\t<div class=\"elementor-widget-container\">\n\t\t\t\t\t\t\t\t\t<ul><li>Thanks to the rotating mechanism and automatic rinsing system, the filter can operate continuously without the need to stop the process for cleaning.<\/li><li>A drum flushing system removes impurities from the drum surface, reducing the need for manual intervention and maintaining consistent filtration performance<\/li><li>By removing solid particles, the filter protects other system components from wear, failure, and clogging.<\/li><li>Due to the small diameter of the drum mesh, high filtration accuracy can be achieved, meeting the demanding cleanliness standards of the process.<\/li><\/ul>\t\t\t\t\t\t\t\t<\/div>\n\t\t\t\t<\/div>\n\t\t\t\t<\/div>\n\t\t\t\t\t<\/div>\n\t\t\t\t<\/div>\n\t\t\t\t<\/div>\n\t\t","protected":false},"excerpt":{"rendered":"<p>Cleanetic \u2013 myjki pojemnik\u00f3w \u2013 The rotary drum filter is a highly efficient solution for removing various impurities from water used in washing equipment, which accumulate during the cleaning of load carriers. Designed to connect directly to the associated machine, it is ideal for washing containers, crates, and meat carts with higher levels of contamination. [&hellip;]<\/p>\n","protected":false},"author":2,"featured_media":4572,"parent":4765,"menu_order":81,"comment_status":"closed","ping_status":"closed","template":"","meta":{"footnotes":""},"class_list":["post-4710","page","type-page","status-publish","has-post-thumbnail","hentry"],"yoast_head":"<!-- This site is optimized with the Yoast SEO Premium plugin v27.5 (Yoast SEO v27.5) - https:\/\/yoast.com\/product\/yoast-seo-premium-wordpress\/ -->\n<title>Rotary drum filters - Cleanetic<\/title>\n<meta name=\"description\" content=\"The rotary drum filter is designed to remove all types of impurities from the water discharged from washing equipment.\" \/>\n<meta name=\"robots\" content=\"index, follow, max-snippet:-1, max-image-preview:large, max-video-preview:-1\" \/>\n<link rel=\"canonical\" href=\"https:\/\/www.cleanetic.tech\/en\/offer\/other-equipment\/rotary-drum-filters\/\" \/>\n<meta property=\"og:locale\" content=\"en_US\" \/>\n<meta property=\"og:type\" content=\"article\" \/>\n<meta property=\"og:title\" content=\"Rotary drum filters\" \/>\n<meta property=\"og:description\" content=\"The rotary drum filter is designed to remove all types of impurities from the water discharged from washing equipment.\" \/>\n<meta property=\"og:url\" content=\"https:\/\/www.cleanetic.tech\/en\/offer\/other-equipment\/rotary-drum-filters\/\" \/>\n<meta property=\"og:site_name\" content=\"Cleanetic\" \/>\n<meta property=\"article:modified_time\" content=\"2025-12-09T10:20:39+00:00\" \/>\n<meta property=\"og:image\" content=\"https:\/\/www.cleanetic.tech\/wp-content\/uploads\/2025\/05\/filtr.png\" \/>\n\t<meta property=\"og:image:width\" content=\"427\" \/>\n\t<meta property=\"og:image:height\" content=\"427\" \/>\n\t<meta property=\"og:image:type\" content=\"image\/png\" \/>\n<meta name=\"twitter:card\" content=\"summary_large_image\" \/>\n<meta name=\"twitter:label1\" content=\"Est. reading time\" \/>\n\t<meta name=\"twitter:data1\" content=\"2 minutes\" \/>\n<script type=\"application\/ld+json\" class=\"yoast-schema-graph\">{\"@context\":\"https:\\\/\\\/schema.org\",\"@graph\":[{\"@type\":\"WebPage\",\"@id\":\"https:\\\/\\\/www.cleanetic.tech\\\/en\\\/offer\\\/other-equipment\\\/rotary-drum-filters\\\/\",\"url\":\"https:\\\/\\\/www.cleanetic.tech\\\/en\\\/offer\\\/other-equipment\\\/rotary-drum-filters\\\/\",\"name\":\"Rotary drum filters - Cleanetic\",\"isPartOf\":{\"@id\":\"https:\\\/\\\/www.cleanetic.tech\\\/#website\"},\"primaryImageOfPage\":{\"@id\":\"https:\\\/\\\/www.cleanetic.tech\\\/en\\\/offer\\\/other-equipment\\\/rotary-drum-filters\\\/#primaryimage\"},\"image\":{\"@id\":\"https:\\\/\\\/www.cleanetic.tech\\\/en\\\/offer\\\/other-equipment\\\/rotary-drum-filters\\\/#primaryimage\"},\"thumbnailUrl\":\"https:\\\/\\\/www.cleanetic.tech\\\/wp-content\\\/uploads\\\/2025\\\/05\\\/filtr.png\",\"datePublished\":\"2025-05-02T10:00:53+00:00\",\"dateModified\":\"2025-12-09T10:20:39+00:00\",\"description\":\"The rotary drum filter is designed to remove all types of impurities from the water discharged from washing equipment.\",\"breadcrumb\":{\"@id\":\"https:\\\/\\\/www.cleanetic.tech\\\/en\\\/offer\\\/other-equipment\\\/rotary-drum-filters\\\/#breadcrumb\"},\"inLanguage\":\"en-US\",\"potentialAction\":[{\"@type\":\"ReadAction\",\"target\":[\"https:\\\/\\\/www.cleanetic.tech\\\/en\\\/offer\\\/other-equipment\\\/rotary-drum-filters\\\/\"]}]},{\"@type\":\"ImageObject\",\"inLanguage\":\"en-US\",\"@id\":\"https:\\\/\\\/www.cleanetic.tech\\\/en\\\/offer\\\/other-equipment\\\/rotary-drum-filters\\\/#primaryimage\",\"url\":\"https:\\\/\\\/www.cleanetic.tech\\\/wp-content\\\/uploads\\\/2025\\\/05\\\/filtr.png\",\"contentUrl\":\"https:\\\/\\\/www.cleanetic.tech\\\/wp-content\\\/uploads\\\/2025\\\/05\\\/filtr.png\",\"width\":427,\"height\":427,\"caption\":\"Cleanetic \u2013 myjki pojemnik\u00f3w \u2013\"},{\"@type\":\"BreadcrumbList\",\"@id\":\"https:\\\/\\\/www.cleanetic.tech\\\/en\\\/offer\\\/other-equipment\\\/rotary-drum-filters\\\/#breadcrumb\",\"itemListElement\":[{\"@type\":\"ListItem\",\"position\":1,\"name\":\"Strona g\u0142\u00f3wna\",\"item\":\"https:\\\/\\\/www.cleanetic.tech\\\/en\\\/\"},{\"@type\":\"ListItem\",\"position\":2,\"name\":\"Offer\",\"item\":\"https:\\\/\\\/www.cleanetic.tech\\\/en\\\/offer\\\/\"},{\"@type\":\"ListItem\",\"position\":3,\"name\":\"Other Equipment\",\"item\":\"https:\\\/\\\/www.cleanetic.tech\\\/en\\\/offer\\\/other-equipment\\\/\"},{\"@type\":\"ListItem\",\"position\":4,\"name\":\"Rotary drum filters\"}]},{\"@type\":\"WebSite\",\"@id\":\"https:\\\/\\\/www.cleanetic.tech\\\/#website\",\"url\":\"https:\\\/\\\/www.cleanetic.tech\\\/\",\"name\":\"Cleanetic\",\"description\":\"Marka maszyn myj\u0105cych nale\u017c\u0105ca do grupy NOWICKI. Seria przemys\u0142owych system&oacute;w myj\u0105cych jest produkowana w nowoczesnym zak\u0142adzie produkcyjnym w Tomaszowie Mazowieckim.\",\"publisher\":{\"@id\":\"https:\\\/\\\/www.cleanetic.tech\\\/#organization\"},\"potentialAction\":[{\"@type\":\"SearchAction\",\"target\":{\"@type\":\"EntryPoint\",\"urlTemplate\":\"https:\\\/\\\/www.cleanetic.tech\\\/?s={search_term_string}\"},\"query-input\":{\"@type\":\"PropertyValueSpecification\",\"valueRequired\":true,\"valueName\":\"search_term_string\"}}],\"inLanguage\":\"en-US\"},{\"@type\":\"Organization\",\"@id\":\"https:\\\/\\\/www.cleanetic.tech\\\/#organization\",\"name\":\"Cleanetic\",\"url\":\"https:\\\/\\\/www.cleanetic.tech\\\/\",\"logo\":{\"@type\":\"ImageObject\",\"inLanguage\":\"en-US\",\"@id\":\"https:\\\/\\\/www.cleanetic.tech\\\/#\\\/schema\\\/logo\\\/image\\\/\",\"url\":\"https:\\\/\\\/www.cleanetic.tech\\\/wp-content\\\/uploads\\\/2025\\\/04\\\/cleanetic-logo.webp\",\"contentUrl\":\"https:\\\/\\\/www.cleanetic.tech\\\/wp-content\\\/uploads\\\/2025\\\/04\\\/cleanetic-logo.webp\",\"width\":973,\"height\":272,\"caption\":\"Cleanetic\"},\"image\":{\"@id\":\"https:\\\/\\\/www.cleanetic.tech\\\/#\\\/schema\\\/logo\\\/image\\\/\"}}]}<\/script>\n<!-- \/ Yoast SEO Premium plugin. -->","yoast_head_json":{"title":"Rotary drum filters - Cleanetic","description":"The rotary drum filter is designed to remove all types of impurities from the water discharged from washing equipment.","robots":{"index":"index","follow":"follow","max-snippet":"max-snippet:-1","max-image-preview":"max-image-preview:large","max-video-preview":"max-video-preview:-1"},"canonical":"https:\/\/www.cleanetic.tech\/en\/offer\/other-equipment\/rotary-drum-filters\/","og_locale":"en_US","og_type":"article","og_title":"Rotary drum filters","og_description":"The rotary drum filter is designed to remove all types of impurities from the water discharged from washing equipment.","og_url":"https:\/\/www.cleanetic.tech\/en\/offer\/other-equipment\/rotary-drum-filters\/","og_site_name":"Cleanetic","article_modified_time":"2025-12-09T10:20:39+00:00","og_image":[{"width":427,"height":427,"url":"https:\/\/www.cleanetic.tech\/wp-content\/uploads\/2025\/05\/filtr.png","type":"image\/png"}],"twitter_card":"summary_large_image","twitter_misc":{"Est. reading time":"2 minutes"},"schema":{"@context":"https:\/\/schema.org","@graph":[{"@type":"WebPage","@id":"https:\/\/www.cleanetic.tech\/en\/offer\/other-equipment\/rotary-drum-filters\/","url":"https:\/\/www.cleanetic.tech\/en\/offer\/other-equipment\/rotary-drum-filters\/","name":"Rotary drum filters - Cleanetic","isPartOf":{"@id":"https:\/\/www.cleanetic.tech\/#website"},"primaryImageOfPage":{"@id":"https:\/\/www.cleanetic.tech\/en\/offer\/other-equipment\/rotary-drum-filters\/#primaryimage"},"image":{"@id":"https:\/\/www.cleanetic.tech\/en\/offer\/other-equipment\/rotary-drum-filters\/#primaryimage"},"thumbnailUrl":"https:\/\/www.cleanetic.tech\/wp-content\/uploads\/2025\/05\/filtr.png","datePublished":"2025-05-02T10:00:53+00:00","dateModified":"2025-12-09T10:20:39+00:00","description":"The rotary drum filter is designed to remove all types of impurities from the water discharged from washing equipment.","breadcrumb":{"@id":"https:\/\/www.cleanetic.tech\/en\/offer\/other-equipment\/rotary-drum-filters\/#breadcrumb"},"inLanguage":"en-US","potentialAction":[{"@type":"ReadAction","target":["https:\/\/www.cleanetic.tech\/en\/offer\/other-equipment\/rotary-drum-filters\/"]}]},{"@type":"ImageObject","inLanguage":"en-US","@id":"https:\/\/www.cleanetic.tech\/en\/offer\/other-equipment\/rotary-drum-filters\/#primaryimage","url":"https:\/\/www.cleanetic.tech\/wp-content\/uploads\/2025\/05\/filtr.png","contentUrl":"https:\/\/www.cleanetic.tech\/wp-content\/uploads\/2025\/05\/filtr.png","width":427,"height":427,"caption":"Cleanetic \u2013 myjki pojemnik\u00f3w \u2013"},{"@type":"BreadcrumbList","@id":"https:\/\/www.cleanetic.tech\/en\/offer\/other-equipment\/rotary-drum-filters\/#breadcrumb","itemListElement":[{"@type":"ListItem","position":1,"name":"Strona g\u0142\u00f3wna","item":"https:\/\/www.cleanetic.tech\/en\/"},{"@type":"ListItem","position":2,"name":"Offer","item":"https:\/\/www.cleanetic.tech\/en\/offer\/"},{"@type":"ListItem","position":3,"name":"Other Equipment","item":"https:\/\/www.cleanetic.tech\/en\/offer\/other-equipment\/"},{"@type":"ListItem","position":4,"name":"Rotary drum filters"}]},{"@type":"WebSite","@id":"https:\/\/www.cleanetic.tech\/#website","url":"https:\/\/www.cleanetic.tech\/","name":"Cleanetic","description":"Marka maszyn myj\u0105cych nale\u017c\u0105ca do grupy NOWICKI. Seria przemys\u0142owych system&oacute;w myj\u0105cych jest produkowana w nowoczesnym zak\u0142adzie produkcyjnym w Tomaszowie Mazowieckim.","publisher":{"@id":"https:\/\/www.cleanetic.tech\/#organization"},"potentialAction":[{"@type":"SearchAction","target":{"@type":"EntryPoint","urlTemplate":"https:\/\/www.cleanetic.tech\/?s={search_term_string}"},"query-input":{"@type":"PropertyValueSpecification","valueRequired":true,"valueName":"search_term_string"}}],"inLanguage":"en-US"},{"@type":"Organization","@id":"https:\/\/www.cleanetic.tech\/#organization","name":"Cleanetic","url":"https:\/\/www.cleanetic.tech\/","logo":{"@type":"ImageObject","inLanguage":"en-US","@id":"https:\/\/www.cleanetic.tech\/#\/schema\/logo\/image\/","url":"https:\/\/www.cleanetic.tech\/wp-content\/uploads\/2025\/04\/cleanetic-logo.webp","contentUrl":"https:\/\/www.cleanetic.tech\/wp-content\/uploads\/2025\/04\/cleanetic-logo.webp","width":973,"height":272,"caption":"Cleanetic"},"image":{"@id":"https:\/\/www.cleanetic.tech\/#\/schema\/logo\/image\/"}}]}},"_links":{"self":[{"href":"https:\/\/www.cleanetic.tech\/en\/wp-json\/wp\/v2\/pages\/4710","targetHints":{"allow":["GET"]}}],"collection":[{"href":"https:\/\/www.cleanetic.tech\/en\/wp-json\/wp\/v2\/pages"}],"about":[{"href":"https:\/\/www.cleanetic.tech\/en\/wp-json\/wp\/v2\/types\/page"}],"author":[{"embeddable":true,"href":"https:\/\/www.cleanetic.tech\/en\/wp-json\/wp\/v2\/users\/2"}],"replies":[{"embeddable":true,"href":"https:\/\/www.cleanetic.tech\/en\/wp-json\/wp\/v2\/comments?post=4710"}],"version-history":[{"count":7,"href":"https:\/\/www.cleanetic.tech\/en\/wp-json\/wp\/v2\/pages\/4710\/revisions"}],"predecessor-version":[{"id":7370,"href":"https:\/\/www.cleanetic.tech\/en\/wp-json\/wp\/v2\/pages\/4710\/revisions\/7370"}],"up":[{"embeddable":true,"href":"https:\/\/www.cleanetic.tech\/en\/wp-json\/wp\/v2\/pages\/4765"}],"wp:featuredmedia":[{"embeddable":true,"href":"https:\/\/www.cleanetic.tech\/en\/wp-json\/wp\/v2\/media\/4572"}],"wp:attachment":[{"href":"https:\/\/www.cleanetic.tech\/en\/wp-json\/wp\/v2\/media?parent=4710"}],"curies":[{"name":"wp","href":"https:\/\/api.w.org\/{rel}","templated":true}]}}