{"id":4704,"date":"2025-05-02T08:23:52","date_gmt":"2025-05-02T08:23:52","guid":{"rendered":"https:\/\/www.cleanetic.tech\/automatic-stuffing-trolley-washer-bw-40-bw-80\/"},"modified":"2025-12-09T09:27:54","modified_gmt":"2025-12-09T09:27:54","slug":"automatic-stuffing-trolley-washer-bw-40-bw-80","status":"publish","type":"page","link":"https:\/\/www.cleanetic.tech\/en\/offer\/stuffing-trolley-washers\/automatic-stuffing-trolley-washer-bw-40-bw-80\/","title":{"rendered":"Automatic stuffing trolley washer BW-40, BW-80"},"content":{"rendered":"\t\t<div data-elementor-type=\"wp-page\" data-elementor-id=\"4704\" class=\"elementor elementor-4704 elementor-2036\" data-elementor-settings=\"{&quot;element_pack_global_tooltip_width&quot;:{&quot;unit&quot;:&quot;px&quot;,&quot;size&quot;:&quot;&quot;,&quot;sizes&quot;:[]},&quot;element_pack_global_tooltip_width_tablet&quot;:{&quot;unit&quot;:&quot;px&quot;,&quot;size&quot;:&quot;&quot;,&quot;sizes&quot;:[]},&quot;element_pack_global_tooltip_width_mobile&quot;:{&quot;unit&quot;:&quot;px&quot;,&quot;size&quot;:&quot;&quot;,&quot;sizes&quot;:[]},&quot;element_pack_global_tooltip_padding&quot;:{&quot;unit&quot;:&quot;px&quot;,&quot;top&quot;:&quot;&quot;,&quot;right&quot;:&quot;&quot;,&quot;bottom&quot;:&quot;&quot;,&quot;left&quot;:&quot;&quot;,&quot;isLinked&quot;:true},&quot;element_pack_global_tooltip_padding_tablet&quot;:{&quot;unit&quot;:&quot;px&quot;,&quot;top&quot;:&quot;&quot;,&quot;right&quot;:&quot;&quot;,&quot;bottom&quot;:&quot;&quot;,&quot;left&quot;:&quot;&quot;,&quot;isLinked&quot;:true},&quot;element_pack_global_tooltip_padding_mobile&quot;:{&quot;unit&quot;:&quot;px&quot;,&quot;top&quot;:&quot;&quot;,&quot;right&quot;:&quot;&quot;,&quot;bottom&quot;:&quot;&quot;,&quot;left&quot;:&quot;&quot;,&quot;isLinked&quot;:true},&quot;element_pack_global_tooltip_border_radius&quot;:{&quot;unit&quot;:&quot;px&quot;,&quot;top&quot;:&quot;&quot;,&quot;right&quot;:&quot;&quot;,&quot;bottom&quot;:&quot;&quot;,&quot;left&quot;:&quot;&quot;,&quot;isLinked&quot;:true},&quot;element_pack_global_tooltip_border_radius_tablet&quot;:{&quot;unit&quot;:&quot;px&quot;,&quot;top&quot;:&quot;&quot;,&quot;right&quot;:&quot;&quot;,&quot;bottom&quot;:&quot;&quot;,&quot;left&quot;:&quot;&quot;,&quot;isLinked&quot;:true},&quot;element_pack_global_tooltip_border_radius_mobile&quot;:{&quot;unit&quot;:&quot;px&quot;,&quot;top&quot;:&quot;&quot;,&quot;right&quot;:&quot;&quot;,&quot;bottom&quot;:&quot;&quot;,&quot;left&quot;:&quot;&quot;,&quot;isLinked&quot;:true}}\" data-elementor-post-type=\"page\">\n\t\t\t\t<div class=\"elementor-element elementor-element-3514c49f e-flex e-con-boxed e-con e-parent\" data-id=\"3514c49f\" data-element_type=\"container\" data-e-type=\"container\">\n\t\t\t\t\t<div class=\"e-con-inner\">\n\t\t\t\t\t<\/div>\n\t\t\t\t<\/div>\n\t\t<div class=\"elementor-element elementor-element-5c3ead61 e-flex e-con-boxed e-con e-parent\" data-id=\"5c3ead61\" data-element_type=\"container\" data-e-type=\"container\">\n\t\t\t\t\t<div class=\"e-con-inner\">\n\t\t<div class=\"elementor-element elementor-element-6fd26073 e-con-full e-flex e-con e-child\" data-id=\"6fd26073\" data-element_type=\"container\" data-e-type=\"container\" data-settings=\"{&quot;background_background&quot;:&quot;classic&quot;}\">\n\t\t\t\t<div class=\"elementor-element elementor-element-6dcb4b96 elementor-widget elementor-widget-image-gallery\" data-id=\"6dcb4b96\" data-element_type=\"widget\" data-e-type=\"widget\" data-widget_type=\"image-gallery.default\">\n\t\t\t\t<div class=\"elementor-widget-container\">\n\t\t\t\t\t\t\t<div class=\"elementor-image-gallery\">\n\t\t\t<div id='gallery-1' class='gallery galleryid-4704 gallery-columns-1 gallery-size-full'><figure class='gallery-item'>\n\t\t\t<div class='gallery-icon landscape'>\n\t\t\t\t<a data-elementor-open-lightbox=\"yes\" data-elementor-lightbox-slideshow=\"6dcb4b96\" data-elementor-lightbox-description=\"Automatyczna myjnia w\u00f3zk\u00f3w farszu Cleanetic BW-40 i BW-80 zapewnia szybkie, higieniczne mycie w\u00f3zk\u00f3w w zak\u0142adach przemys\u0142owych\" data-e-action-hash=\"#elementor-action%3Aaction%3Dlightbox%26settings%3DeyJpZCI6NDU0MywidXJsIjoiaHR0cHM6XC9cL3d3dy5jbGVhbmV0aWMudGVjaFwvd3AtY29udGVudFwvdXBsb2Fkc1wvMjAyNVwvMDVcL0F1dG9tYXR5Y3puYS1NeWpuaWEtV296a293LUZhcnN6dS1zY2FsZWQuanBnIiwic2xpZGVzaG93IjoiNmRjYjRiOTYifQ%3D%3D\" href='https:\/\/www.cleanetic.tech\/wp-content\/uploads\/2025\/05\/Automatyczna-Myjnia-Wozkow-Farszu-scaled.jpg'><img fetchpriority=\"high\" decoding=\"async\" width=\"2560\" height=\"1221\" src=\"https:\/\/www.cleanetic.tech\/wp-content\/uploads\/2025\/05\/Automatyczna-Myjnia-Wozkow-Farszu-scaled.jpg\" class=\"attachment-full size-full\" alt=\"Cleanetic \u2013\" aria-describedby=\"gallery-1-4543\" srcset=\"https:\/\/www.cleanetic.tech\/wp-content\/uploads\/2025\/05\/Automatyczna-Myjnia-Wozkow-Farszu-scaled.jpg 2560w, https:\/\/www.cleanetic.tech\/wp-content\/uploads\/2025\/05\/Automatyczna-Myjnia-Wozkow-Farszu-300x143.jpg 300w, https:\/\/www.cleanetic.tech\/wp-content\/uploads\/2025\/05\/Automatyczna-Myjnia-Wozkow-Farszu-1024x488.jpg 1024w, https:\/\/www.cleanetic.tech\/wp-content\/uploads\/2025\/05\/Automatyczna-Myjnia-Wozkow-Farszu-768x366.jpg 768w, https:\/\/www.cleanetic.tech\/wp-content\/uploads\/2025\/05\/Automatyczna-Myjnia-Wozkow-Farszu-1536x732.jpg 1536w, https:\/\/www.cleanetic.tech\/wp-content\/uploads\/2025\/05\/Automatyczna-Myjnia-Wozkow-Farszu-2048x977.jpg 2048w\" sizes=\"(max-width: 2560px) 100vw, 2560px\" \/><\/a>\n\t\t\t<\/div>\n\t\t\t\t<figcaption class='wp-caption-text gallery-caption' id='gallery-1-4543'>\n\t\t\t\tCleanetic \u2013 myjki pojemnik\u00f3w \u2013 \n\t\t\t\t<\/figcaption><\/figure>\n\t\t<\/div>\n\t\t<\/div>\n\t\t\t\t\t\t<\/div>\n\t\t\t\t<\/div>\n\t\t\t\t<\/div>\n\t\t<div class=\"elementor-element elementor-element-65d9e547 e-con-full e-flex e-con e-child\" data-id=\"65d9e547\" data-element_type=\"container\" data-e-type=\"container\">\n\t\t\t\t<div class=\"elementor-element elementor-element-3d51334e elementor-widget elementor-widget-text-editor\" data-id=\"3d51334e\" data-element_type=\"widget\" data-e-type=\"widget\" data-widget_type=\"text-editor.default\">\n\t\t\t\t<div class=\"elementor-widget-container\">\n\t\t\t\t\t\t\t\t\t<p>The BW-40 and BW-80 automatic stuffing trolley washers are modern, fully automated industrial solutions designed to increase the efficiency of washing processes in food processing facilities. These machines address the growing demand for automation and standardization in production processes, while ensuring the highest levels of hygiene, safety, and reliability.<\/p><p>Thanks to advanced spray washing technology, the BW-40 and BW-80 washers provide fast, thorough, and consistent cleaning of filling trolleys. The system is designed to combine high performance with precise control over the washing process, allowing significant energy savings.<\/p><p>Using automatic filling trolley washers contributes to improved food safety. The machines are designed for ease of operation, ergonomic workflow, and long-term reliability.<\/p><p>Available heating options: steam, electric, heat exchanger (water or steam), gas, oil.<\/p>\t\t\t\t\t\t\t\t<\/div>\n\t\t\t\t<\/div>\n\t\t\t\t<\/div>\n\t\t\t\t\t<\/div>\n\t\t\t\t<\/div>\n\t\t<div class=\"elementor-element elementor-element-196810bd e-flex e-con-boxed e-con e-parent\" data-id=\"196810bd\" data-element_type=\"container\" data-e-type=\"container\">\n\t\t\t\t\t<div class=\"e-con-inner\">\n\t\t\t\t<div class=\"elementor-element elementor-element-ad361db elementor-widget elementor-widget-text-editor\" data-id=\"ad361db\" data-element_type=\"widget\" data-e-type=\"widget\" data-widget_type=\"text-editor.default\">\n\t\t\t\t<div class=\"elementor-widget-container\">\n\t\t\t\t\t\t\t\t\t<p>The separation of dirty and clean zones in the BW-40 and BW-80 eliminates cross-contamination, significantly enhancing hygiene standards.<\/p>\t\t\t\t\t\t\t\t<\/div>\n\t\t\t\t<\/div>\n\t\t\t\t\t<\/div>\n\t\t\t\t<\/div>\n\t\t<div class=\"elementor-element elementor-element-1d3699 e-flex e-con-boxed e-con e-parent\" data-id=\"1d3699\" data-element_type=\"container\" data-e-type=\"container\">\n\t\t\t\t\t<div class=\"e-con-inner\">\n\t\t<div class=\"elementor-element elementor-element-2e925252 e-con-full e-flex e-con e-child\" data-id=\"2e925252\" data-element_type=\"container\" data-e-type=\"container\">\n\t\t\t\t<\/div>\n\t\t<div class=\"elementor-element elementor-element-17ed11db e-con-full e-flex e-con e-child\" data-id=\"17ed11db\" data-element_type=\"container\" data-e-type=\"container\">\n\t\t\t\t<div class=\"elementor-element elementor-element-13edd240 elementor-widget elementor-widget-heading\" data-id=\"13edd240\" data-element_type=\"widget\" data-e-type=\"widget\" data-widget_type=\"heading.default\">\n\t\t\t\t<div class=\"elementor-widget-container\">\n\t\t\t\t\t<h5 class=\"elementor-heading-title elementor-size-default\">Technical data<\/h5>\t\t\t\t<\/div>\n\t\t\t\t<\/div>\n\t\t\t\t<div class=\"elementor-element elementor-element-793daf68 elementor-widget elementor-widget-bdt-table\" data-id=\"793daf68\" data-element_type=\"widget\" data-e-type=\"widget\" data-widget_type=\"bdt-table.default\">\n\t\t\t\t<div class=\"elementor-widget-container\">\n\t\t\t\t\t\t\t<div class=\"bdt-table\" id=\"bdt-table-793daf68\">\n\t\t\t<table>\n<thead>\n    <tr>\n        <th>Type<\/th>\n<th>BW-40<\/th>\n<th>BW-80 <\/th> \n    <\/tr>\n<\/thead>\n    <tr>\n        <td>productivity (carts\/h)<\/td>\n        <td>40<\/td>\n        <td>80 <\/td> \n    <\/tr>\n    <tr>\n        <td>length (mm)<\/td>\n<td>7990<\/td>\n<td>9710 <\/td> \n    <\/tr>\n    <tr>\n        <td>width (mm)<\/td>\n        <td>1550<\/td>\n        <td>1550 <\/td> \n    <\/tr>\n    <tr>\n        <td>height (mm)<\/td>\n        <td>2320<\/td>\n        <td>2320 <\/td> \n    <\/tr>\n<\/table>\t\t<\/div>\n\t\t\t\t\t\t<\/div>\n\t\t\t\t<\/div>\n\t\t\t\t<\/div>\n\t\t\t\t\t<\/div>\n\t\t\t\t<\/div>\n\t\t<div class=\"elementor-element elementor-element-5f40b3c1 e-flex e-con-boxed e-con e-parent\" data-id=\"5f40b3c1\" data-element_type=\"container\" data-e-type=\"container\">\n\t\t\t\t\t<div class=\"e-con-inner\">\n\t\t<div class=\"elementor-element elementor-element-42b80380 e-con-full e-flex e-con e-child\" data-id=\"42b80380\" data-element_type=\"container\" data-e-type=\"container\">\n\t\t\t\t<\/div>\n\t\t<div class=\"elementor-element elementor-element-771ec57b e-con-full e-flex e-con e-child\" data-id=\"771ec57b\" data-element_type=\"container\" data-e-type=\"container\">\n\t\t\t\t<div class=\"elementor-element elementor-element-705a79c3 elementor-widget elementor-widget-text-editor\" data-id=\"705a79c3\" data-element_type=\"widget\" data-e-type=\"widget\" data-widget_type=\"text-editor.default\">\n\t\t\t\t<div class=\"elementor-widget-container\">\n\t\t\t\t\t\t\t\t\t<ul><li>Automatic loading and unloading of carts<\/li><li>Intuitive operator panel<\/li><li>Closed-loop washing water system with filtration<\/li><li>Automatic pump shutdown in the absence of a container<\/li><li>Automatic washing temperature control system <\/li><li>Shutdown of the rinsing system when no container is detected<\/li><li>Conveyor with adjustable travel speed<\/li><li>Automatic system for measuring and dosing concentrations of cleaning and disinfecting agents<\/li><li>Safety features including protective meshes and a safety curtain<\/li><\/ul>\t\t\t\t\t\t\t\t<\/div>\n\t\t\t\t<\/div>\n\t\t\t\t<\/div>\n\t\t\t\t\t<\/div>\n\t\t\t\t<\/div>\n\t\t<div class=\"elementor-element elementor-element-7fc6e308 e-flex e-con-boxed e-con e-parent\" data-id=\"7fc6e308\" data-element_type=\"container\" data-e-type=\"container\">\n\t\t\t\t\t<div class=\"e-con-inner\">\n\t\t<div class=\"elementor-element elementor-element-1b59d14a e-con-full e-flex e-con e-child\" data-id=\"1b59d14a\" data-element_type=\"container\" data-e-type=\"container\" data-settings=\"{&quot;background_background&quot;:&quot;slideshow&quot;,&quot;background_slideshow_gallery&quot;:[],&quot;background_slideshow_slide_duration&quot;:5000,&quot;background_slideshow_slide_transition&quot;:&quot;fade&quot;,&quot;background_slideshow_transition_duration&quot;:500}\">\n\t\t\t\t<\/div>\n\t\t<div class=\"elementor-element elementor-element-2235eb97 e-con-full e-flex e-con e-child\" data-id=\"2235eb97\" data-element_type=\"container\" data-e-type=\"container\">\n\t\t\t\t<div class=\"elementor-element elementor-element-65922481 elementor-widget elementor-widget-heading\" data-id=\"65922481\" data-element_type=\"widget\" data-e-type=\"widget\" data-widget_type=\"heading.default\">\n\t\t\t\t<div class=\"elementor-widget-container\">\n\t\t\t\t\t<h5 class=\"elementor-heading-title elementor-size-default\">Control Console<\/h5>\t\t\t\t<\/div>\n\t\t\t\t<\/div>\n\t\t\t\t<div class=\"elementor-element elementor-element-1570379f elementor-widget-mobile__width-initial elementor-widget elementor-widget-text-editor\" data-id=\"1570379f\" data-element_type=\"widget\" data-e-type=\"widget\" data-widget_type=\"text-editor.default\">\n\t\t\t\t<div class=\"elementor-widget-container\">\n\t\t\t\t\t\t\t\t\t<ul><li>Easy-to-use and clear operator panel<\/li><li>Conveyor speed adjustment  <\/li><li>Water temperature control along with its reading  <\/li><li>Manual operation mode<\/li><li>Chemical dosing On\/Off control<\/li><li>Emergency safety switch<\/li><li>Error signal with description<\/li><\/ul>\t\t\t\t\t\t\t\t<\/div>\n\t\t\t\t<\/div>\n\t\t\t\t<\/div>\n\t\t\t\t\t<\/div>\n\t\t\t\t<\/div>\n\t\t\t\t<\/div>\n\t\t","protected":false},"excerpt":{"rendered":"<p>Automatyczna myjnia w\u00f3zk\u00f3w farszu BW-40 i BW-80 marki Cleanetic The BW-40 and BW-80 automatic stuffing trolley washers are modern, fully automated industrial solutions designed to increase the efficiency of washing processes in food processing facilities. These machines address the growing demand for automation and standardization in production processes, while ensuring the highest levels of hygiene, [&hellip;]<\/p>\n","protected":false},"author":2,"featured_media":4586,"parent":4755,"menu_order":33,"comment_status":"closed","ping_status":"closed","template":"","meta":{"footnotes":""},"class_list":["post-4704","page","type-page","status-publish","has-post-thumbnail","hentry"],"yoast_head":"<!-- This site is optimized with the Yoast SEO Premium plugin v27.5 (Yoast SEO v27.5) - https:\/\/yoast.com\/product\/yoast-seo-premium-wordpress\/ -->\n<title>Automatic stuffing trolley washer BW-40, BW-80 - Cleanetic<\/title>\n<meta name=\"description\" content=\"The automatic stuffing trolley washer is a professional industrial solution providing high washing efficiency, safety, and reliability.\" \/>\n<meta name=\"robots\" content=\"index, follow, max-snippet:-1, max-image-preview:large, max-video-preview:-1\" \/>\n<link rel=\"canonical\" href=\"https:\/\/www.cleanetic.tech\/oferta-cleanetic\/myjki-wozkow-farszu\/automatyczna-myjnia-wozkow-farszu-bw-40-bw-80-2\/\" \/>\n<meta property=\"og:locale\" content=\"en_US\" \/>\n<meta property=\"og:type\" content=\"article\" \/>\n<meta property=\"og:title\" content=\"Automatic stuffing trolley washer BW-40, BW-80\" \/>\n<meta property=\"og:description\" content=\"The automatic stuffing trolley washer is a professional industrial solution providing high washing efficiency, safety, and reliability.\" \/>\n<meta property=\"og:url\" content=\"https:\/\/www.cleanetic.tech\/oferta-cleanetic\/myjki-wozkow-farszu\/automatyczna-myjnia-wozkow-farszu-bw-40-bw-80-2\/\" \/>\n<meta property=\"og:site_name\" content=\"Cleanetic\" \/>\n<meta property=\"article:modified_time\" content=\"2025-12-09T09:27:54+00:00\" \/>\n<meta property=\"og:image\" content=\"https:\/\/www.cleanetic.tech\/wp-content\/uploads\/2025\/05\/Automatyczna-myjnia-wozkow-farszu-BW-40-BW-80.png\" \/>\n\t<meta property=\"og:image:width\" content=\"427\" \/>\n\t<meta property=\"og:image:height\" content=\"427\" \/>\n\t<meta property=\"og:image:type\" content=\"image\/png\" \/>\n<meta name=\"twitter:card\" content=\"summary_large_image\" \/>\n<meta name=\"twitter:label1\" content=\"Est. reading time\" \/>\n\t<meta name=\"twitter:data1\" content=\"2 minutes\" \/>\n<script type=\"application\/ld+json\" class=\"yoast-schema-graph\">{\"@context\":\"https:\\\/\\\/schema.org\",\"@graph\":[{\"@type\":\"WebPage\",\"@id\":\"https:\\\/\\\/www.cleanetic.tech\\\/oferta-cleanetic\\\/myjki-wozkow-farszu\\\/automatyczna-myjnia-wozkow-farszu-bw-40-bw-80-2\\\/\",\"url\":\"https:\\\/\\\/www.cleanetic.tech\\\/oferta-cleanetic\\\/myjki-wozkow-farszu\\\/automatyczna-myjnia-wozkow-farszu-bw-40-bw-80-2\\\/\",\"name\":\"Automatic stuffing trolley washer BW-40, BW-80 - Cleanetic\",\"isPartOf\":{\"@id\":\"https:\\\/\\\/www.cleanetic.tech\\\/#website\"},\"primaryImageOfPage\":{\"@id\":\"https:\\\/\\\/www.cleanetic.tech\\\/oferta-cleanetic\\\/myjki-wozkow-farszu\\\/automatyczna-myjnia-wozkow-farszu-bw-40-bw-80-2\\\/#primaryimage\"},\"image\":{\"@id\":\"https:\\\/\\\/www.cleanetic.tech\\\/oferta-cleanetic\\\/myjki-wozkow-farszu\\\/automatyczna-myjnia-wozkow-farszu-bw-40-bw-80-2\\\/#primaryimage\"},\"thumbnailUrl\":\"https:\\\/\\\/www.cleanetic.tech\\\/wp-content\\\/uploads\\\/2025\\\/05\\\/Automatyczna-myjnia-wozkow-farszu-BW-40-BW-80.png\",\"datePublished\":\"2025-05-02T08:23:52+00:00\",\"dateModified\":\"2025-12-09T09:27:54+00:00\",\"description\":\"The automatic stuffing trolley washer is a professional industrial solution providing high washing efficiency, safety, and reliability.\",\"breadcrumb\":{\"@id\":\"https:\\\/\\\/www.cleanetic.tech\\\/oferta-cleanetic\\\/myjki-wozkow-farszu\\\/automatyczna-myjnia-wozkow-farszu-bw-40-bw-80-2\\\/#breadcrumb\"},\"inLanguage\":\"en-US\",\"potentialAction\":[{\"@type\":\"ReadAction\",\"target\":[\"https:\\\/\\\/www.cleanetic.tech\\\/oferta-cleanetic\\\/myjki-wozkow-farszu\\\/automatyczna-myjnia-wozkow-farszu-bw-40-bw-80-2\\\/\"]}]},{\"@type\":\"ImageObject\",\"inLanguage\":\"en-US\",\"@id\":\"https:\\\/\\\/www.cleanetic.tech\\\/oferta-cleanetic\\\/myjki-wozkow-farszu\\\/automatyczna-myjnia-wozkow-farszu-bw-40-bw-80-2\\\/#primaryimage\",\"url\":\"https:\\\/\\\/www.cleanetic.tech\\\/wp-content\\\/uploads\\\/2025\\\/05\\\/Automatyczna-myjnia-wozkow-farszu-BW-40-BW-80.png\",\"contentUrl\":\"https:\\\/\\\/www.cleanetic.tech\\\/wp-content\\\/uploads\\\/2025\\\/05\\\/Automatyczna-myjnia-wozkow-farszu-BW-40-BW-80.png\",\"width\":427,\"height\":427,\"caption\":\"Cleanetic \u2013 myjki pojemnik\u00f3w \u2013\"},{\"@type\":\"BreadcrumbList\",\"@id\":\"https:\\\/\\\/www.cleanetic.tech\\\/oferta-cleanetic\\\/myjki-wozkow-farszu\\\/automatyczna-myjnia-wozkow-farszu-bw-40-bw-80-2\\\/#breadcrumb\",\"itemListElement\":[{\"@type\":\"ListItem\",\"position\":1,\"name\":\"Strona g\u0142\u00f3wna\",\"item\":\"https:\\\/\\\/www.cleanetic.tech\\\/en\\\/\"},{\"@type\":\"ListItem\",\"position\":2,\"name\":\"Offer\",\"item\":\"https:\\\/\\\/www.cleanetic.tech\\\/en\\\/offer\\\/\"},{\"@type\":\"ListItem\",\"position\":3,\"name\":\"Stuffing Trolley Washers\",\"item\":\"https:\\\/\\\/www.cleanetic.tech\\\/en\\\/offer\\\/stuffing-trolley-washers\\\/\"},{\"@type\":\"ListItem\",\"position\":4,\"name\":\"Automatic stuffing trolley washer BW-40, BW-80\"}]},{\"@type\":\"WebSite\",\"@id\":\"https:\\\/\\\/www.cleanetic.tech\\\/#website\",\"url\":\"https:\\\/\\\/www.cleanetic.tech\\\/\",\"name\":\"Cleanetic\",\"description\":\"Marka maszyn myj\u0105cych nale\u017c\u0105ca do grupy NOWICKI. Seria przemys\u0142owych system&oacute;w myj\u0105cych jest produkowana w nowoczesnym zak\u0142adzie produkcyjnym w Tomaszowie Mazowieckim.\",\"publisher\":{\"@id\":\"https:\\\/\\\/www.cleanetic.tech\\\/#organization\"},\"potentialAction\":[{\"@type\":\"SearchAction\",\"target\":{\"@type\":\"EntryPoint\",\"urlTemplate\":\"https:\\\/\\\/www.cleanetic.tech\\\/?s={search_term_string}\"},\"query-input\":{\"@type\":\"PropertyValueSpecification\",\"valueRequired\":true,\"valueName\":\"search_term_string\"}}],\"inLanguage\":\"en-US\"},{\"@type\":\"Organization\",\"@id\":\"https:\\\/\\\/www.cleanetic.tech\\\/#organization\",\"name\":\"Cleanetic\",\"url\":\"https:\\\/\\\/www.cleanetic.tech\\\/\",\"logo\":{\"@type\":\"ImageObject\",\"inLanguage\":\"en-US\",\"@id\":\"https:\\\/\\\/www.cleanetic.tech\\\/#\\\/schema\\\/logo\\\/image\\\/\",\"url\":\"https:\\\/\\\/www.cleanetic.tech\\\/wp-content\\\/uploads\\\/2025\\\/04\\\/cleanetic-logo.webp\",\"contentUrl\":\"https:\\\/\\\/www.cleanetic.tech\\\/wp-content\\\/uploads\\\/2025\\\/04\\\/cleanetic-logo.webp\",\"width\":973,\"height\":272,\"caption\":\"Cleanetic\"},\"image\":{\"@id\":\"https:\\\/\\\/www.cleanetic.tech\\\/#\\\/schema\\\/logo\\\/image\\\/\"}}]}<\/script>\n<!-- \/ Yoast SEO Premium plugin. -->","yoast_head_json":{"title":"Automatic stuffing trolley washer BW-40, BW-80 - Cleanetic","description":"The automatic stuffing trolley washer is a professional industrial solution providing high washing efficiency, safety, and reliability.","robots":{"index":"index","follow":"follow","max-snippet":"max-snippet:-1","max-image-preview":"max-image-preview:large","max-video-preview":"max-video-preview:-1"},"canonical":"https:\/\/www.cleanetic.tech\/oferta-cleanetic\/myjki-wozkow-farszu\/automatyczna-myjnia-wozkow-farszu-bw-40-bw-80-2\/","og_locale":"en_US","og_type":"article","og_title":"Automatic stuffing trolley washer BW-40, BW-80","og_description":"The automatic stuffing trolley washer is a professional industrial solution providing high washing efficiency, safety, and reliability.","og_url":"https:\/\/www.cleanetic.tech\/oferta-cleanetic\/myjki-wozkow-farszu\/automatyczna-myjnia-wozkow-farszu-bw-40-bw-80-2\/","og_site_name":"Cleanetic","article_modified_time":"2025-12-09T09:27:54+00:00","og_image":[{"width":427,"height":427,"url":"https:\/\/www.cleanetic.tech\/wp-content\/uploads\/2025\/05\/Automatyczna-myjnia-wozkow-farszu-BW-40-BW-80.png","type":"image\/png"}],"twitter_card":"summary_large_image","twitter_misc":{"Est. reading time":"2 minutes"},"schema":{"@context":"https:\/\/schema.org","@graph":[{"@type":"WebPage","@id":"https:\/\/www.cleanetic.tech\/oferta-cleanetic\/myjki-wozkow-farszu\/automatyczna-myjnia-wozkow-farszu-bw-40-bw-80-2\/","url":"https:\/\/www.cleanetic.tech\/oferta-cleanetic\/myjki-wozkow-farszu\/automatyczna-myjnia-wozkow-farszu-bw-40-bw-80-2\/","name":"Automatic stuffing trolley washer BW-40, BW-80 - Cleanetic","isPartOf":{"@id":"https:\/\/www.cleanetic.tech\/#website"},"primaryImageOfPage":{"@id":"https:\/\/www.cleanetic.tech\/oferta-cleanetic\/myjki-wozkow-farszu\/automatyczna-myjnia-wozkow-farszu-bw-40-bw-80-2\/#primaryimage"},"image":{"@id":"https:\/\/www.cleanetic.tech\/oferta-cleanetic\/myjki-wozkow-farszu\/automatyczna-myjnia-wozkow-farszu-bw-40-bw-80-2\/#primaryimage"},"thumbnailUrl":"https:\/\/www.cleanetic.tech\/wp-content\/uploads\/2025\/05\/Automatyczna-myjnia-wozkow-farszu-BW-40-BW-80.png","datePublished":"2025-05-02T08:23:52+00:00","dateModified":"2025-12-09T09:27:54+00:00","description":"The automatic stuffing trolley washer is a professional industrial solution providing high washing efficiency, safety, and reliability.","breadcrumb":{"@id":"https:\/\/www.cleanetic.tech\/oferta-cleanetic\/myjki-wozkow-farszu\/automatyczna-myjnia-wozkow-farszu-bw-40-bw-80-2\/#breadcrumb"},"inLanguage":"en-US","potentialAction":[{"@type":"ReadAction","target":["https:\/\/www.cleanetic.tech\/oferta-cleanetic\/myjki-wozkow-farszu\/automatyczna-myjnia-wozkow-farszu-bw-40-bw-80-2\/"]}]},{"@type":"ImageObject","inLanguage":"en-US","@id":"https:\/\/www.cleanetic.tech\/oferta-cleanetic\/myjki-wozkow-farszu\/automatyczna-myjnia-wozkow-farszu-bw-40-bw-80-2\/#primaryimage","url":"https:\/\/www.cleanetic.tech\/wp-content\/uploads\/2025\/05\/Automatyczna-myjnia-wozkow-farszu-BW-40-BW-80.png","contentUrl":"https:\/\/www.cleanetic.tech\/wp-content\/uploads\/2025\/05\/Automatyczna-myjnia-wozkow-farszu-BW-40-BW-80.png","width":427,"height":427,"caption":"Cleanetic \u2013 myjki pojemnik\u00f3w \u2013"},{"@type":"BreadcrumbList","@id":"https:\/\/www.cleanetic.tech\/oferta-cleanetic\/myjki-wozkow-farszu\/automatyczna-myjnia-wozkow-farszu-bw-40-bw-80-2\/#breadcrumb","itemListElement":[{"@type":"ListItem","position":1,"name":"Strona g\u0142\u00f3wna","item":"https:\/\/www.cleanetic.tech\/en\/"},{"@type":"ListItem","position":2,"name":"Offer","item":"https:\/\/www.cleanetic.tech\/en\/offer\/"},{"@type":"ListItem","position":3,"name":"Stuffing Trolley Washers","item":"https:\/\/www.cleanetic.tech\/en\/offer\/stuffing-trolley-washers\/"},{"@type":"ListItem","position":4,"name":"Automatic stuffing trolley washer BW-40, BW-80"}]},{"@type":"WebSite","@id":"https:\/\/www.cleanetic.tech\/#website","url":"https:\/\/www.cleanetic.tech\/","name":"Cleanetic","description":"Marka maszyn myj\u0105cych nale\u017c\u0105ca do grupy NOWICKI. Seria przemys\u0142owych system&oacute;w myj\u0105cych jest produkowana w nowoczesnym zak\u0142adzie produkcyjnym w Tomaszowie Mazowieckim.","publisher":{"@id":"https:\/\/www.cleanetic.tech\/#organization"},"potentialAction":[{"@type":"SearchAction","target":{"@type":"EntryPoint","urlTemplate":"https:\/\/www.cleanetic.tech\/?s={search_term_string}"},"query-input":{"@type":"PropertyValueSpecification","valueRequired":true,"valueName":"search_term_string"}}],"inLanguage":"en-US"},{"@type":"Organization","@id":"https:\/\/www.cleanetic.tech\/#organization","name":"Cleanetic","url":"https:\/\/www.cleanetic.tech\/","logo":{"@type":"ImageObject","inLanguage":"en-US","@id":"https:\/\/www.cleanetic.tech\/#\/schema\/logo\/image\/","url":"https:\/\/www.cleanetic.tech\/wp-content\/uploads\/2025\/04\/cleanetic-logo.webp","contentUrl":"https:\/\/www.cleanetic.tech\/wp-content\/uploads\/2025\/04\/cleanetic-logo.webp","width":973,"height":272,"caption":"Cleanetic"},"image":{"@id":"https:\/\/www.cleanetic.tech\/#\/schema\/logo\/image\/"}}]}},"_links":{"self":[{"href":"https:\/\/www.cleanetic.tech\/en\/wp-json\/wp\/v2\/pages\/4704","targetHints":{"allow":["GET"]}}],"collection":[{"href":"https:\/\/www.cleanetic.tech\/en\/wp-json\/wp\/v2\/pages"}],"about":[{"href":"https:\/\/www.cleanetic.tech\/en\/wp-json\/wp\/v2\/types\/page"}],"author":[{"embeddable":true,"href":"https:\/\/www.cleanetic.tech\/en\/wp-json\/wp\/v2\/users\/2"}],"replies":[{"embeddable":true,"href":"https:\/\/www.cleanetic.tech\/en\/wp-json\/wp\/v2\/comments?post=4704"}],"version-history":[{"count":7,"href":"https:\/\/www.cleanetic.tech\/en\/wp-json\/wp\/v2\/pages\/4704\/revisions"}],"predecessor-version":[{"id":7334,"href":"https:\/\/www.cleanetic.tech\/en\/wp-json\/wp\/v2\/pages\/4704\/revisions\/7334"}],"up":[{"embeddable":true,"href":"https:\/\/www.cleanetic.tech\/en\/wp-json\/wp\/v2\/pages\/4755"}],"wp:featuredmedia":[{"embeddable":true,"href":"https:\/\/www.cleanetic.tech\/en\/wp-json\/wp\/v2\/media\/4586"}],"wp:attachment":[{"href":"https:\/\/www.cleanetic.tech\/en\/wp-json\/wp\/v2\/media?parent=4704"}],"curies":[{"name":"wp","href":"https:\/\/api.w.org\/{rel}","templated":true}]}}